{"id":138,"date":"2021-05-23T16:53:12","date_gmt":"2021-05-23T15:53:12","guid":{"rendered":"https:\/\/www.naxonet.eu\/?page_id=138"},"modified":"2021-10-10T09:04:39","modified_gmt":"2021-10-10T07:04:39","slug":"our-services","status":"publish","type":"page","link":"https:\/\/www.naxonet.eu\/en\/our-services\/","title":{"rendered":"Our services"},"content":{"rendered":"\t\t<div data-elementor-type=\"wp-page\" data-elementor-id=\"138\" class=\"elementor elementor-138\" data-elementor-post-type=\"page\">\n\t\t\t\t\t\t<section class=\"elementor-section elementor-top-section elementor-element elementor-element-bc061ab elementor-section-boxed elementor-section-height-default elementor-section-height-default\" data-id=\"bc061ab\" data-element_type=\"section\" data-settings=\"{&quot;ekit_has_onepagescroll_dot&quot;:&quot;yes&quot;}\">\n\t\t\t\t\t\t<div class=\"elementor-container elementor-column-gap-default\">\n\t\t\t\t\t<div class=\"elementor-column elementor-col-100 elementor-top-column elementor-element elementor-element-298842c\" data-id=\"298842c\" data-element_type=\"column\">\n\t\t\t<div class=\"elementor-widget-wrap elementor-element-populated\">\n\t\t\t\t\t\t<div class=\"elementor-element elementor-element-4ba1b70 elementor-widget elementor-widget-text-editor\" data-id=\"4ba1b70\" data-element_type=\"widget\" data-settings=\"{&quot;ekit_we_effect_on&quot;:&quot;none&quot;}\" data-widget_type=\"text-editor.default\">\n\t\t\t\t<div class=\"elementor-widget-container\">\n\t\t\t\t\t\t\t\t\tWe offer the following services primarily to our customers, but individual solutions are also available on request:\t\t\t\t\t\t\t\t<\/div>\n\t\t\t\t<\/div>\n\t\t\t\t\t<\/div>\n\t\t<\/div>\n\t\t\t\t\t<\/div>\n\t\t<\/section>\n\t\t\t\t<section class=\"elementor-section elementor-top-section elementor-element elementor-element-2ced57e elementor-section-boxed elementor-section-height-default elementor-section-height-default\" data-id=\"2ced57e\" data-element_type=\"section\" data-settings=\"{&quot;ekit_has_onepagescroll_dot&quot;:&quot;yes&quot;}\">\n\t\t\t\t\t\t<div class=\"elementor-container elementor-column-gap-default\">\n\t\t\t\t\t<div class=\"elementor-column elementor-col-100 elementor-top-column elementor-element elementor-element-b5c048b\" data-id=\"b5c048b\" data-element_type=\"column\" data-settings=\"{&quot;background_background&quot;:&quot;gradient&quot;}\">\n\t\t\t<div class=\"elementor-widget-wrap elementor-element-populated\">\n\t\t\t\t\t\t<div class=\"elementor-element elementor-element-81cc74c elementor-widget elementor-widget-accordion\" data-id=\"81cc74c\" data-element_type=\"widget\" data-settings=\"{&quot;ekit_we_effect_on&quot;:&quot;none&quot;}\" data-widget_type=\"accordion.default\">\n\t\t\t\t<div class=\"elementor-widget-container\">\n\t\t\t\t\t\t\t<div class=\"elementor-accordion\">\n\t\t\t\t\t\t\t<div class=\"elementor-accordion-item\">\n\t\t\t\t\t<div id=\"elementor-tab-title-1361\" class=\"elementor-tab-title\" data-tab=\"1\" role=\"button\" aria-controls=\"elementor-tab-content-1361\" aria-expanded=\"false\">\n\t\t\t\t\t\t\t\t\t\t\t\t\t<span class=\"elementor-accordion-icon elementor-accordion-icon-left\" aria-hidden=\"true\">\n\t\t\t\t\t\t\t\t\t\t\t\t\t\t\t<span class=\"elementor-accordion-icon-closed\"><i class=\"fas fa-plus\"><\/i><\/span>\n\t\t\t\t\t\t\t\t<span class=\"elementor-accordion-icon-opened\"><i class=\"fas fa-minus\"><\/i><\/span>\n\t\t\t\t\t\t\t\t\t\t\t\t\t\t<\/span>\n\t\t\t\t\t\t\t\t\t\t\t\t<a class=\"elementor-accordion-title\" tabindex=\"0\">Domain administration<\/a>\n\t\t\t\t\t<\/div>\n\t\t\t\t\t<div id=\"elementor-tab-content-1361\" class=\"elementor-tab-content elementor-clearfix\" data-tab=\"1\" role=\"region\" aria-labelledby=\"elementor-tab-title-1361\"><p>We handle all aspects of domain administration, whether it&#8217;s registration, transfer, change of ownership or annual maintenance. In addition to our domain service, we provide a free multi-country DNS service.<\/p><p><a href=\"https:\/\/www.naxonet.eu\/en\/our-services\/domain-administration\/\">[more]<\/a><\/p><\/div>\n\t\t\t\t<\/div>\n\t\t\t\t\t\t\t<div class=\"elementor-accordion-item\">\n\t\t\t\t\t<div id=\"elementor-tab-title-1362\" class=\"elementor-tab-title\" data-tab=\"2\" role=\"button\" aria-controls=\"elementor-tab-content-1362\" aria-expanded=\"false\">\n\t\t\t\t\t\t\t\t\t\t\t\t\t<span class=\"elementor-accordion-icon elementor-accordion-icon-left\" aria-hidden=\"true\">\n\t\t\t\t\t\t\t\t\t\t\t\t\t\t\t<span class=\"elementor-accordion-icon-closed\"><i class=\"fas fa-plus\"><\/i><\/span>\n\t\t\t\t\t\t\t\t<span class=\"elementor-accordion-icon-opened\"><i class=\"fas fa-minus\"><\/i><\/span>\n\t\t\t\t\t\t\t\t\t\t\t\t\t\t<\/span>\n\t\t\t\t\t\t\t\t\t\t\t\t<a class=\"elementor-accordion-title\" tabindex=\"0\">Hosting plans (dns, web, email, ftp, etc.)<\/a>\n\t\t\t\t\t<\/div>\n\t\t\t\t\t<div id=\"elementor-tab-content-1362\" class=\"elementor-tab-content elementor-clearfix\" data-tab=\"2\" role=\"region\" aria-labelledby=\"elementor-tab-title-1362\"><p>Our hosting packages can be split between different services as you wish, but you can also choose to use the entire hosting package for just one service.<\/p><p><a href=\"https:\/\/www.naxonet.eu\/en\/our-services\/hosting-plans\/\">[more]<\/a><\/p><\/div>\n\t\t\t\t<\/div>\n\t\t\t\t\t\t\t<div class=\"elementor-accordion-item\">\n\t\t\t\t\t<div id=\"elementor-tab-title-1363\" class=\"elementor-tab-title\" data-tab=\"3\" role=\"button\" aria-controls=\"elementor-tab-content-1363\" aria-expanded=\"false\">\n\t\t\t\t\t\t\t\t\t\t\t\t\t<span class=\"elementor-accordion-icon elementor-accordion-icon-left\" aria-hidden=\"true\">\n\t\t\t\t\t\t\t\t\t\t\t\t\t\t\t<span class=\"elementor-accordion-icon-closed\"><i class=\"fas fa-plus\"><\/i><\/span>\n\t\t\t\t\t\t\t\t<span class=\"elementor-accordion-icon-opened\"><i class=\"fas fa-minus\"><\/i><\/span>\n\t\t\t\t\t\t\t\t\t\t\t\t\t\t<\/span>\n\t\t\t\t\t\t\t\t\t\t\t\t<a class=\"elementor-accordion-title\" tabindex=\"0\">Virtual Server (VPS)<\/a>\n\t\t\t\t\t<\/div>\n\t\t\t\t\t<div id=\"elementor-tab-content-1363\" class=\"elementor-tab-content elementor-clearfix\" data-tab=\"3\" role=\"region\" aria-labelledby=\"elementor-tab-title-1363\"><p>To build and operate your own system, we offer our Virtual Server (VPS) service instead of using a physical machine. We also cater for individual needs. It is increasingly important to keep systems up-to-date and secure, so we offer <a href=\"https:\/\/www.naxonet.eu\/en\/our-services\/system-administrator\/\">System Administrator (Sysadmin)<\/a> service alongside our <a href=\"https:\/\/www.naxonet.eu\/en\/our-services\/virtual-server\/\">Virtual Server (VPS)<\/a> one.<\/p><p><a href=\"https:\/\/www.naxonet.eu\/en\/our-services\/virtual-server\/\">[more]<\/a><\/p><\/div>\n\t\t\t\t<\/div>\n\t\t\t\t\t\t\t<div class=\"elementor-accordion-item\">\n\t\t\t\t\t<div id=\"elementor-tab-title-1364\" class=\"elementor-tab-title\" data-tab=\"4\" role=\"button\" aria-controls=\"elementor-tab-content-1364\" aria-expanded=\"false\">\n\t\t\t\t\t\t\t\t\t\t\t\t\t<span class=\"elementor-accordion-icon elementor-accordion-icon-left\" aria-hidden=\"true\">\n\t\t\t\t\t\t\t\t\t\t\t\t\t\t\t<span class=\"elementor-accordion-icon-closed\"><i class=\"fas fa-plus\"><\/i><\/span>\n\t\t\t\t\t\t\t\t<span class=\"elementor-accordion-icon-opened\"><i class=\"fas fa-minus\"><\/i><\/span>\n\t\t\t\t\t\t\t\t\t\t\t\t\t\t<\/span>\n\t\t\t\t\t\t\t\t\t\t\t\t<a class=\"elementor-accordion-title\" tabindex=\"0\">System Administrator (sysadmin)<\/a>\n\t\t\t\t\t<\/div>\n\t\t\t\t\t<div id=\"elementor-tab-content-1364\" class=\"elementor-tab-content elementor-clearfix\" data-tab=\"4\" role=\"region\" aria-labelledby=\"elementor-tab-title-1364\"><p>As our <a href=\"https:\/\/www.naxonet.eu\/en\/our-services\/system-administrator\/\">System Administrator (Sysadmin)<\/a> service, we undertake the maintenance and operation of <a href=\"https:\/\/www.naxonet.eu\/en\/our-services\/virtual-server\/\">Virtual Server (VPS)<\/a> or physical machines rented from us or elsewhere, whether in a server centre or in the office. Moreover the machines maintained are monitored continuously (365\/24\/7) with SMS alerts.<\/p><p><a href=\"https:\/\/www.naxonet.eu\/en\/our-services\/system-administrator\/\">[more]<\/a><\/p><\/div>\n\t\t\t\t<\/div>\n\t\t\t\t\t\t\t<div class=\"elementor-accordion-item\">\n\t\t\t\t\t<div id=\"elementor-tab-title-1365\" class=\"elementor-tab-title\" data-tab=\"5\" role=\"button\" aria-controls=\"elementor-tab-content-1365\" aria-expanded=\"false\">\n\t\t\t\t\t\t\t\t\t\t\t\t\t<span class=\"elementor-accordion-icon elementor-accordion-icon-left\" aria-hidden=\"true\">\n\t\t\t\t\t\t\t\t\t\t\t\t\t\t\t<span class=\"elementor-accordion-icon-closed\"><i class=\"fas fa-plus\"><\/i><\/span>\n\t\t\t\t\t\t\t\t<span class=\"elementor-accordion-icon-opened\"><i class=\"fas fa-minus\"><\/i><\/span>\n\t\t\t\t\t\t\t\t\t\t\t\t\t\t<\/span>\n\t\t\t\t\t\t\t\t\t\t\t\t<a class=\"elementor-accordion-title\" tabindex=\"0\">Data backup<\/a>\n\t\t\t\t\t<\/div>\n\t\t\t\t\t<div id=\"elementor-tab-content-1365\" class=\"elementor-tab-content elementor-clearfix\" data-tab=\"5\" role=\"region\" aria-labelledby=\"elementor-tab-title-1365\"><p>As part of this service, we undertake to back up <a href=\"https:\/\/www.naxonet.eu\/en\/our-services\/virtual-server\/\">Virtual Server (VPS)<\/a> and\/or physical servers, whether they are in a server center, office or home. Basically, the backup system connects to the target device(s), but it is possible to change the direction of the data stream, i.e. the device(s) send the data to the backup storage. It is worth of knowing all backups are stored on an encrypted file system.<\/p><p><a href=\"https:\/\/www.naxonet.eu\/en\/our-services\/data-backup\/\">[more]<\/a><\/p><\/div>\n\t\t\t\t<\/div>\n\t\t\t\t\t\t\t<div class=\"elementor-accordion-item\">\n\t\t\t\t\t<div id=\"elementor-tab-title-1366\" class=\"elementor-tab-title\" data-tab=\"6\" role=\"button\" aria-controls=\"elementor-tab-content-1366\" aria-expanded=\"false\">\n\t\t\t\t\t\t\t\t\t\t\t\t\t<span class=\"elementor-accordion-icon elementor-accordion-icon-left\" aria-hidden=\"true\">\n\t\t\t\t\t\t\t\t\t\t\t\t\t\t\t<span class=\"elementor-accordion-icon-closed\"><i class=\"fas fa-plus\"><\/i><\/span>\n\t\t\t\t\t\t\t\t<span class=\"elementor-accordion-icon-opened\"><i class=\"fas fa-minus\"><\/i><\/span>\n\t\t\t\t\t\t\t\t\t\t\t\t\t\t<\/span>\n\t\t\t\t\t\t\t\t\t\t\t\t<a class=\"elementor-accordion-title\" tabindex=\"0\">Stormshield (SNS, SES, SDS) <\/a>\n\t\t\t\t\t<\/div>\n\t\t\t\t\t<div id=\"elementor-tab-content-1366\" class=\"elementor-tab-content elementor-clearfix\" data-tab=\"6\" role=\"region\" aria-labelledby=\"elementor-tab-title-1366\"><p><a href=\"https:\/\/www.stormshield.ie\/\" target=\"_blank\" rel=\"noopener\">Stormshield firewalls<\/a> \u2013 with 100% European background and ownership &#8211; are uniquely certificated in the UTM market and independent of government partnerships and backdoor threats that affect the reputation of many manufacturers. <strong>Stormshield Network Security<\/strong> is the only UTM firewall solution that meets European Union standards for handling confidential data.<\/p><p>As a <strong>Stormshield Certified Gold Partner<\/strong>, we sell as a reseller or lease the desired type of Stormshield device under a service contract, but we also undertake the operation of the device if required.<\/p><p><a href=\"https:\/\/www.naxonet.eu\/en\/our-services\/stormshield\/\">[more]<\/a><\/p><\/div>\n\t\t\t\t<\/div>\n\t\t\t\t\t\t\t\t<\/div>\n\t\t\t\t\t\t<\/div>\n\t\t\t\t<\/div>\n\t\t\t\t\t<\/div>\n\t\t<\/div>\n\t\t\t\t\t<\/div>\n\t\t<\/section>\n\t\t\t\t<\/div>\n\t\t","protected":false},"excerpt":{"rendered":"<p>We offer the following services primarily to our customers, but individual solutions are also available on request: Domain administration We handle all aspects of domain administration, whether it&#8217;s registration, transfer, change of ownership or annual maintenance. In addition to our domain service, we provide a free multi-country DNS service. [more] Hosting plans (dns, web, email, &#8230; <a title=\"Our services\" class=\"read-more\" href=\"https:\/\/www.naxonet.eu\/en\/our-services\/\" aria-label=\"Read more about Our services\">Read more<\/a><\/p>\n","protected":false},"author":1,"featured_media":0,"parent":0,"menu_order":3,"comment_status":"closed","ping_status":"closed","template":"","meta":{"footnotes":""},"class_list":["post-138","page","type-page","status-publish"],"yoast_head":"<!-- This site is optimized with the Yoast SEO plugin v24.6 - https:\/\/yoast.com\/wordpress\/plugins\/seo\/ -->\n<title>Our services - NaxoNet EU - It. Solution.<\/title>\n<meta name=\"description\" content=\"Szolg\u00e1ltat\u00e1saink sz\u00e9les sk\u00e1lon mozognak! T\u00f6bbek k\u00f6z\u00f6tt domain, VPS, rendszergazdai, h\u00e1l\u00f3zatbiztons\u00e1g-technikai \u00e9s hosting szolg\u00e1ltat\u00e1sok.\" \/>\n<meta name=\"robots\" content=\"index, follow, max-snippet:-1, max-image-preview:large, max-video-preview:-1\" \/>\n<link rel=\"canonical\" href=\"https:\/\/www.naxonet.eu\/en\/our-services\/\" \/>\n<meta property=\"og:locale\" content=\"en_GB\" \/>\n<meta property=\"og:type\" content=\"article\" \/>\n<meta property=\"og:title\" content=\"Our services - NaxoNet EU - It. Solution.\" \/>\n<meta property=\"og:description\" content=\"Szolg\u00e1ltat\u00e1saink sz\u00e9les sk\u00e1lon mozognak! T\u00f6bbek k\u00f6z\u00f6tt domain, VPS, rendszergazdai, h\u00e1l\u00f3zatbiztons\u00e1g-technikai \u00e9s hosting szolg\u00e1ltat\u00e1sok.\" \/>\n<meta property=\"og:url\" content=\"https:\/\/www.naxonet.eu\/en\/our-services\/\" \/>\n<meta property=\"og:site_name\" content=\"NaxoNet EU\" \/>\n<meta property=\"article:modified_time\" content=\"2021-10-10T07:04:39+00:00\" \/>\n<meta name=\"twitter:card\" content=\"summary_large_image\" \/>\n<meta name=\"twitter:label1\" content=\"Estimated reading time\" \/>\n\t<meta name=\"twitter:data1\" content=\"2 minutes\" \/>\n<script type=\"application\/ld+json\" class=\"yoast-schema-graph\">{\"@context\":\"https:\/\/schema.org\",\"@graph\":[{\"@type\":\"WebPage\",\"@id\":\"https:\/\/www.naxonet.eu\/en\/our-services\/\",\"url\":\"https:\/\/www.naxonet.eu\/en\/our-services\/\",\"name\":\"Our services - NaxoNet EU - It. Solution.\",\"isPartOf\":{\"@id\":\"https:\/\/www.naxonet.eu\/en\/#website\"},\"datePublished\":\"2021-05-23T15:53:12+00:00\",\"dateModified\":\"2021-10-10T07:04:39+00:00\",\"description\":\"Szolg\u00e1ltat\u00e1saink sz\u00e9les sk\u00e1lon mozognak! T\u00f6bbek k\u00f6z\u00f6tt domain, VPS, rendszergazdai, h\u00e1l\u00f3zatbiztons\u00e1g-technikai \u00e9s hosting szolg\u00e1ltat\u00e1sok.\",\"breadcrumb\":{\"@id\":\"https:\/\/www.naxonet.eu\/en\/our-services\/#breadcrumb\"},\"inLanguage\":\"en-GB\",\"potentialAction\":[{\"@type\":\"ReadAction\",\"target\":[\"https:\/\/www.naxonet.eu\/en\/our-services\/\"]}]},{\"@type\":\"BreadcrumbList\",\"@id\":\"https:\/\/www.naxonet.eu\/en\/our-services\/#breadcrumb\",\"itemListElement\":[{\"@type\":\"ListItem\",\"position\":1,\"name\":\"Home\",\"item\":\"https:\/\/www.naxonet.eu\/en\/\"},{\"@type\":\"ListItem\",\"position\":2,\"name\":\"Our services\"}]},{\"@type\":\"WebSite\",\"@id\":\"https:\/\/www.naxonet.eu\/en\/#website\",\"url\":\"https:\/\/www.naxonet.eu\/en\/\",\"name\":\"NaxoNet EU\",\"description\":\"It. Solution.\",\"potentialAction\":[{\"@type\":\"SearchAction\",\"target\":{\"@type\":\"EntryPoint\",\"urlTemplate\":\"https:\/\/www.naxonet.eu\/en\/?s={search_term_string}\"},\"query-input\":{\"@type\":\"PropertyValueSpecification\",\"valueRequired\":true,\"valueName\":\"search_term_string\"}}],\"inLanguage\":\"en-GB\"}]}<\/script>\n<!-- \/ Yoast SEO plugin. -->","yoast_head_json":{"title":"Our services - NaxoNet EU - It. Solution.","description":"Szolg\u00e1ltat\u00e1saink sz\u00e9les sk\u00e1lon mozognak! T\u00f6bbek k\u00f6z\u00f6tt domain, VPS, rendszergazdai, h\u00e1l\u00f3zatbiztons\u00e1g-technikai \u00e9s hosting szolg\u00e1ltat\u00e1sok.","robots":{"index":"index","follow":"follow","max-snippet":"max-snippet:-1","max-image-preview":"max-image-preview:large","max-video-preview":"max-video-preview:-1"},"canonical":"https:\/\/www.naxonet.eu\/en\/our-services\/","og_locale":"en_GB","og_type":"article","og_title":"Our services - NaxoNet EU - It. Solution.","og_description":"Szolg\u00e1ltat\u00e1saink sz\u00e9les sk\u00e1lon mozognak! T\u00f6bbek k\u00f6z\u00f6tt domain, VPS, rendszergazdai, h\u00e1l\u00f3zatbiztons\u00e1g-technikai \u00e9s hosting szolg\u00e1ltat\u00e1sok.","og_url":"https:\/\/www.naxonet.eu\/en\/our-services\/","og_site_name":"NaxoNet EU","article_modified_time":"2021-10-10T07:04:39+00:00","twitter_card":"summary_large_image","twitter_misc":{"Estimated reading time":"2 minutes"},"schema":{"@context":"https:\/\/schema.org","@graph":[{"@type":"WebPage","@id":"https:\/\/www.naxonet.eu\/en\/our-services\/","url":"https:\/\/www.naxonet.eu\/en\/our-services\/","name":"Our services - NaxoNet EU - It. Solution.","isPartOf":{"@id":"https:\/\/www.naxonet.eu\/en\/#website"},"datePublished":"2021-05-23T15:53:12+00:00","dateModified":"2021-10-10T07:04:39+00:00","description":"Szolg\u00e1ltat\u00e1saink sz\u00e9les sk\u00e1lon mozognak! T\u00f6bbek k\u00f6z\u00f6tt domain, VPS, rendszergazdai, h\u00e1l\u00f3zatbiztons\u00e1g-technikai \u00e9s hosting szolg\u00e1ltat\u00e1sok.","breadcrumb":{"@id":"https:\/\/www.naxonet.eu\/en\/our-services\/#breadcrumb"},"inLanguage":"en-GB","potentialAction":[{"@type":"ReadAction","target":["https:\/\/www.naxonet.eu\/en\/our-services\/"]}]},{"@type":"BreadcrumbList","@id":"https:\/\/www.naxonet.eu\/en\/our-services\/#breadcrumb","itemListElement":[{"@type":"ListItem","position":1,"name":"Home","item":"https:\/\/www.naxonet.eu\/en\/"},{"@type":"ListItem","position":2,"name":"Our services"}]},{"@type":"WebSite","@id":"https:\/\/www.naxonet.eu\/en\/#website","url":"https:\/\/www.naxonet.eu\/en\/","name":"NaxoNet EU","description":"It. Solution.","potentialAction":[{"@type":"SearchAction","target":{"@type":"EntryPoint","urlTemplate":"https:\/\/www.naxonet.eu\/en\/?s={search_term_string}"},"query-input":{"@type":"PropertyValueSpecification","valueRequired":true,"valueName":"search_term_string"}}],"inLanguage":"en-GB"}]}},"_links":{"self":[{"href":"https:\/\/www.naxonet.eu\/en\/wp-json\/wp\/v2\/pages\/138"}],"collection":[{"href":"https:\/\/www.naxonet.eu\/en\/wp-json\/wp\/v2\/pages"}],"about":[{"href":"https:\/\/www.naxonet.eu\/en\/wp-json\/wp\/v2\/types\/page"}],"author":[{"embeddable":true,"href":"https:\/\/www.naxonet.eu\/en\/wp-json\/wp\/v2\/users\/1"}],"replies":[{"embeddable":true,"href":"https:\/\/www.naxonet.eu\/en\/wp-json\/wp\/v2\/comments?post=138"}],"version-history":[{"count":68,"href":"https:\/\/www.naxonet.eu\/en\/wp-json\/wp\/v2\/pages\/138\/revisions"}],"predecessor-version":[{"id":1338,"href":"https:\/\/www.naxonet.eu\/en\/wp-json\/wp\/v2\/pages\/138\/revisions\/1338"}],"wp:attachment":[{"href":"https:\/\/www.naxonet.eu\/en\/wp-json\/wp\/v2\/media?parent=138"}],"curies":[{"name":"wp","href":"https:\/\/api.w.org\/{rel}","templated":true}]}}