{"id":570,"date":"2020-02-08T18:56:52","date_gmt":"2020-02-08T18:56:52","guid":{"rendered":"https:\/\/www.naxonet.eu\/?page_id=2"},"modified":"2021-07-17T16:05:30","modified_gmt":"2021-07-17T15:05:30","slug":"who-we-are","status":"publish","type":"page","link":"https:\/\/www.naxonet.eu\/en\/about-us\/who-we-are\/","title":{"rendered":"Who We are"},"content":{"rendered":"\t\t<div data-elementor-type=\"wp-page\" data-elementor-id=\"570\" class=\"elementor elementor-570\" data-elementor-post-type=\"page\">\n\t\t\t\t\t\t<section class=\"elementor-section elementor-top-section elementor-element elementor-element-b1bafc1 elementor-section-boxed elementor-section-height-default elementor-section-height-default\" data-id=\"b1bafc1\" data-element_type=\"section\" data-settings=\"{&quot;ekit_has_onepagescroll_dot&quot;:&quot;yes&quot;}\">\n\t\t\t\t\t\t<div class=\"elementor-container elementor-column-gap-default\">\n\t\t\t\t\t<div class=\"elementor-column elementor-col-100 elementor-top-column elementor-element elementor-element-4c7649b\" data-id=\"4c7649b\" data-element_type=\"column\">\n\t\t\t<div class=\"elementor-widget-wrap elementor-element-populated\">\n\t\t\t\t\t\t<div class=\"elementor-element elementor-element-faeb898 elementor-widget elementor-widget-heading\" data-id=\"faeb898\" data-element_type=\"widget\" data-settings=\"{&quot;ekit_we_effect_on&quot;:&quot;none&quot;}\" data-widget_type=\"heading.default\">\n\t\t\t\t<div class=\"elementor-widget-container\">\n\t\t\t\t\t<h1 class=\"elementor-heading-title elementor-size-default\">Who We Are in nutshell...<\/h1>\t\t\t\t<\/div>\n\t\t\t\t<\/div>\n\t\t\t\t\t<\/div>\n\t\t<\/div>\n\t\t\t\t\t<\/div>\n\t\t<\/section>\n\t\t\t\t<section class=\"elementor-section elementor-top-section elementor-element elementor-element-f1afbf8 elementor-section-boxed elementor-section-height-default elementor-section-height-default\" data-id=\"f1afbf8\" data-element_type=\"section\" data-settings=\"{&quot;ekit_has_onepagescroll_dot&quot;:&quot;yes&quot;}\">\n\t\t\t\t\t\t<div class=\"elementor-container elementor-column-gap-default\">\n\t\t\t\t\t<div class=\"elementor-column elementor-col-50 elementor-top-column elementor-element elementor-element-9cffd1e\" data-id=\"9cffd1e\" data-element_type=\"column\">\n\t\t\t<div class=\"elementor-widget-wrap elementor-element-populated\">\n\t\t\t\t\t\t<div class=\"elementor-element elementor-element-30dda9b elementor-widget elementor-widget-image\" data-id=\"30dda9b\" data-element_type=\"widget\" data-settings=\"{&quot;ekit_we_effect_on&quot;:&quot;none&quot;}\" data-widget_type=\"image.default\">\n\t\t\t\t<div class=\"elementor-widget-container\">\n\t\t\t\t\t\t\t\t\t\t\t\t\t\t\t<img fetchpriority=\"high\" decoding=\"async\" width=\"768\" height=\"513\" src=\"data:image\/gif;base64,R0lGODlhAQABAAAAACH5BAEKAAEALAAAAAABAAEAAAICTAEAOw==\" class=\"attachment-large size-large wp-image-362 lazyload\" alt=\"NaxoNet - Who We Are\" sizes=\"(max-width: 768px) 100vw, 768px\" data-src=\"https:\/\/www.naxonet.eu\/en\/wp-content\/uploads\/sites\/3\/2021\/05\/naxonet_who-we-are.jpg\" data-srcset=\"https:\/\/www.naxonet.eu\/en\/wp-content\/uploads\/sites\/3\/2021\/05\/naxonet_who-we-are.jpg 768w, https:\/\/www.naxonet.eu\/en\/wp-content\/uploads\/sites\/3\/2021\/05\/naxonet_who-we-are-300x200.jpg 300w\">\t\t\t\t\t\t\t\t\t\t\t\t\t\t\t<\/div>\n\t\t\t\t<\/div>\n\t\t\t\t\t<\/div>\n\t\t<\/div>\n\t\t\t\t<div class=\"elementor-column elementor-col-50 elementor-top-column elementor-element elementor-element-69c6e18\" data-id=\"69c6e18\" data-element_type=\"column\">\n\t\t\t<div class=\"elementor-widget-wrap elementor-element-populated\">\n\t\t\t\t\t\t<div class=\"elementor-element elementor-element-89c914b elementor-widget elementor-widget-spacer\" data-id=\"89c914b\" data-element_type=\"widget\" data-settings=\"{&quot;ekit_we_effect_on&quot;:&quot;none&quot;}\" data-widget_type=\"spacer.default\">\n\t\t\t\t<div class=\"elementor-widget-container\">\n\t\t\t\t\t\t\t<div class=\"elementor-spacer\">\n\t\t\t<div class=\"elementor-spacer-inner\"><\/div>\n\t\t<\/div>\n\t\t\t\t\t\t<\/div>\n\t\t\t\t<\/div>\n\t\t\t\t<div class=\"elementor-element elementor-element-b9a50b3 elementor-widget elementor-widget-text-editor\" data-id=\"b9a50b3\" data-element_type=\"widget\" data-settings=\"{&quot;ekit_we_effect_on&quot;:&quot;none&quot;}\" data-widget_type=\"text-editor.default\">\n\t\t\t\t<div class=\"elementor-widget-container\">\n\t\t\t\t\t\t\t\t\t<strong>You envision, Naxonet will do it!<\/strong>\t\t\t\t\t\t\t\t<\/div>\n\t\t\t\t<\/div>\n\t\t\t\t<div class=\"elementor-element elementor-element-c77ce77 elementor-widget elementor-widget-text-editor\" data-id=\"c77ce77\" data-element_type=\"widget\" data-settings=\"{&quot;ekit_we_effect_on&quot;:&quot;none&quot;}\" data-widget_type=\"text-editor.default\">\n\t\t\t\t<div class=\"elementor-widget-container\">\n\t\t\t\t\t\t\t\t\t<p>We have been operating linux servers since the end of the &#8217;90-ies, and also we provide windows client server maintenance, hardware maintenance and network infrastructure construction.<\/p><p>Our main goal is to convey our experience to our Clients via proactive and reliable enterprise, providing a complex service-portfolio.<\/p>\t\t\t\t\t\t\t\t<\/div>\n\t\t\t\t<\/div>\n\t\t\t\t\t<\/div>\n\t\t<\/div>\n\t\t\t\t\t<\/div>\n\t\t<\/section>\n\t\t\t\t<\/div>\n\t\t","protected":false},"excerpt":{"rendered":"<p>Who We Are in nutshell&#8230; You envision, Naxonet will do it! We have been operating linux servers since the end of the &#8217;90-ies, and also we provide windows client server maintenance, hardware maintenance and network infrastructure construction. Our main goal is to convey our experience to our Clients via proactive and reliable enterprise, providing a &#8230; <a title=\"Who We are\" class=\"read-more\" href=\"https:\/\/www.naxonet.eu\/en\/about-us\/who-we-are\/\" aria-label=\"Read more about Who We are\">Read more<\/a><\/p>\n","protected":false},"author":1,"featured_media":0,"parent":377,"menu_order":21,"comment_status":"closed","ping_status":"closed","template":"","meta":{"footnotes":""},"class_list":["post-570","page","type-page","status-publish"],"yoast_head":"<!-- This site is optimized with the Yoast SEO plugin v24.6 - https:\/\/yoast.com\/wordpress\/plugins\/seo\/ -->\n<title>Who We are - NaxoNet EU - It. Solution.<\/title>\n<meta name=\"description\" content=\"\u00d6sszefoglal\u00f3 r\u00f3lunk, hogy kik is vagyunk, mit is csin\u00e1lunk \u00e9s merre tartunk.\" \/>\n<meta name=\"robots\" content=\"index, follow, max-snippet:-1, max-image-preview:large, max-video-preview:-1\" \/>\n<link rel=\"canonical\" href=\"https:\/\/www.naxonet.eu\/en\/about-us\/who-we-are\/\" \/>\n<meta property=\"og:locale\" content=\"en_GB\" \/>\n<meta property=\"og:type\" content=\"article\" \/>\n<meta property=\"og:title\" content=\"Who We are - NaxoNet EU - It. Solution.\" \/>\n<meta property=\"og:description\" content=\"\u00d6sszefoglal\u00f3 r\u00f3lunk, hogy kik is vagyunk, mit is csin\u00e1lunk \u00e9s merre tartunk.\" \/>\n<meta property=\"og:url\" content=\"https:\/\/www.naxonet.eu\/en\/about-us\/who-we-are\/\" \/>\n<meta property=\"og:site_name\" content=\"NaxoNet EU\" \/>\n<meta property=\"article:modified_time\" content=\"2021-07-17T15:05:30+00:00\" \/>\n<meta property=\"og:image\" content=\"https:\/\/www.naxonet.eu\/en\/wp-content\/uploads\/sites\/3\/2021\/05\/naxonet_who-we-are.jpg\" \/>\n<meta name=\"twitter:card\" content=\"summary_large_image\" \/>\n<meta name=\"twitter:label1\" content=\"Estimated reading time\" \/>\n\t<meta name=\"twitter:data1\" content=\"1 minute\" \/>\n<script type=\"application\/ld+json\" class=\"yoast-schema-graph\">{\"@context\":\"https:\/\/schema.org\",\"@graph\":[{\"@type\":\"WebPage\",\"@id\":\"https:\/\/www.naxonet.eu\/en\/about-us\/who-we-are\/\",\"url\":\"https:\/\/www.naxonet.eu\/en\/about-us\/who-we-are\/\",\"name\":\"Who We are - NaxoNet EU - It. Solution.\",\"isPartOf\":{\"@id\":\"https:\/\/www.naxonet.eu\/en\/#website\"},\"primaryImageOfPage\":{\"@id\":\"https:\/\/www.naxonet.eu\/en\/about-us\/who-we-are\/#primaryimage\"},\"image\":{\"@id\":\"https:\/\/www.naxonet.eu\/en\/about-us\/who-we-are\/#primaryimage\"},\"thumbnailUrl\":\"https:\/\/www.naxonet.eu\/en\/wp-content\/uploads\/sites\/3\/2021\/05\/naxonet_who-we-are.jpg\",\"datePublished\":\"2020-02-08T18:56:52+00:00\",\"dateModified\":\"2021-07-17T15:05:30+00:00\",\"description\":\"\u00d6sszefoglal\u00f3 r\u00f3lunk, hogy kik is vagyunk, mit is csin\u00e1lunk \u00e9s merre tartunk.\",\"breadcrumb\":{\"@id\":\"https:\/\/www.naxonet.eu\/en\/about-us\/who-we-are\/#breadcrumb\"},\"inLanguage\":\"en-GB\",\"potentialAction\":[{\"@type\":\"ReadAction\",\"target\":[\"https:\/\/www.naxonet.eu\/en\/about-us\/who-we-are\/\"]}]},{\"@type\":\"ImageObject\",\"inLanguage\":\"en-GB\",\"@id\":\"https:\/\/www.naxonet.eu\/en\/about-us\/who-we-are\/#primaryimage\",\"url\":\"https:\/\/www.naxonet.eu\/en\/wp-content\/uploads\/sites\/3\/2021\/05\/naxonet_who-we-are.jpg\",\"contentUrl\":\"https:\/\/www.naxonet.eu\/en\/wp-content\/uploads\/sites\/3\/2021\/05\/naxonet_who-we-are.jpg\",\"width\":768,\"height\":513,\"caption\":\"NaxoNet - Who We Are\"},{\"@type\":\"BreadcrumbList\",\"@id\":\"https:\/\/www.naxonet.eu\/en\/about-us\/who-we-are\/#breadcrumb\",\"itemListElement\":[{\"@type\":\"ListItem\",\"position\":1,\"name\":\"Home\",\"item\":\"https:\/\/www.naxonet.eu\/en\/\"},{\"@type\":\"ListItem\",\"position\":2,\"name\":\"About us\",\"item\":\"https:\/\/www.naxonet.eu\/en\/about-us\/\"},{\"@type\":\"ListItem\",\"position\":3,\"name\":\"Who We are\"}]},{\"@type\":\"WebSite\",\"@id\":\"https:\/\/www.naxonet.eu\/en\/#website\",\"url\":\"https:\/\/www.naxonet.eu\/en\/\",\"name\":\"NaxoNet EU\",\"description\":\"It. Solution.\",\"potentialAction\":[{\"@type\":\"SearchAction\",\"target\":{\"@type\":\"EntryPoint\",\"urlTemplate\":\"https:\/\/www.naxonet.eu\/en\/?s={search_term_string}\"},\"query-input\":{\"@type\":\"PropertyValueSpecification\",\"valueRequired\":true,\"valueName\":\"search_term_string\"}}],\"inLanguage\":\"en-GB\"}]}<\/script>\n<!-- \/ Yoast SEO plugin. -->","yoast_head_json":{"title":"Who We are - NaxoNet EU - It. Solution.","description":"\u00d6sszefoglal\u00f3 r\u00f3lunk, hogy kik is vagyunk, mit is csin\u00e1lunk \u00e9s merre tartunk.","robots":{"index":"index","follow":"follow","max-snippet":"max-snippet:-1","max-image-preview":"max-image-preview:large","max-video-preview":"max-video-preview:-1"},"canonical":"https:\/\/www.naxonet.eu\/en\/about-us\/who-we-are\/","og_locale":"en_GB","og_type":"article","og_title":"Who We are - NaxoNet EU - It. Solution.","og_description":"\u00d6sszefoglal\u00f3 r\u00f3lunk, hogy kik is vagyunk, mit is csin\u00e1lunk \u00e9s merre tartunk.","og_url":"https:\/\/www.naxonet.eu\/en\/about-us\/who-we-are\/","og_site_name":"NaxoNet EU","article_modified_time":"2021-07-17T15:05:30+00:00","og_image":[{"url":"https:\/\/www.naxonet.eu\/en\/wp-content\/uploads\/sites\/3\/2021\/05\/naxonet_who-we-are.jpg","type":"","width":"","height":""}],"twitter_card":"summary_large_image","twitter_misc":{"Estimated reading time":"1 minute"},"schema":{"@context":"https:\/\/schema.org","@graph":[{"@type":"WebPage","@id":"https:\/\/www.naxonet.eu\/en\/about-us\/who-we-are\/","url":"https:\/\/www.naxonet.eu\/en\/about-us\/who-we-are\/","name":"Who We are - NaxoNet EU - It. Solution.","isPartOf":{"@id":"https:\/\/www.naxonet.eu\/en\/#website"},"primaryImageOfPage":{"@id":"https:\/\/www.naxonet.eu\/en\/about-us\/who-we-are\/#primaryimage"},"image":{"@id":"https:\/\/www.naxonet.eu\/en\/about-us\/who-we-are\/#primaryimage"},"thumbnailUrl":"https:\/\/www.naxonet.eu\/en\/wp-content\/uploads\/sites\/3\/2021\/05\/naxonet_who-we-are.jpg","datePublished":"2020-02-08T18:56:52+00:00","dateModified":"2021-07-17T15:05:30+00:00","description":"\u00d6sszefoglal\u00f3 r\u00f3lunk, hogy kik is vagyunk, mit is csin\u00e1lunk \u00e9s merre tartunk.","breadcrumb":{"@id":"https:\/\/www.naxonet.eu\/en\/about-us\/who-we-are\/#breadcrumb"},"inLanguage":"en-GB","potentialAction":[{"@type":"ReadAction","target":["https:\/\/www.naxonet.eu\/en\/about-us\/who-we-are\/"]}]},{"@type":"ImageObject","inLanguage":"en-GB","@id":"https:\/\/www.naxonet.eu\/en\/about-us\/who-we-are\/#primaryimage","url":"https:\/\/www.naxonet.eu\/en\/wp-content\/uploads\/sites\/3\/2021\/05\/naxonet_who-we-are.jpg","contentUrl":"https:\/\/www.naxonet.eu\/en\/wp-content\/uploads\/sites\/3\/2021\/05\/naxonet_who-we-are.jpg","width":768,"height":513,"caption":"NaxoNet - Who We Are"},{"@type":"BreadcrumbList","@id":"https:\/\/www.naxonet.eu\/en\/about-us\/who-we-are\/#breadcrumb","itemListElement":[{"@type":"ListItem","position":1,"name":"Home","item":"https:\/\/www.naxonet.eu\/en\/"},{"@type":"ListItem","position":2,"name":"About us","item":"https:\/\/www.naxonet.eu\/en\/about-us\/"},{"@type":"ListItem","position":3,"name":"Who We are"}]},{"@type":"WebSite","@id":"https:\/\/www.naxonet.eu\/en\/#website","url":"https:\/\/www.naxonet.eu\/en\/","name":"NaxoNet EU","description":"It. Solution.","potentialAction":[{"@type":"SearchAction","target":{"@type":"EntryPoint","urlTemplate":"https:\/\/www.naxonet.eu\/en\/?s={search_term_string}"},"query-input":{"@type":"PropertyValueSpecification","valueRequired":true,"valueName":"search_term_string"}}],"inLanguage":"en-GB"}]}},"_links":{"self":[{"href":"https:\/\/www.naxonet.eu\/en\/wp-json\/wp\/v2\/pages\/570"}],"collection":[{"href":"https:\/\/www.naxonet.eu\/en\/wp-json\/wp\/v2\/pages"}],"about":[{"href":"https:\/\/www.naxonet.eu\/en\/wp-json\/wp\/v2\/types\/page"}],"author":[{"embeddable":true,"href":"https:\/\/www.naxonet.eu\/en\/wp-json\/wp\/v2\/users\/1"}],"replies":[{"embeddable":true,"href":"https:\/\/www.naxonet.eu\/en\/wp-json\/wp\/v2\/comments?post=570"}],"version-history":[{"count":12,"href":"https:\/\/www.naxonet.eu\/en\/wp-json\/wp\/v2\/pages\/570\/revisions"}],"predecessor-version":[{"id":850,"href":"https:\/\/www.naxonet.eu\/en\/wp-json\/wp\/v2\/pages\/570\/revisions\/850"}],"up":[{"embeddable":true,"href":"https:\/\/www.naxonet.eu\/en\/wp-json\/wp\/v2\/pages\/377"}],"wp:attachment":[{"href":"https:\/\/www.naxonet.eu\/en\/wp-json\/wp\/v2\/media?parent=570"}],"curies":[{"name":"wp","href":"https:\/\/api.w.org\/{rel}","templated":true}]}}