{"id":775,"date":"2021-05-15T06:33:39","date_gmt":"2021-05-15T05:33:39","guid":{"rendered":"https:\/\/www.naxonet.eu\/?page_id=14"},"modified":"2025-02-12T15:43:31","modified_gmt":"2025-02-12T14:43:31","slug":"mainpage","status":"publish","type":"page","link":"https:\/\/www.naxonet.eu\/en\/","title":{"rendered":"Main page"},"content":{"rendered":"\t\t<div data-elementor-type=\"wp-page\" data-elementor-id=\"775\" class=\"elementor elementor-775\" data-elementor-post-type=\"page\">\n\t\t\t\t\t\t<section class=\"elementor-section elementor-top-section elementor-element elementor-element-a969b5e elementor-section-boxed elementor-section-height-default elementor-section-height-default\" data-id=\"a969b5e\" data-element_type=\"section\" data-settings=\"{&quot;ekit_has_onepagescroll_dot&quot;:&quot;yes&quot;}\">\n\t\t\t\t\t\t<div class=\"elementor-container elementor-column-gap-default\">\n\t\t\t\t\t<div class=\"elementor-column elementor-col-100 elementor-top-column elementor-element elementor-element-2865403\" data-id=\"2865403\" data-element_type=\"column\">\n\t\t\t<div class=\"elementor-widget-wrap elementor-element-populated\">\n\t\t\t\t\t\t<div class=\"elementor-element elementor-element-6f1b6e0 animated-slow elementor-invisible elementor-widget elementor-widget-text-editor\" data-id=\"6f1b6e0\" data-element_type=\"widget\" data-settings=\"{&quot;_animation&quot;:&quot;fadeIn&quot;,&quot;ekit_we_effect_on&quot;:&quot;none&quot;}\" data-widget_type=\"text-editor.default\">\n\t\t\t\t<div class=\"elementor-widget-container\">\n\t\t\t\t\t\t\t\t\t<h1>\u201eThere are two types of thinking:<\/h1><p>One creates problems,<br \/>the other one solves them.\u201d<\/p><p>(Csaba Brask\u00f3)<\/p>\t\t\t\t\t\t\t\t<\/div>\n\t\t\t\t<\/div>\n\t\t\t\t\t<\/div>\n\t\t<\/div>\n\t\t\t\t\t<\/div>\n\t\t<\/section>\n\t\t\t\t<section class=\"elementor-section elementor-top-section elementor-element elementor-element-fe273ba elementor-section-boxed elementor-section-height-default elementor-section-height-default\" data-id=\"fe273ba\" data-element_type=\"section\" data-settings=\"{&quot;ekit_has_onepagescroll_dot&quot;:&quot;yes&quot;}\">\n\t\t\t\t\t\t<div class=\"elementor-container elementor-column-gap-default\">\n\t\t\t\t\t<div class=\"elementor-column elementor-col-100 elementor-top-column elementor-element elementor-element-e5f107c\" data-id=\"e5f107c\" data-element_type=\"column\">\n\t\t\t<div class=\"elementor-widget-wrap elementor-element-populated\">\n\t\t\t\t\t\t<div class=\"elementor-element elementor-element-d81c926 elementor-widget elementor-widget-spacer\" data-id=\"d81c926\" data-element_type=\"widget\" data-settings=\"{&quot;ekit_we_effect_on&quot;:&quot;none&quot;}\" data-widget_type=\"spacer.default\">\n\t\t\t\t<div class=\"elementor-widget-container\">\n\t\t\t\t\t\t\t<div class=\"elementor-spacer\">\n\t\t\t<div class=\"elementor-spacer-inner\"><\/div>\n\t\t<\/div>\n\t\t\t\t\t\t<\/div>\n\t\t\t\t<\/div>\n\t\t\t\t\t<\/div>\n\t\t<\/div>\n\t\t\t\t\t<\/div>\n\t\t<\/section>\n\t\t\t\t<section class=\"elementor-section elementor-top-section elementor-element elementor-element-80244df elementor-section-boxed elementor-section-height-default elementor-section-height-default\" data-id=\"80244df\" data-element_type=\"section\" data-settings=\"{&quot;ekit_has_onepagescroll_dot&quot;:&quot;yes&quot;}\">\n\t\t\t\t\t\t<div class=\"elementor-container elementor-column-gap-default\">\n\t\t\t\t\t<div class=\"elementor-column elementor-col-100 elementor-top-column elementor-element elementor-element-552b10a\" data-id=\"552b10a\" data-element_type=\"column\">\n\t\t\t<div class=\"elementor-widget-wrap elementor-element-populated\">\n\t\t\t\t\t\t<div class=\"elementor-element elementor-element-97099bf elementor-headline--style-highlight elementor-widget elementor-widget-animated-headline\" data-id=\"97099bf\" data-element_type=\"widget\" data-settings=\"{&quot;highlighted_text&quot;:&quot;services&quot;,&quot;marker&quot;:&quot;underline&quot;,&quot;headline_style&quot;:&quot;highlight&quot;,&quot;highlight_animation_duration&quot;:1200,&quot;ekit_we_effect_on&quot;:&quot;none&quot;}\" data-widget_type=\"animated-headline.default\">\n\t\t\t\t<div class=\"elementor-widget-container\">\n\t\t\t\t\t\t\t<h3 class=\"elementor-headline\">\n\t\t\t\t\t<span class=\"elementor-headline-plain-text elementor-headline-text-wrapper\">Our main<\/span>\n\t\t\t\t<span class=\"elementor-headline-dynamic-wrapper elementor-headline-text-wrapper\">\n\t\t\t\t\t<span class=\"elementor-headline-dynamic-text elementor-headline-text-active\">services<\/span>\n\t\t\t\t<\/span>\n\t\t\t\t<\/h3>\n\t\t\t\t\t\t<\/div>\n\t\t\t\t<\/div>\n\t\t\t\t\t<\/div>\n\t\t<\/div>\n\t\t\t\t\t<\/div>\n\t\t<\/section>\n\t\t\t\t<section class=\"elementor-section elementor-top-section elementor-element elementor-element-17d09d8 elementor-section-boxed elementor-section-height-default elementor-section-height-default\" data-id=\"17d09d8\" data-element_type=\"section\" data-settings=\"{&quot;ekit_has_onepagescroll_dot&quot;:&quot;yes&quot;}\">\n\t\t\t\t\t\t<div class=\"elementor-container elementor-column-gap-default\">\n\t\t\t\t\t<div class=\"elementor-column elementor-col-100 elementor-top-column elementor-element elementor-element-34ea8c7\" data-id=\"34ea8c7\" data-element_type=\"column\">\n\t\t\t<div class=\"elementor-widget-wrap elementor-element-populated\">\n\t\t\t\t\t\t<div class=\"elementor-element elementor-element-41d427c elementor--h-position-center elementor--v-position-middle elementor-arrows-position-inside elementor-pagination-position-inside elementor-widget elementor-widget-slides\" data-id=\"41d427c\" data-element_type=\"widget\" data-settings=\"{&quot;navigation&quot;:&quot;both&quot;,&quot;autoplay&quot;:&quot;yes&quot;,&quot;pause_on_hover&quot;:&quot;yes&quot;,&quot;pause_on_interaction&quot;:&quot;yes&quot;,&quot;autoplay_speed&quot;:5000,&quot;infinite&quot;:&quot;yes&quot;,&quot;transition&quot;:&quot;slide&quot;,&quot;transition_speed&quot;:500,&quot;ekit_we_effect_on&quot;:&quot;none&quot;}\" data-widget_type=\"slides.default\">\n\t\t\t\t<div class=\"elementor-widget-container\">\n\t\t\t\t\t\t\t\t\t<div class=\"elementor-swiper\">\n\t\t\t\t\t<div class=\"elementor-slides-wrapper elementor-main-swiper swiper\" role=\"region\" aria-roledescription=\"carousel\" aria-label=\"Slides\" dir=\"ltr\" data-animation=\"fadeInDown\">\n\t\t\t\t<div class=\"swiper-wrapper elementor-slides\">\n\t\t\t\t\t\t\t\t\t\t<div class=\"elementor-repeater-item-66ca262 swiper-slide\" role=\"group\" aria-roledescription=\"slide\"><div class=\"swiper-slide-bg\" role=\"img\"><\/div><a class=\"swiper-slide-inner\" href=\"https:\/\/www.naxonet.eu\/en\/our-services\/domain-administration\/\"><div class=\"swiper-slide-contents\"><div class=\"elementor-slide-heading\">Domain Administration<\/div><div class=\"elementor-slide-description\">We handle all aspects of domain administration, whether it's registration, transfer, change of ownership or annual maintenance. In addition to our domain service, we provide a free multi-country DNS service.<\/div><div  class=\"elementor-button elementor-slide-button elementor-size-sm\">more<\/div><\/div><\/a><\/div><div class=\"elementor-repeater-item-026ebe3 swiper-slide\" role=\"group\" aria-roledescription=\"slide\"><div class=\"swiper-slide-bg\" role=\"img\"><\/div><a class=\"swiper-slide-inner\" href=\"https:\/\/www.naxonet.eu\/en\/our-services\/hosting-plans\/\"><div class=\"swiper-slide-contents\"><div class=\"elementor-slide-heading\">Hosting plans (dns, web, email, ftp, etc.)<\/div><div class=\"elementor-slide-description\">Our hosting packages can be split between different services as you wish, but you can also choose to use the entire hosting package for just one service.<\/div><div  class=\"elementor-button elementor-slide-button elementor-size-sm\">more<\/div><\/div><\/a><\/div><div class=\"elementor-repeater-item-90cb9cc swiper-slide\" role=\"group\" aria-roledescription=\"slide\"><div class=\"swiper-slide-bg\" role=\"img\"><\/div><a class=\"swiper-slide-inner\" href=\"https:\/\/www.naxonet.eu\/en\/our-services\/virtual-server\/\"><div class=\"swiper-slide-contents\"><div class=\"elementor-slide-heading\">Virtual Server (VPS)<\/div><div class=\"elementor-slide-description\">To build and operate your own system, we offer our Virtual Server (VPS) service instead of using a physical machine. We also cater for individual needs. It is increasingly important to keep systems up-to-date and secure, so we offer System Administrator (Sysadmin) service alongside our Virtual Server (VPS) one.<\/div><div  class=\"elementor-button elementor-slide-button elementor-size-sm\">more<\/div><\/div><\/a><\/div><div class=\"elementor-repeater-item-8ec03c9 swiper-slide\" role=\"group\" aria-roledescription=\"slide\"><div class=\"swiper-slide-bg\" role=\"img\"><\/div><a class=\"swiper-slide-inner\" href=\"https:\/\/www.naxonet.eu\/en\/our-services\/system-administrator\/\"><div class=\"swiper-slide-contents\"><div class=\"elementor-slide-heading\"> System Administrator (sysadmin)<\/div><div class=\"elementor-slide-description\">As our System administration (Sysadmin) service, we undertake the maintenance and operation of Virtual Servers (VPS) or physical machines rented from us or elsewhere, whether in a server centre or in the office. Moreover the machines maintained are monitored continuously (365\/24\/7) with SMS alerts.<\/div><div  class=\"elementor-button elementor-slide-button elementor-size-sm\">more<\/div><\/div><\/a><\/div><div class=\"elementor-repeater-item-5358276 swiper-slide\" role=\"group\" aria-roledescription=\"slide\"><div class=\"swiper-slide-bg\" role=\"img\"><\/div><a class=\"swiper-slide-inner\" href=\"https:\/\/www.naxonet.eu\/en\/our-services\/data-backup\/\"><div class=\"swiper-slide-contents\"><div class=\"elementor-slide-heading\">Data backup<\/div><div class=\"elementor-slide-description\">As part of this service, we undertake to back up Virtual Server Servers (VPS) and\/or physical servers, whether they are in a server center, office or home. Basically, the backup system connects to the target device(s), but it is possible to change the direction of the data stream, i.e. the device(s) send the data to the backup storage. It is worth of knowing all backups are stored on an encrypted file system.<\/div><div  class=\"elementor-button elementor-slide-button elementor-size-sm\">more<\/div><\/div><\/a><\/div><div class=\"elementor-repeater-item-a12d758 swiper-slide\" role=\"group\" aria-roledescription=\"slide\"><div class=\"swiper-slide-bg\" role=\"img\"><\/div><a class=\"swiper-slide-inner\" href=\"https:\/\/www.naxonet.eu\/en\/our-services\/stormshield\/\"><div class=\"swiper-slide-contents\"><div class=\"elementor-slide-heading\">Stormshield (SNS, SES, SDS)<\/div><div class=\"elementor-slide-description\">Stormshield Network Security is the only UTM firewall solution that meets European Union standards for handling confidential data.\n\nAs a Stormshield Certified Gold Partner, we sell as a reseller or lease the desired type of Stormshield device under a service contract, but we also undertake the operation of the device if required.<\/div><div  class=\"elementor-button elementor-slide-button elementor-size-sm\">more<\/div><\/div><\/a><\/div>\t\t\t\t<\/div>\n\t\t\t\t\t\t\t\t\t\t\t\t\t\t\t<div class=\"elementor-swiper-button elementor-swiper-button-prev\" role=\"button\" tabindex=\"0\" aria-label=\"Previous slide\">\n\t\t\t\t\t\t\t<i aria-hidden=\"true\" class=\"eicon-chevron-left\"><\/i>\t\t\t\t\t\t<\/div>\n\t\t\t\t\t\t<div class=\"elementor-swiper-button elementor-swiper-button-next\" role=\"button\" tabindex=\"0\" aria-label=\"Next slide\">\n\t\t\t\t\t\t\t<i aria-hidden=\"true\" class=\"eicon-chevron-right\"><\/i>\t\t\t\t\t\t<\/div>\n\t\t\t\t\t\t\t\t\t\t\t\t\t\t\t\t<div class=\"swiper-pagination\"><\/div>\n\t\t\t\t\t\t\t\t\t\t\t\t<\/div>\n\t\t\t\t<\/div>\n\t\t\t\t\t\t\t\t<\/div>\n\t\t\t\t<\/div>\n\t\t\t\t\t<\/div>\n\t\t<\/div>\n\t\t\t\t\t<\/div>\n\t\t<\/section>\n\t\t\t\t<section class=\"elementor-section elementor-top-section elementor-element elementor-element-1bf82b1 elementor-section-boxed elementor-section-height-default elementor-section-height-default\" data-id=\"1bf82b1\" data-element_type=\"section\" data-settings=\"{&quot;ekit_has_onepagescroll_dot&quot;:&quot;yes&quot;}\">\n\t\t\t\t\t\t<div class=\"elementor-container elementor-column-gap-default\">\n\t\t\t\t\t<div class=\"elementor-column elementor-col-100 elementor-top-column elementor-element elementor-element-fc0d251\" data-id=\"fc0d251\" data-element_type=\"column\">\n\t\t\t<div class=\"elementor-widget-wrap elementor-element-populated\">\n\t\t\t\t\t\t<div class=\"elementor-element elementor-element-6cc2449 elementor-widget elementor-widget-spacer\" data-id=\"6cc2449\" data-element_type=\"widget\" data-settings=\"{&quot;ekit_we_effect_on&quot;:&quot;none&quot;}\" data-widget_type=\"spacer.default\">\n\t\t\t\t<div class=\"elementor-widget-container\">\n\t\t\t\t\t\t\t<div class=\"elementor-spacer\">\n\t\t\t<div class=\"elementor-spacer-inner\"><\/div>\n\t\t<\/div>\n\t\t\t\t\t\t<\/div>\n\t\t\t\t<\/div>\n\t\t\t\t\t<\/div>\n\t\t<\/div>\n\t\t\t\t\t<\/div>\n\t\t<\/section>\n\t\t\t\t<section class=\"elementor-section elementor-top-section elementor-element elementor-element-d24ac19 elementor-section-boxed elementor-section-height-default elementor-section-height-default\" data-id=\"d24ac19\" data-element_type=\"section\" data-settings=\"{&quot;ekit_has_onepagescroll_dot&quot;:&quot;yes&quot;}\">\n\t\t\t\t\t\t<div class=\"elementor-container elementor-column-gap-default\">\n\t\t\t\t\t<div class=\"elementor-column elementor-col-100 elementor-top-column elementor-element elementor-element-f8f1a9c\" data-id=\"f8f1a9c\" data-element_type=\"column\">\n\t\t\t<div class=\"elementor-widget-wrap elementor-element-populated\">\n\t\t\t\t\t\t<div class=\"elementor-element elementor-element-52fcac3 elementor-headline--style-highlight elementor-widget elementor-widget-animated-headline\" data-id=\"52fcac3\" data-element_type=\"widget\" data-settings=\"{&quot;highlighted_text&quot;:&quot;numbers&quot;,&quot;marker&quot;:&quot;curly&quot;,&quot;headline_style&quot;:&quot;highlight&quot;,&quot;highlight_animation_duration&quot;:1200,&quot;ekit_we_effect_on&quot;:&quot;none&quot;}\" data-widget_type=\"animated-headline.default\">\n\t\t\t\t<div class=\"elementor-widget-container\">\n\t\t\t\t\t\t\t<h3 class=\"elementor-headline\">\n\t\t\t\t\t<span class=\"elementor-headline-plain-text elementor-headline-text-wrapper\">in the enchantment of <\/span>\n\t\t\t\t<span class=\"elementor-headline-dynamic-wrapper elementor-headline-text-wrapper\">\n\t\t\t\t\t<span class=\"elementor-headline-dynamic-text elementor-headline-text-active\">numbers<\/span>\n\t\t\t\t<\/span>\n\t\t\t\t<\/h3>\n\t\t\t\t\t\t<\/div>\n\t\t\t\t<\/div>\n\t\t\t\t\t<\/div>\n\t\t<\/div>\n\t\t\t\t\t<\/div>\n\t\t<\/section>\n\t\t\t\t<section class=\"elementor-section elementor-top-section elementor-element elementor-element-adec57d elementor-section-boxed elementor-section-height-default elementor-section-height-default\" data-id=\"adec57d\" data-element_type=\"section\" data-settings=\"{&quot;ekit_has_onepagescroll_dot&quot;:&quot;yes&quot;}\">\n\t\t\t\t\t\t<div class=\"elementor-container elementor-column-gap-default\">\n\t\t\t\t\t<div class=\"elementor-column elementor-col-33 elementor-top-column elementor-element elementor-element-f4999ed\" data-id=\"f4999ed\" data-element_type=\"column\">\n\t\t\t<div class=\"elementor-widget-wrap elementor-element-populated\">\n\t\t\t\t\t\t<div class=\"elementor-element elementor-element-7e3f45c elementor-widget elementor-widget-counter\" data-id=\"7e3f45c\" data-element_type=\"widget\" data-settings=\"{&quot;ekit_we_effect_on&quot;:&quot;none&quot;}\" data-widget_type=\"counter.default\">\n\t\t\t\t<div class=\"elementor-widget-container\">\n\t\t\t\t\t\t\t<div class=\"elementor-counter\">\n\t\t\t<div class=\"elementor-counter-title\">Countries<\/div>\t\t\t<div class=\"elementor-counter-number-wrapper\">\n\t\t\t\t<span class=\"elementor-counter-number-prefix\"><\/span>\n\t\t\t\t<span class=\"elementor-counter-number\" data-duration=\"1000\" data-to-value=\"10\" data-from-value=\"0\" data-delimiter=\",\">0<\/span>\n\t\t\t\t<span class=\"elementor-counter-number-suffix\">+<\/span>\n\t\t\t<\/div>\n\t\t<\/div>\n\t\t\t\t\t\t<\/div>\n\t\t\t\t<\/div>\n\t\t\t\t\t<\/div>\n\t\t<\/div>\n\t\t\t\t<div class=\"elementor-column elementor-col-33 elementor-top-column elementor-element elementor-element-532285c\" data-id=\"532285c\" data-element_type=\"column\">\n\t\t\t<div class=\"elementor-widget-wrap elementor-element-populated\">\n\t\t\t\t\t\t<div class=\"elementor-element elementor-element-c391624 elementor-widget elementor-widget-counter\" data-id=\"c391624\" data-element_type=\"widget\" data-settings=\"{&quot;ekit_we_effect_on&quot;:&quot;none&quot;}\" data-widget_type=\"counter.default\">\n\t\t\t\t<div class=\"elementor-widget-container\">\n\t\t\t\t\t\t\t<div class=\"elementor-counter\">\n\t\t\t<div class=\"elementor-counter-title\">Services<\/div>\t\t\t<div class=\"elementor-counter-number-wrapper\">\n\t\t\t\t<span class=\"elementor-counter-number-prefix\"><\/span>\n\t\t\t\t<span class=\"elementor-counter-number\" data-duration=\"1000\" data-to-value=\"350\" data-from-value=\"0\" data-delimiter=\",\">0<\/span>\n\t\t\t\t<span class=\"elementor-counter-number-suffix\">+<\/span>\n\t\t\t<\/div>\n\t\t<\/div>\n\t\t\t\t\t\t<\/div>\n\t\t\t\t<\/div>\n\t\t\t\t\t<\/div>\n\t\t<\/div>\n\t\t\t\t<div class=\"elementor-column elementor-col-33 elementor-top-column elementor-element elementor-element-31b2d0a\" data-id=\"31b2d0a\" data-element_type=\"column\">\n\t\t\t<div class=\"elementor-widget-wrap elementor-element-populated\">\n\t\t\t\t\t\t<div class=\"elementor-element elementor-element-033606c elementor-widget elementor-widget-counter\" data-id=\"033606c\" data-element_type=\"widget\" data-settings=\"{&quot;ekit_we_effect_on&quot;:&quot;none&quot;}\" data-widget_type=\"counter.default\">\n\t\t\t\t<div class=\"elementor-widget-container\">\n\t\t\t\t\t\t\t<div class=\"elementor-counter\">\n\t\t\t<div class=\"elementor-counter-title\">TB data<\/div>\t\t\t<div class=\"elementor-counter-number-wrapper\">\n\t\t\t\t<span class=\"elementor-counter-number-prefix\"><\/span>\n\t\t\t\t<span class=\"elementor-counter-number\" data-duration=\"2000\" data-to-value=\"70\" data-from-value=\"0\" data-delimiter=\",\">0<\/span>\n\t\t\t\t<span class=\"elementor-counter-number-suffix\">+<\/span>\n\t\t\t<\/div>\n\t\t<\/div>\n\t\t\t\t\t\t<\/div>\n\t\t\t\t<\/div>\n\t\t\t\t\t<\/div>\n\t\t<\/div>\n\t\t\t\t\t<\/div>\n\t\t<\/section>\n\t\t\t\t<section class=\"elementor-section elementor-top-section elementor-element elementor-element-fa2864e elementor-section-boxed elementor-section-height-default elementor-section-height-default\" data-id=\"fa2864e\" data-element_type=\"section\" data-settings=\"{&quot;ekit_has_onepagescroll_dot&quot;:&quot;yes&quot;}\">\n\t\t\t\t\t\t<div class=\"elementor-container elementor-column-gap-default\">\n\t\t\t\t\t<div class=\"elementor-column elementor-col-100 elementor-top-column elementor-element elementor-element-26fe759\" data-id=\"26fe759\" data-element_type=\"column\">\n\t\t\t<div class=\"elementor-widget-wrap elementor-element-populated\">\n\t\t\t\t\t\t<div class=\"elementor-element elementor-element-c6310bf elementor-widget elementor-widget-spacer\" data-id=\"c6310bf\" data-element_type=\"widget\" data-settings=\"{&quot;ekit_we_effect_on&quot;:&quot;none&quot;}\" data-widget_type=\"spacer.default\">\n\t\t\t\t<div class=\"elementor-widget-container\">\n\t\t\t\t\t\t\t<div class=\"elementor-spacer\">\n\t\t\t<div class=\"elementor-spacer-inner\"><\/div>\n\t\t<\/div>\n\t\t\t\t\t\t<\/div>\n\t\t\t\t<\/div>\n\t\t\t\t\t<\/div>\n\t\t<\/div>\n\t\t\t\t\t<\/div>\n\t\t<\/section>\n\t\t\t\t<\/div>\n\t\t","protected":false},"excerpt":{"rendered":"<p>\u201eThere are two types of thinking: One creates problems, the other one solves them.\u201d (Csaba Brask\u00f3) Our main services Domain AdministrationWe handle all aspects of domain administration, whether it&#8217;s registration, transfer, change of ownership or annual maintenance. In addition to our domain service, we provide a free multi-country DNS service.moreHosting plans (dns, web, email, ftp, &#8230; <a title=\"Main page\" class=\"read-more\" href=\"https:\/\/www.naxonet.eu\/en\/\" aria-label=\"Read more about Main page\">Read more<\/a><\/p>\n","protected":false},"author":1,"featured_media":0,"parent":0,"menu_order":0,"comment_status":"closed","ping_status":"closed","template":"","meta":{"footnotes":""},"class_list":["post-775","page","type-page","status-publish"],"yoast_head":"<!-- This site is optimized with the Yoast SEO plugin v24.6 - https:\/\/yoast.com\/wordpress\/plugins\/seo\/ -->\n<title>Main page - NaxoNet EU - It. Solution.<\/title>\n<meta name=\"description\" content=\"Hosting (DNS, Web, Email, FTP), VPS, Szerverfel\u00fcgyelet (sysadmin), H\u00e1l\u00f3zatbiztons\u00e1g, Hardver t\u0171zfal, Rendszer-monitoroz\u00e1s, Webanalitika (Matomo\/Piwik)\" \/>\n<meta name=\"robots\" content=\"index, follow, max-snippet:-1, max-image-preview:large, max-video-preview:-1\" \/>\n<link rel=\"canonical\" href=\"https:\/\/www.naxonet.eu\/en\/\" \/>\n<meta property=\"og:locale\" content=\"en_GB\" \/>\n<meta property=\"og:type\" content=\"article\" \/>\n<meta property=\"og:title\" content=\"Main page - NaxoNet EU - It. Solution.\" \/>\n<meta property=\"og:description\" content=\"Hosting (DNS, Web, Email, FTP), VPS, Szerverfel\u00fcgyelet (sysadmin), H\u00e1l\u00f3zatbiztons\u00e1g, Hardver t\u0171zfal, Rendszer-monitoroz\u00e1s, Webanalitika (Matomo\/Piwik)\" \/>\n<meta property=\"og:url\" content=\"https:\/\/www.naxonet.eu\/en\/\" \/>\n<meta property=\"og:site_name\" content=\"NaxoNet EU\" \/>\n<meta property=\"article:modified_time\" content=\"2025-02-12T14:43:31+00:00\" \/>\n<meta name=\"twitter:card\" content=\"summary_large_image\" \/>\n<meta name=\"twitter:label1\" content=\"Estimated reading time\" \/>\n\t<meta name=\"twitter:data1\" content=\"5 minutes\" \/>\n<script type=\"application\/ld+json\" class=\"yoast-schema-graph\">{\"@context\":\"https:\/\/schema.org\",\"@graph\":[{\"@type\":\"WebPage\",\"@id\":\"https:\/\/www.naxonet.eu\/en\/\",\"url\":\"https:\/\/www.naxonet.eu\/en\/\",\"name\":\"Main page - NaxoNet EU - It. Solution.\",\"isPartOf\":{\"@id\":\"https:\/\/www.naxonet.eu\/en\/#website\"},\"datePublished\":\"2021-05-15T05:33:39+00:00\",\"dateModified\":\"2025-02-12T14:43:31+00:00\",\"description\":\"Hosting (DNS, Web, Email, FTP), VPS, Szerverfel\u00fcgyelet (sysadmin), H\u00e1l\u00f3zatbiztons\u00e1g, Hardver t\u0171zfal, Rendszer-monitoroz\u00e1s, Webanalitika (Matomo\/Piwik)\",\"breadcrumb\":{\"@id\":\"https:\/\/www.naxonet.eu\/en\/#breadcrumb\"},\"inLanguage\":\"en-GB\",\"potentialAction\":[{\"@type\":\"ReadAction\",\"target\":[\"https:\/\/www.naxonet.eu\/en\/\"]}]},{\"@type\":\"BreadcrumbList\",\"@id\":\"https:\/\/www.naxonet.eu\/en\/#breadcrumb\",\"itemListElement\":[{\"@type\":\"ListItem\",\"position\":1,\"name\":\"Home\",\"item\":\"https:\/\/www.naxonet.eu\/en\/\"},{\"@type\":\"ListItem\",\"position\":2,\"name\":\"Main page\"}]},{\"@type\":\"WebSite\",\"@id\":\"https:\/\/www.naxonet.eu\/en\/#website\",\"url\":\"https:\/\/www.naxonet.eu\/en\/\",\"name\":\"NaxoNet EU\",\"description\":\"It. Solution.\",\"potentialAction\":[{\"@type\":\"SearchAction\",\"target\":{\"@type\":\"EntryPoint\",\"urlTemplate\":\"https:\/\/www.naxonet.eu\/en\/?s={search_term_string}\"},\"query-input\":{\"@type\":\"PropertyValueSpecification\",\"valueRequired\":true,\"valueName\":\"search_term_string\"}}],\"inLanguage\":\"en-GB\"}]}<\/script>\n<!-- \/ Yoast SEO plugin. -->","yoast_head_json":{"title":"Main page - NaxoNet EU - It. Solution.","description":"Hosting (DNS, Web, Email, FTP), VPS, Szerverfel\u00fcgyelet (sysadmin), H\u00e1l\u00f3zatbiztons\u00e1g, Hardver t\u0171zfal, Rendszer-monitoroz\u00e1s, Webanalitika (Matomo\/Piwik)","robots":{"index":"index","follow":"follow","max-snippet":"max-snippet:-1","max-image-preview":"max-image-preview:large","max-video-preview":"max-video-preview:-1"},"canonical":"https:\/\/www.naxonet.eu\/en\/","og_locale":"en_GB","og_type":"article","og_title":"Main page - NaxoNet EU - It. Solution.","og_description":"Hosting (DNS, Web, Email, FTP), VPS, Szerverfel\u00fcgyelet (sysadmin), H\u00e1l\u00f3zatbiztons\u00e1g, Hardver t\u0171zfal, Rendszer-monitoroz\u00e1s, Webanalitika (Matomo\/Piwik)","og_url":"https:\/\/www.naxonet.eu\/en\/","og_site_name":"NaxoNet EU","article_modified_time":"2025-02-12T14:43:31+00:00","twitter_card":"summary_large_image","twitter_misc":{"Estimated reading time":"5 minutes"},"schema":{"@context":"https:\/\/schema.org","@graph":[{"@type":"WebPage","@id":"https:\/\/www.naxonet.eu\/en\/","url":"https:\/\/www.naxonet.eu\/en\/","name":"Main page - NaxoNet EU - It. Solution.","isPartOf":{"@id":"https:\/\/www.naxonet.eu\/en\/#website"},"datePublished":"2021-05-15T05:33:39+00:00","dateModified":"2025-02-12T14:43:31+00:00","description":"Hosting (DNS, Web, Email, FTP), VPS, Szerverfel\u00fcgyelet (sysadmin), H\u00e1l\u00f3zatbiztons\u00e1g, Hardver t\u0171zfal, Rendszer-monitoroz\u00e1s, Webanalitika (Matomo\/Piwik)","breadcrumb":{"@id":"https:\/\/www.naxonet.eu\/en\/#breadcrumb"},"inLanguage":"en-GB","potentialAction":[{"@type":"ReadAction","target":["https:\/\/www.naxonet.eu\/en\/"]}]},{"@type":"BreadcrumbList","@id":"https:\/\/www.naxonet.eu\/en\/#breadcrumb","itemListElement":[{"@type":"ListItem","position":1,"name":"Home","item":"https:\/\/www.naxonet.eu\/en\/"},{"@type":"ListItem","position":2,"name":"Main page"}]},{"@type":"WebSite","@id":"https:\/\/www.naxonet.eu\/en\/#website","url":"https:\/\/www.naxonet.eu\/en\/","name":"NaxoNet EU","description":"It. Solution.","potentialAction":[{"@type":"SearchAction","target":{"@type":"EntryPoint","urlTemplate":"https:\/\/www.naxonet.eu\/en\/?s={search_term_string}"},"query-input":{"@type":"PropertyValueSpecification","valueRequired":true,"valueName":"search_term_string"}}],"inLanguage":"en-GB"}]}},"_links":{"self":[{"href":"https:\/\/www.naxonet.eu\/en\/wp-json\/wp\/v2\/pages\/775"}],"collection":[{"href":"https:\/\/www.naxonet.eu\/en\/wp-json\/wp\/v2\/pages"}],"about":[{"href":"https:\/\/www.naxonet.eu\/en\/wp-json\/wp\/v2\/types\/page"}],"author":[{"embeddable":true,"href":"https:\/\/www.naxonet.eu\/en\/wp-json\/wp\/v2\/users\/1"}],"replies":[{"embeddable":true,"href":"https:\/\/www.naxonet.eu\/en\/wp-json\/wp\/v2\/comments?post=775"}],"version-history":[{"count":35,"href":"https:\/\/www.naxonet.eu\/en\/wp-json\/wp\/v2\/pages\/775\/revisions"}],"predecessor-version":[{"id":1361,"href":"https:\/\/www.naxonet.eu\/en\/wp-json\/wp\/v2\/pages\/775\/revisions\/1361"}],"wp:attachment":[{"href":"https:\/\/www.naxonet.eu\/en\/wp-json\/wp\/v2\/media?parent=775"}],"curies":[{"name":"wp","href":"https:\/\/api.w.org\/{rel}","templated":true}]}}