{"id":1001,"date":"2021-07-28T06:15:50","date_gmt":"2021-07-28T05:15:50","guid":{"rendered":"https:\/\/www.naxonet.eu\/hu\/?page_id=1001"},"modified":"2025-06-29T08:55:18","modified_gmt":"2025-06-29T06:55:18","slug":"suti-tajekoztato","status":"publish","type":"page","link":"https:\/\/www.naxonet.eu\/hu\/adatvedelmi-tajekoztato\/suti-tajekoztato\/","title":{"rendered":"S\u00fcti t\u00e1j\u00e9koztat\u00f3"},"content":{"rendered":"<h3>A cookie-k bemutat\u00e1sa<\/h3>\n<p>A cookie a webhely \u00e1ltal l\u00e9trehozott, a sz\u00e1m\u00edt\u00f3g\u00e9pen vagy mobil eszk\u00f6z\u00f6n t\u00e1rolt kism\u00e9ret\u0171 sz\u00f6vegf\u00e1jl. Cookie elhelyez\u00e9s\u00e9val seg\u00edtj\u00fck az weboldalunk hat\u00e9kony m\u0171k\u00f6d\u00e9s\u00e9t.<\/p>\n<p>B\u0151vebb inform\u00e1ci\u00f3k a cookie-k m\u0171k\u00f6d\u00e9s\u00e9vel kapcsolatban:<\/p>\n<ul>\n<li><a href=\"http:\/\/hu.wikipedia.org\/wiki\/HTTP-s%C3%BCti\">HTTP-s\u00fcti<\/a><\/li>\n<\/ul>\n<h3>Kikapcsolhat\u00f3-e a cookie-k l\u00e9trehoz\u00e1sa?<\/h3>\n<p>Term\u00e9szetesen be\u00e1ll\u00edthatja, hogy b\u00f6ng\u00e9sz\u0151 egy\u00e1ltal\u00e1n ne fogadjon el cookie-kat, vagy csak bizonyos webhelyek cookie-jait fogadja el.<\/p>\n<p>A k\u00f6vetkez\u0151 hivatkoz\u00e1sokra kattintva megismerkedhet a f\u0151bb b\u00f6ng\u00e9sz\u0151k cookie-kra vonatkoz\u00f3 be\u00e1ll\u00edt\u00e1si elj\u00e1r\u00e1saival:.<\/p>\n<ul>\n<li>Chrome &#8212; <a href=\"https:\/\/support.google.com\/chrome\/answer\/95647?hl=hu\">Cookie-k \u00e9s webhelyadatok kezel\u00e9se<\/a><\/li>\n<li>Chrome &#8212; <a href=\"https:\/\/support.google.com\/chrome\/answer\/2392971?hl=hu\">Webhelyek be\u00e1ll\u00edt\u00e1sainak kezel\u00e9se a Chrome mobilv\u00e1ltozat\u00e1ban<\/a><\/li>\n<li>Firefox &#8212; <a href=\"https:\/\/support.mozilla.org\/hu\/kb\/sutik-informacio-amelyet-weboldalak-tarolnak-szami\">S\u00fctik &#8211; inform\u00e1ci\u00f3, amelyet a weboldalak t\u00e1rolnak a sz\u00e1m\u00edt\u00f3g\u00e9p\u00e9n<\/a><\/li>\n<li>Internet Explorer &#8212; Biztons\u00e1gi \u00e9s adatv\u00e9delmi be\u00e1ll\u00edt\u00e1sainak m\u00f3dos\u00edt\u00e1sa <a href=\"http:\/\/windows.microsoft.com\/hu-HU\/internet-explorer\/ie-security-privacy-settings#ie=ie-11\">IE 11<\/a>, <a href=\"http:\/\/windows.microsoft.com\/hu-HU\/internet-explorer\/ie-security-privacy-settings#ie=ie-11-win-7\">IE 11 Win7-en<\/a>, <a href=\"http:\/\/windows.microsoft.com\/hu-HU\/internet-explorer\/ie-security-privacy-settings#ie=ie-10\">IE 10<\/a>, <a href=\"http:\/\/windows.microsoft.com\/hu-HU\/internet-explorer\/ie-security-privacy-settings#ie=ie-10-win-7\">IE 10 Win7-en<\/a>, <a href=\"http:\/\/windows.microsoft.com\/hu-HU\/internet-explorer\/ie-security-privacy-settings#ie=ie-9\">IE 9<\/a>, <a href=\"http:\/\/windows.microsoft.com\/hu-HU\/internet-explorer\/ie-security-privacy-settings#ie=ie-8\">IE 8<\/a>, <a href=\"https:\/\/support.microsoft.com\/hu-hu\/kb\/283185\">IE 6<\/a>, <a href=\"https:\/\/support.microsoft.com\/hu-hu\/kb\/196955\">IE 5<\/a><\/li>\n<li>Internet Edge &#8212; <span class=\"VIiyi\" lang=\"hu\"><span class=\"JLqJ4b ChMk0b\" data-language-for-alternatives=\"hu\" data-language-to-translate-into=\"en\" data-phrase-index=\"0\">B\u00f6ng\u00e9sz\u00e9si adatok \u00e9s adatv\u00e9dele: <a href=\"https:\/\/support.microsoft.com\/en-us\/windows\/microsoft-edge-browsing-data-and-privacy-bb8174ba-9d73-dcf2-9b4a-c582b4e640dd\">\u00daj<\/a>, <a href=\"https:\/\/support.microsoft.com\/en-us\/microsoft-edge\/issue-with-blocking-third-party-cookies-f91209bd-0104-2446-61be-d2e4d7da64da?ui=en-us&amp;rs=en-us&amp;ad=us\">Legacy<\/a><\/span><\/span><\/li>\n<li>Safari &#8212; <a href=\"http:\/\/support.apple.com\/kb\/HT1677?viewlocale=hu_HU\">Internetes be\u00e1ll\u00edt\u00e1sai az iPhone, iPad \u00e9s iPod touch k\u00e9sz\u00fcl\u00e9ken<\/a><\/li>\n<\/ul>\n<p>Tov\u00e1bb\u00e1 a b\u00f6ng\u00e9sz\u0151 s\u00fag\u00f3j\u00e1ban is hasznos tudnival\u00f3kat olvashat.<\/p>\n","protected":false},"excerpt":{"rendered":"<p>A cookie-k bemutat\u00e1sa A cookie a webhely \u00e1ltal l\u00e9trehozott, a sz\u00e1m\u00edt\u00f3g\u00e9pen vagy mobil eszk\u00f6z\u00f6n t\u00e1rolt kism\u00e9ret\u0171 sz\u00f6vegf\u00e1jl. Cookie elhelyez\u00e9s\u00e9val seg\u00edtj\u00fck az weboldalunk hat\u00e9kony m\u0171k\u00f6d\u00e9s\u00e9t. B\u0151vebb inform\u00e1ci\u00f3k a cookie-k m\u0171k\u00f6d\u00e9s\u00e9vel kapcsolatban: HTTP-s\u00fcti Kikapcsolhat\u00f3-e a cookie-k l\u00e9trehoz\u00e1sa? Term\u00e9szetesen be\u00e1ll\u00edthatja, hogy b\u00f6ng\u00e9sz\u0151 egy\u00e1ltal\u00e1n ne fogadjon el cookie-kat, vagy csak bizonyos webhelyek cookie-jait fogadja el. A k\u00f6vetkez\u0151 hivatkoz\u00e1sokra kattintva &#8230; <a title=\"S\u00fcti t\u00e1j\u00e9koztat\u00f3\" class=\"read-more\" href=\"https:\/\/www.naxonet.eu\/hu\/adatvedelmi-tajekoztato\/suti-tajekoztato\/\" aria-label=\"Read more about S\u00fcti t\u00e1j\u00e9koztat\u00f3\">Olvass tov\u00e1bb<\/a><\/p>\n","protected":false},"author":1,"featured_media":0,"parent":782,"menu_order":1921,"comment_status":"closed","ping_status":"closed","template":"","meta":{"footnotes":""},"class_list":["post-1001","page","type-page","status-publish"],"yoast_head":"<!-- This site is optimized with the Yoast SEO plugin v24.6 - https:\/\/yoast.com\/wordpress\/plugins\/seo\/ -->\n<title>S\u00fcti t\u00e1j\u00e9koztat\u00f3 - NaxoNet HU<\/title>\n<meta name=\"robots\" content=\"index, follow, max-snippet:-1, max-image-preview:large, max-video-preview:-1\" \/>\n<link rel=\"canonical\" href=\"https:\/\/www.naxonet.eu\/hu\/adatvedelmi-tajekoztato\/suti-tajekoztato\/\" \/>\n<meta property=\"og:locale\" content=\"hu_HU\" \/>\n<meta property=\"og:type\" content=\"article\" \/>\n<meta property=\"og:title\" content=\"S\u00fcti t\u00e1j\u00e9koztat\u00f3 - NaxoNet HU\" \/>\n<meta property=\"og:description\" content=\"A cookie-k bemutat\u00e1sa A cookie a webhely \u00e1ltal l\u00e9trehozott, a sz\u00e1m\u00edt\u00f3g\u00e9pen vagy mobil eszk\u00f6z\u00f6n t\u00e1rolt kism\u00e9ret\u0171 sz\u00f6vegf\u00e1jl. Cookie elhelyez\u00e9s\u00e9val seg\u00edtj\u00fck az weboldalunk hat\u00e9kony m\u0171k\u00f6d\u00e9s\u00e9t. B\u0151vebb inform\u00e1ci\u00f3k a cookie-k m\u0171k\u00f6d\u00e9s\u00e9vel kapcsolatban: HTTP-s\u00fcti Kikapcsolhat\u00f3-e a cookie-k l\u00e9trehoz\u00e1sa? Term\u00e9szetesen be\u00e1ll\u00edthatja, hogy b\u00f6ng\u00e9sz\u0151 egy\u00e1ltal\u00e1n ne fogadjon el cookie-kat, vagy csak bizonyos webhelyek cookie-jait fogadja el. A k\u00f6vetkez\u0151 hivatkoz\u00e1sokra kattintva ... Olvass tov\u00e1bb\" \/>\n<meta property=\"og:url\" content=\"https:\/\/www.naxonet.eu\/hu\/adatvedelmi-tajekoztato\/suti-tajekoztato\/\" \/>\n<meta property=\"og:site_name\" content=\"NaxoNet HU\" \/>\n<meta property=\"article:modified_time\" content=\"2025-06-29T06:55:18+00:00\" \/>\n<meta name=\"twitter:card\" content=\"summary_large_image\" \/>\n<meta name=\"twitter:label1\" content=\"Becs\u00fclt olvas\u00e1si id\u0151\" \/>\n\t<meta name=\"twitter:data1\" content=\"1 perc\" \/>\n<script type=\"application\/ld+json\" class=\"yoast-schema-graph\">{\"@context\":\"https:\/\/schema.org\",\"@graph\":[{\"@type\":\"WebPage\",\"@id\":\"https:\/\/www.naxonet.eu\/hu\/adatvedelmi-tajekoztato\/suti-tajekoztato\/\",\"url\":\"https:\/\/www.naxonet.eu\/hu\/adatvedelmi-tajekoztato\/suti-tajekoztato\/\",\"name\":\"S\u00fcti t\u00e1j\u00e9koztat\u00f3 - NaxoNet HU\",\"isPartOf\":{\"@id\":\"https:\/\/www.naxonet.eu\/hu\/#website\"},\"datePublished\":\"2021-07-28T05:15:50+00:00\",\"dateModified\":\"2025-06-29T06:55:18+00:00\",\"breadcrumb\":{\"@id\":\"https:\/\/www.naxonet.eu\/hu\/adatvedelmi-tajekoztato\/suti-tajekoztato\/#breadcrumb\"},\"inLanguage\":\"hu\",\"potentialAction\":[{\"@type\":\"ReadAction\",\"target\":[\"https:\/\/www.naxonet.eu\/hu\/adatvedelmi-tajekoztato\/suti-tajekoztato\/\"]}]},{\"@type\":\"BreadcrumbList\",\"@id\":\"https:\/\/www.naxonet.eu\/hu\/adatvedelmi-tajekoztato\/suti-tajekoztato\/#breadcrumb\",\"itemListElement\":[{\"@type\":\"ListItem\",\"position\":1,\"name\":\"Home\",\"item\":\"https:\/\/www.naxonet.eu\/hu\/\"},{\"@type\":\"ListItem\",\"position\":2,\"name\":\"Adatv\u00e9delmi t\u00e1j\u00e9koztat\u00f3\",\"item\":\"https:\/\/www.naxonet.eu\/hu\/adatvedelmi-tajekoztato\/\"},{\"@type\":\"ListItem\",\"position\":3,\"name\":\"S\u00fcti t\u00e1j\u00e9koztat\u00f3\"}]},{\"@type\":\"WebSite\",\"@id\":\"https:\/\/www.naxonet.eu\/hu\/#website\",\"url\":\"https:\/\/www.naxonet.eu\/hu\/\",\"name\":\"NaxoNet HU\",\"description\":\"IT. Solution.\",\"potentialAction\":[{\"@type\":\"SearchAction\",\"target\":{\"@type\":\"EntryPoint\",\"urlTemplate\":\"https:\/\/www.naxonet.eu\/hu\/?s={search_term_string}\"},\"query-input\":{\"@type\":\"PropertyValueSpecification\",\"valueRequired\":true,\"valueName\":\"search_term_string\"}}],\"inLanguage\":\"hu\"}]}<\/script>\n<!-- \/ Yoast SEO plugin. -->","yoast_head_json":{"title":"S\u00fcti t\u00e1j\u00e9koztat\u00f3 - NaxoNet HU","robots":{"index":"index","follow":"follow","max-snippet":"max-snippet:-1","max-image-preview":"max-image-preview:large","max-video-preview":"max-video-preview:-1"},"canonical":"https:\/\/www.naxonet.eu\/hu\/adatvedelmi-tajekoztato\/suti-tajekoztato\/","og_locale":"hu_HU","og_type":"article","og_title":"S\u00fcti t\u00e1j\u00e9koztat\u00f3 - NaxoNet HU","og_description":"A cookie-k bemutat\u00e1sa A cookie a webhely \u00e1ltal l\u00e9trehozott, a sz\u00e1m\u00edt\u00f3g\u00e9pen vagy mobil eszk\u00f6z\u00f6n t\u00e1rolt kism\u00e9ret\u0171 sz\u00f6vegf\u00e1jl. Cookie elhelyez\u00e9s\u00e9val seg\u00edtj\u00fck az weboldalunk hat\u00e9kony m\u0171k\u00f6d\u00e9s\u00e9t. B\u0151vebb inform\u00e1ci\u00f3k a cookie-k m\u0171k\u00f6d\u00e9s\u00e9vel kapcsolatban: HTTP-s\u00fcti Kikapcsolhat\u00f3-e a cookie-k l\u00e9trehoz\u00e1sa? Term\u00e9szetesen be\u00e1ll\u00edthatja, hogy b\u00f6ng\u00e9sz\u0151 egy\u00e1ltal\u00e1n ne fogadjon el cookie-kat, vagy csak bizonyos webhelyek cookie-jait fogadja el. A k\u00f6vetkez\u0151 hivatkoz\u00e1sokra kattintva ... Olvass tov\u00e1bb","og_url":"https:\/\/www.naxonet.eu\/hu\/adatvedelmi-tajekoztato\/suti-tajekoztato\/","og_site_name":"NaxoNet HU","article_modified_time":"2025-06-29T06:55:18+00:00","twitter_card":"summary_large_image","twitter_misc":{"Becs\u00fclt olvas\u00e1si id\u0151":"1 perc"},"schema":{"@context":"https:\/\/schema.org","@graph":[{"@type":"WebPage","@id":"https:\/\/www.naxonet.eu\/hu\/adatvedelmi-tajekoztato\/suti-tajekoztato\/","url":"https:\/\/www.naxonet.eu\/hu\/adatvedelmi-tajekoztato\/suti-tajekoztato\/","name":"S\u00fcti t\u00e1j\u00e9koztat\u00f3 - NaxoNet HU","isPartOf":{"@id":"https:\/\/www.naxonet.eu\/hu\/#website"},"datePublished":"2021-07-28T05:15:50+00:00","dateModified":"2025-06-29T06:55:18+00:00","breadcrumb":{"@id":"https:\/\/www.naxonet.eu\/hu\/adatvedelmi-tajekoztato\/suti-tajekoztato\/#breadcrumb"},"inLanguage":"hu","potentialAction":[{"@type":"ReadAction","target":["https:\/\/www.naxonet.eu\/hu\/adatvedelmi-tajekoztato\/suti-tajekoztato\/"]}]},{"@type":"BreadcrumbList","@id":"https:\/\/www.naxonet.eu\/hu\/adatvedelmi-tajekoztato\/suti-tajekoztato\/#breadcrumb","itemListElement":[{"@type":"ListItem","position":1,"name":"Home","item":"https:\/\/www.naxonet.eu\/hu\/"},{"@type":"ListItem","position":2,"name":"Adatv\u00e9delmi t\u00e1j\u00e9koztat\u00f3","item":"https:\/\/www.naxonet.eu\/hu\/adatvedelmi-tajekoztato\/"},{"@type":"ListItem","position":3,"name":"S\u00fcti t\u00e1j\u00e9koztat\u00f3"}]},{"@type":"WebSite","@id":"https:\/\/www.naxonet.eu\/hu\/#website","url":"https:\/\/www.naxonet.eu\/hu\/","name":"NaxoNet HU","description":"IT. Solution.","potentialAction":[{"@type":"SearchAction","target":{"@type":"EntryPoint","urlTemplate":"https:\/\/www.naxonet.eu\/hu\/?s={search_term_string}"},"query-input":{"@type":"PropertyValueSpecification","valueRequired":true,"valueName":"search_term_string"}}],"inLanguage":"hu"}]}},"_links":{"self":[{"href":"https:\/\/www.naxonet.eu\/hu\/wp-json\/wp\/v2\/pages\/1001"}],"collection":[{"href":"https:\/\/www.naxonet.eu\/hu\/wp-json\/wp\/v2\/pages"}],"about":[{"href":"https:\/\/www.naxonet.eu\/hu\/wp-json\/wp\/v2\/types\/page"}],"author":[{"embeddable":true,"href":"https:\/\/www.naxonet.eu\/hu\/wp-json\/wp\/v2\/users\/1"}],"replies":[{"embeddable":true,"href":"https:\/\/www.naxonet.eu\/hu\/wp-json\/wp\/v2\/comments?post=1001"}],"version-history":[{"count":4,"href":"https:\/\/www.naxonet.eu\/hu\/wp-json\/wp\/v2\/pages\/1001\/revisions"}],"predecessor-version":[{"id":1006,"href":"https:\/\/www.naxonet.eu\/hu\/wp-json\/wp\/v2\/pages\/1001\/revisions\/1006"}],"up":[{"embeddable":true,"href":"https:\/\/www.naxonet.eu\/hu\/wp-json\/wp\/v2\/pages\/782"}],"wp:attachment":[{"href":"https:\/\/www.naxonet.eu\/hu\/wp-json\/wp\/v2\/media?parent=1001"}],"curies":[{"name":"wp","href":"https:\/\/api.w.org\/{rel}","templated":true}]}}