{"id":138,"date":"2021-05-23T16:53:12","date_gmt":"2021-05-23T15:53:12","guid":{"rendered":"https:\/\/www.naxonet.eu\/?page_id=138"},"modified":"2025-06-29T08:53:07","modified_gmt":"2025-06-29T06:53:07","slug":"szolgaltatasaink","status":"publish","type":"page","link":"https:\/\/www.naxonet.eu\/hu\/szolgaltatasaink\/","title":{"rendered":"Szolg\u00e1ltat\u00e1saink"},"content":{"rendered":"\t\t<div data-elementor-type=\"wp-page\" data-elementor-id=\"138\" class=\"elementor elementor-138\" data-elementor-post-type=\"page\">\n\t\t\t\t\t\t<section class=\"elementor-section elementor-top-section elementor-element elementor-element-bc061ab elementor-section-boxed elementor-section-height-default elementor-section-height-default\" data-id=\"bc061ab\" data-element_type=\"section\" data-settings=\"{&quot;ekit_has_onepagescroll_dot&quot;:&quot;yes&quot;}\">\n\t\t\t\t\t\t<div class=\"elementor-container elementor-column-gap-default\">\n\t\t\t\t\t<div class=\"elementor-column elementor-col-100 elementor-top-column elementor-element elementor-element-298842c\" data-id=\"298842c\" data-element_type=\"column\">\n\t\t\t<div class=\"elementor-widget-wrap elementor-element-populated\">\n\t\t\t\t\t\t<div class=\"elementor-element elementor-element-4ba1b70 elementor-widget elementor-widget-text-editor\" data-id=\"4ba1b70\" data-element_type=\"widget\" data-settings=\"{&quot;ekit_we_effect_on&quot;:&quot;none&quot;}\" data-widget_type=\"text-editor.default\">\n\t\t\t\t<div class=\"elementor-widget-container\">\n\t\t\t\t\t\t\t\t\t<p>Az al\u00e1bbi szolg\u00e1ltat\u00e1sokat k\u00edn\u00e1ljuk els\u0151sorban \u00fcgyfeleinknek, de ig\u00e9ny eset\u00e9n egyedi megold\u00e1sok is el\u00e9rhet\u0151ek:<\/p>\t\t\t\t\t\t\t\t<\/div>\n\t\t\t\t<\/div>\n\t\t\t\t\t<\/div>\n\t\t<\/div>\n\t\t\t\t\t<\/div>\n\t\t<\/section>\n\t\t\t\t<section class=\"elementor-section elementor-top-section elementor-element elementor-element-2ced57e elementor-section-boxed elementor-section-height-default elementor-section-height-default\" data-id=\"2ced57e\" data-element_type=\"section\" data-settings=\"{&quot;ekit_has_onepagescroll_dot&quot;:&quot;yes&quot;}\">\n\t\t\t\t\t\t<div class=\"elementor-container elementor-column-gap-default\">\n\t\t\t\t\t<div class=\"elementor-column elementor-col-100 elementor-top-column elementor-element elementor-element-b5c048b\" data-id=\"b5c048b\" data-element_type=\"column\" data-settings=\"{&quot;background_background&quot;:&quot;gradient&quot;}\">\n\t\t\t<div class=\"elementor-widget-wrap elementor-element-populated\">\n\t\t\t\t\t\t<div class=\"elementor-element elementor-element-81cc74c elementor-widget elementor-widget-accordion\" data-id=\"81cc74c\" data-element_type=\"widget\" data-settings=\"{&quot;ekit_we_effect_on&quot;:&quot;none&quot;}\" data-widget_type=\"accordion.default\">\n\t\t\t\t<div class=\"elementor-widget-container\">\n\t\t\t\t\t\t\t<div class=\"elementor-accordion\">\n\t\t\t\t\t\t\t<div class=\"elementor-accordion-item\">\n\t\t\t\t\t<div id=\"elementor-tab-title-1361\" class=\"elementor-tab-title\" data-tab=\"1\" role=\"button\" aria-controls=\"elementor-tab-content-1361\" aria-expanded=\"false\">\n\t\t\t\t\t\t\t\t\t\t\t\t\t<span class=\"elementor-accordion-icon elementor-accordion-icon-left\" aria-hidden=\"true\">\n\t\t\t\t\t\t\t\t\t\t\t\t\t\t\t<span class=\"elementor-accordion-icon-closed\"><i class=\"fas fa-plus\"><\/i><\/span>\n\t\t\t\t\t\t\t\t<span class=\"elementor-accordion-icon-opened\"><i class=\"fas fa-minus\"><\/i><\/span>\n\t\t\t\t\t\t\t\t\t\t\t\t\t\t<\/span>\n\t\t\t\t\t\t\t\t\t\t\t\t<a class=\"elementor-accordion-title\" tabindex=\"0\">Domain \u00fcgyint\u00e9z\u00e9s<\/a>\n\t\t\t\t\t<\/div>\n\t\t\t\t\t<div id=\"elementor-tab-content-1361\" class=\"elementor-tab-content elementor-clearfix\" data-tab=\"1\" role=\"region\" aria-labelledby=\"elementor-tab-title-1361\"><p>Teljesk\u00f6r\u00fcl domain \u00fcgyint\u00e9z\u00e9st v\u00e9gz\u00fcnk, legyen sz\u00f3 ak\u00e1r regisztr\u00e1ci\u00f3r\u00f3l, \u00e1tregisztr\u00e1ci\u00f3r\u00f3l, tulajdonos-v\u00e1lt\u00e1sr\u00f3l vagy \u00e9ves fenntart\u00e1sr\u00f3l. Domain szolg\u00e1ltat\u00e1s mell\u00e9 ingyen biztos\u00edtjuk t\u00f6bb orsz\u00e1gb\u00f3l m\u0171k\u00f6d\u0151 DNS szolg\u00e1ltat\u00e1sunkat.<\/p><p><a href=\"https:\/\/www.naxonet.eu\/hu\/szolgaltatasaink\/domain\/\">[b\u0151vebben]<\/a><\/p><\/div>\n\t\t\t\t<\/div>\n\t\t\t\t\t\t\t<div class=\"elementor-accordion-item\">\n\t\t\t\t\t<div id=\"elementor-tab-title-1362\" class=\"elementor-tab-title\" data-tab=\"2\" role=\"button\" aria-controls=\"elementor-tab-content-1362\" aria-expanded=\"false\">\n\t\t\t\t\t\t\t\t\t\t\t\t\t<span class=\"elementor-accordion-icon elementor-accordion-icon-left\" aria-hidden=\"true\">\n\t\t\t\t\t\t\t\t\t\t\t\t\t\t\t<span class=\"elementor-accordion-icon-closed\"><i class=\"fas fa-plus\"><\/i><\/span>\n\t\t\t\t\t\t\t\t<span class=\"elementor-accordion-icon-opened\"><i class=\"fas fa-minus\"><\/i><\/span>\n\t\t\t\t\t\t\t\t\t\t\t\t\t\t<\/span>\n\t\t\t\t\t\t\t\t\t\t\t\t<a class=\"elementor-accordion-title\" tabindex=\"0\">Hosting (dns, web, email, ftp, stb.)<\/a>\n\t\t\t\t\t<\/div>\n\t\t\t\t\t<div id=\"elementor-tab-content-1362\" class=\"elementor-tab-content elementor-clearfix\" data-tab=\"2\" role=\"region\" aria-labelledby=\"elementor-tab-title-1362\"><p>\u00c1ltalunk k\u00edn\u00e1lt hosting t\u00e1rhelyek tetsz\u00e9s szerint oszthat\u00f3ak meg a k\u00fcl\u00f6nb\u00f6z\u0151 szolg\u00e1ltat\u00e1sok k\u00f6z\u00f6tt, de ak\u00e1r arra is m\u00f3d van, hogy a v\u00e1lasztott hosting csomag teljes eg\u00e9sz\u00e9ben csak egy szolg\u00e1ltat\u00e1sra ker\u00fclj\u00f6n felhaszn\u00e1l\u00e1sra.<\/p><p><a href=\"https:\/\/www.naxonet.eu\/hu\/szolgaltatasaink\/hosting\/\">[b\u0151vebben]<\/a><\/p><\/div>\n\t\t\t\t<\/div>\n\t\t\t\t\t\t\t<div class=\"elementor-accordion-item\">\n\t\t\t\t\t<div id=\"elementor-tab-title-1363\" class=\"elementor-tab-title\" data-tab=\"3\" role=\"button\" aria-controls=\"elementor-tab-content-1363\" aria-expanded=\"false\">\n\t\t\t\t\t\t\t\t\t\t\t\t\t<span class=\"elementor-accordion-icon elementor-accordion-icon-left\" aria-hidden=\"true\">\n\t\t\t\t\t\t\t\t\t\t\t\t\t\t\t<span class=\"elementor-accordion-icon-closed\"><i class=\"fas fa-plus\"><\/i><\/span>\n\t\t\t\t\t\t\t\t<span class=\"elementor-accordion-icon-opened\"><i class=\"fas fa-minus\"><\/i><\/span>\n\t\t\t\t\t\t\t\t\t\t\t\t\t\t<\/span>\n\t\t\t\t\t\t\t\t\t\t\t\t<a class=\"elementor-accordion-title\" tabindex=\"0\">Virtu\u00e1lis Szerver (VPS)<\/a>\n\t\t\t\t\t<\/div>\n\t\t\t\t\t<div id=\"elementor-tab-content-1363\" class=\"elementor-tab-content elementor-clearfix\" data-tab=\"3\" role=\"region\" aria-labelledby=\"elementor-tab-title-1363\"><p>Saj\u00e1t rendszer ki\u00e9p\u00edt\u00e9s\u00e9hez \u00e9s \u00fczemeltet\u00e9s\u00e9hez aj\u00e1nljuk <a href=\"https:\/\/www.naxonet.eu\/hu\/szolgaltatasaink\/virtualis-szerver\/\">Virtu\u00e1lis Szerver (VPS)<\/a> szolg\u00e1ltat\u00e1sunkat a fizikai g\u00e9p haszn\u00e1lata helyett. Egyedi ig\u00e9nyeket is kiszolg\u00e1lunk. Egyre fontosabb a rendszerek napra k\u00e9szen tart\u00e1sa \u00e9s biztons\u00e1gos \u00fczemeltet\u00e9se, ez\u00e9rt <a href=\"https:\/\/www.naxonet.eu\/hu\/szolgaltatasaink\/virtualis-szerver\/\">Virtu\u00e1lis Szerver (VPS)<\/a> szolg\u00e1ltat\u00e1sunk mell\u00e9 aj\u00e1nljuk <a href=\"https:\/\/www.naxonet.eu\/hu\/szolgaltatasaink\/rendszergazda\/\">Rendszergazda (Sysadmin)<\/a> szolg\u00e1ltat\u00e1sunkat.<\/p><p><a href=\"https:\/\/www.naxonet.eu\/hu\/szolgaltatasaink\/virtualis-szerver\/\">[b\u0151vebben]<\/a><\/p><\/div>\n\t\t\t\t<\/div>\n\t\t\t\t\t\t\t<div class=\"elementor-accordion-item\">\n\t\t\t\t\t<div id=\"elementor-tab-title-1364\" class=\"elementor-tab-title\" data-tab=\"4\" role=\"button\" aria-controls=\"elementor-tab-content-1364\" aria-expanded=\"false\">\n\t\t\t\t\t\t\t\t\t\t\t\t\t<span class=\"elementor-accordion-icon elementor-accordion-icon-left\" aria-hidden=\"true\">\n\t\t\t\t\t\t\t\t\t\t\t\t\t\t\t<span class=\"elementor-accordion-icon-closed\"><i class=\"fas fa-plus\"><\/i><\/span>\n\t\t\t\t\t\t\t\t<span class=\"elementor-accordion-icon-opened\"><i class=\"fas fa-minus\"><\/i><\/span>\n\t\t\t\t\t\t\t\t\t\t\t\t\t\t<\/span>\n\t\t\t\t\t\t\t\t\t\t\t\t<a class=\"elementor-accordion-title\" tabindex=\"0\">Rendszergazda (sysadmin)<\/a>\n\t\t\t\t\t<\/div>\n\t\t\t\t\t<div id=\"elementor-tab-content-1364\" class=\"elementor-tab-content elementor-clearfix\" data-tab=\"4\" role=\"region\" aria-labelledby=\"elementor-tab-title-1364\"><p><a href=\"https:\/\/www.naxonet.eu\/hu\/szolgaltatasaink\/rendszergazda\/\">Rendszergazda (Sysadmin)<\/a> szolg\u00e1ltat\u00e1s keret\u00e9n bel\u00fcl v\u00e1llaljuk n\u00e1lunk vagy m\u00e1shol b\u00e9relt <a href=\"https:\/\/www.naxonet.eu\/hu\/szolgaltatasaink\/virtualis-szerver\/\">Virtu\u00e1lis Szerver (VPS)<\/a> vagy fizikai g\u00e9p karbantart\u00e1s\u00e1t, \u00fczemeltet\u00e9s\u00e9t, legyen az szerverk\u00f6zpontban vagy irod\u00e1ban. Szolg\u00e1ltat\u00e1s keret\u00e9n bel\u00fcl a karbantartott g\u00e9peket folyamatosan (365\/24\/7) monitorozzuk SMS-riaszt\u00e1ssal egybek\u00f6tve.<\/p><p><a href=\"https:\/\/www.naxonet.eu\/hu\/szolgaltatasaink\/rendszergazda\/\">[b\u0151vebben]<\/a><\/p><\/div>\n\t\t\t\t<\/div>\n\t\t\t\t\t\t\t<div class=\"elementor-accordion-item\">\n\t\t\t\t\t<div id=\"elementor-tab-title-1365\" class=\"elementor-tab-title\" data-tab=\"5\" role=\"button\" aria-controls=\"elementor-tab-content-1365\" aria-expanded=\"false\">\n\t\t\t\t\t\t\t\t\t\t\t\t\t<span class=\"elementor-accordion-icon elementor-accordion-icon-left\" aria-hidden=\"true\">\n\t\t\t\t\t\t\t\t\t\t\t\t\t\t\t<span class=\"elementor-accordion-icon-closed\"><i class=\"fas fa-plus\"><\/i><\/span>\n\t\t\t\t\t\t\t\t<span class=\"elementor-accordion-icon-opened\"><i class=\"fas fa-minus\"><\/i><\/span>\n\t\t\t\t\t\t\t\t\t\t\t\t\t\t<\/span>\n\t\t\t\t\t\t\t\t\t\t\t\t<a class=\"elementor-accordion-title\" tabindex=\"0\">Adatment\u00e9s t\u00e1rhely (backup)<\/a>\n\t\t\t\t\t<\/div>\n\t\t\t\t\t<div id=\"elementor-tab-content-1365\" class=\"elementor-tab-content elementor-clearfix\" data-tab=\"5\" role=\"region\" aria-labelledby=\"elementor-tab-title-1365\"><p>E szolg\u00e1ltat\u00e1s keret\u00e9ben v\u00e1llaljuk <a href=\"https:\/\/www.naxonet.eu\/hu\/szolgaltatasaink\/virtualis-szerver\/\">Virtu\u00e1lis Szerver (VPS)<\/a> \u00e9s\/vagy fizikai szerverek ment\u00e9s\u00e9t, amelyek legyen ak\u00e1r szerverk\u00f6zpontban, irod\u00e1ban vagy esetleg otthon. Alapvet\u0151en a ment\u0151 rendszer csatlakozik ki a c\u00e9l eszk\u00f6zre, de lehet\u0151s\u00e9g van az ment\u00e9si ir\u00e1ny megv\u00e1ltoztat\u00e1s\u00e1ra, azaz hogy a mentend\u0151 eszk\u00f6z k\u00fcldje \u00e1t az adatokat a backup t\u00e1rhelyre. Minden ment\u00e9s titkos\u00edtott f\u00e1jlrendszerre ker\u00fcl.<\/p><p><a href=\"https:\/\/www.naxonet.eu\/hu\/szolgaltatasaink\/adatmentes-tarhely\/\">[b\u0151vebben]<\/a><\/p><\/div>\n\t\t\t\t<\/div>\n\t\t\t\t\t\t\t<div class=\"elementor-accordion-item\">\n\t\t\t\t\t<div id=\"elementor-tab-title-1366\" class=\"elementor-tab-title\" data-tab=\"6\" role=\"button\" aria-controls=\"elementor-tab-content-1366\" aria-expanded=\"false\">\n\t\t\t\t\t\t\t\t\t\t\t\t\t<span class=\"elementor-accordion-icon elementor-accordion-icon-left\" aria-hidden=\"true\">\n\t\t\t\t\t\t\t\t\t\t\t\t\t\t\t<span class=\"elementor-accordion-icon-closed\"><i class=\"fas fa-plus\"><\/i><\/span>\n\t\t\t\t\t\t\t\t<span class=\"elementor-accordion-icon-opened\"><i class=\"fas fa-minus\"><\/i><\/span>\n\t\t\t\t\t\t\t\t\t\t\t\t\t\t<\/span>\n\t\t\t\t\t\t\t\t\t\t\t\t<a class=\"elementor-accordion-title\" tabindex=\"0\">Stormshield (SNS, SES, SDS)<\/a>\n\t\t\t\t\t<\/div>\n\t\t\t\t\t<div id=\"elementor-tab-content-1366\" class=\"elementor-tab-content elementor-clearfix\" data-tab=\"6\" role=\"region\" aria-labelledby=\"elementor-tab-title-1366\"><p>A <a href=\"https:\/\/www.stormshield.co.hu\/\" target=\"_blank\" rel=\"noopener\">Stormshield t\u0171zfalak<\/a> \u2013 100%-os eur\u00f3pai h\u00e1tt\u00e9rrel \u00e9s tulajdonjoggal \u2013 egyed\u00fcl\u00e1ll\u00f3an hiteles\u00edtettek az UTM piacon \u00e9s f\u00fcggetlenek a korm\u00e1nyzati partners\u00e9gekt\u0151l \u00e9s a h\u00e1ts\u00f3ajt\u00f3 (backdoor) fenyeget\u00e9sekt\u0151l, ami sok gy\u00e1rt\u00f3 h\u00edrnev\u00e9t \u00e9rinti. A <strong>Stormshield Network Security<\/strong> az egyetlen olyan UTM t\u0171zfal megold\u00e1s, amely teljes\u00edti az Eur\u00f3pai Uni\u00f3 \u00e1ltal el\u0151\u00edrt bizalmas adatok kezel\u00e9s\u00e9re vonatkoz\u00f3 el\u0151\u00edr\u00e1sokat.<\/p><p><strong>Stormshield Certified Gold Partner<\/strong> min\u0151s\u00edt\u00e9s\u0171 viszontelad\u00f3k\u00e9nt forgalmazzuk vagy szolg\u00e1ltat\u00e1si szerz\u0151d\u00e9s keret\u00e9n bel\u00fcl b\u00e9rbe adjuk a k\u00edv\u00e1nt t\u00edpus\u00fa Stormshield eszk\u00f6z\u00f6ket. Tov\u00e1bb\u00e1 ig\u00e9ny eset\u00e9n v\u00e1llaljuk az eszk\u00f6z\u00f6k \u00fczemeltet\u00e9s\u00e9t is.<\/p><p><a href=\"https:\/\/www.naxonet.eu\/hu\/szolgaltatasaink\/stormshield\/\">[b\u0151vebben]<\/a><\/p><\/div>\n\t\t\t\t<\/div>\n\t\t\t\t\t\t\t\t<\/div>\n\t\t\t\t\t\t<\/div>\n\t\t\t\t<\/div>\n\t\t\t\t\t<\/div>\n\t\t<\/div>\n\t\t\t\t\t<\/div>\n\t\t<\/section>\n\t\t\t\t<\/div>\n\t\t","protected":false},"excerpt":{"rendered":"<p>Az al\u00e1bbi szolg\u00e1ltat\u00e1sokat k\u00edn\u00e1ljuk els\u0151sorban \u00fcgyfeleinknek, de ig\u00e9ny eset\u00e9n egyedi megold\u00e1sok is el\u00e9rhet\u0151ek: Domain \u00fcgyint\u00e9z\u00e9s Teljesk\u00f6r\u00fcl domain \u00fcgyint\u00e9z\u00e9st v\u00e9gz\u00fcnk, legyen sz\u00f3 ak\u00e1r regisztr\u00e1ci\u00f3r\u00f3l, \u00e1tregisztr\u00e1ci\u00f3r\u00f3l, tulajdonos-v\u00e1lt\u00e1sr\u00f3l vagy \u00e9ves fenntart\u00e1sr\u00f3l. Domain szolg\u00e1ltat\u00e1s mell\u00e9 ingyen biztos\u00edtjuk t\u00f6bb orsz\u00e1gb\u00f3l m\u0171k\u00f6d\u0151 DNS szolg\u00e1ltat\u00e1sunkat. [b\u0151vebben] Hosting (dns, web, email, ftp, stb.) \u00c1ltalunk k\u00edn\u00e1lt hosting t\u00e1rhelyek tetsz\u00e9s szerint oszthat\u00f3ak meg a k\u00fcl\u00f6nb\u00f6z\u0151 &#8230; <a title=\"Szolg\u00e1ltat\u00e1saink\" class=\"read-more\" href=\"https:\/\/www.naxonet.eu\/hu\/szolgaltatasaink\/\" aria-label=\"Read more about Szolg\u00e1ltat\u00e1saink\">Olvass tov\u00e1bb<\/a><\/p>\n","protected":false},"author":1,"featured_media":0,"parent":0,"menu_order":1300,"comment_status":"closed","ping_status":"closed","template":"","meta":{"footnotes":""},"class_list":["post-138","page","type-page","status-publish"],"yoast_head":"<!-- This site is optimized with the Yoast SEO plugin v24.6 - https:\/\/yoast.com\/wordpress\/plugins\/seo\/ -->\n<title>Szolg\u00e1ltat\u00e1saink - NaxoNet HU - IT. Solution.<\/title>\n<meta name=\"description\" content=\"Szolg\u00e1ltat\u00e1saink sz\u00e9les sk\u00e1lon mozognak! T\u00f6bbek k\u00f6z\u00f6tt domain, VPS, rendszergazdai, h\u00e1l\u00f3zatbiztons\u00e1g-technikai \u00e9s hosting szolg\u00e1ltat\u00e1sok.\" \/>\n<meta name=\"robots\" content=\"index, follow, max-snippet:-1, max-image-preview:large, max-video-preview:-1\" \/>\n<link rel=\"canonical\" href=\"https:\/\/www.naxonet.eu\/hu\/szolgaltatasaink\/\" \/>\n<meta property=\"og:locale\" content=\"hu_HU\" \/>\n<meta property=\"og:type\" content=\"article\" \/>\n<meta property=\"og:title\" content=\"Szolg\u00e1ltat\u00e1saink - NaxoNet HU - IT. Solution.\" \/>\n<meta property=\"og:description\" content=\"Szolg\u00e1ltat\u00e1saink sz\u00e9les sk\u00e1lon mozognak! T\u00f6bbek k\u00f6z\u00f6tt domain, VPS, rendszergazdai, h\u00e1l\u00f3zatbiztons\u00e1g-technikai \u00e9s hosting szolg\u00e1ltat\u00e1sok.\" \/>\n<meta property=\"og:url\" content=\"https:\/\/www.naxonet.eu\/hu\/szolgaltatasaink\/\" \/>\n<meta property=\"og:site_name\" content=\"NaxoNet HU\" \/>\n<meta property=\"article:modified_time\" content=\"2025-06-29T06:53:07+00:00\" \/>\n<meta name=\"twitter:card\" content=\"summary_large_image\" \/>\n<meta name=\"twitter:label1\" content=\"Becs\u00fclt olvas\u00e1si id\u0151\" \/>\n\t<meta name=\"twitter:data1\" content=\"2 perc\" \/>\n<script type=\"application\/ld+json\" class=\"yoast-schema-graph\">{\"@context\":\"https:\/\/schema.org\",\"@graph\":[{\"@type\":\"WebPage\",\"@id\":\"https:\/\/www.naxonet.eu\/hu\/szolgaltatasaink\/\",\"url\":\"https:\/\/www.naxonet.eu\/hu\/szolgaltatasaink\/\",\"name\":\"Szolg\u00e1ltat\u00e1saink - NaxoNet HU - IT. Solution.\",\"isPartOf\":{\"@id\":\"https:\/\/www.naxonet.eu\/hu\/#website\"},\"datePublished\":\"2021-05-23T15:53:12+00:00\",\"dateModified\":\"2025-06-29T06:53:07+00:00\",\"description\":\"Szolg\u00e1ltat\u00e1saink sz\u00e9les sk\u00e1lon mozognak! T\u00f6bbek k\u00f6z\u00f6tt domain, VPS, rendszergazdai, h\u00e1l\u00f3zatbiztons\u00e1g-technikai \u00e9s hosting szolg\u00e1ltat\u00e1sok.\",\"breadcrumb\":{\"@id\":\"https:\/\/www.naxonet.eu\/hu\/szolgaltatasaink\/#breadcrumb\"},\"inLanguage\":\"hu\",\"potentialAction\":[{\"@type\":\"ReadAction\",\"target\":[\"https:\/\/www.naxonet.eu\/hu\/szolgaltatasaink\/\"]}]},{\"@type\":\"BreadcrumbList\",\"@id\":\"https:\/\/www.naxonet.eu\/hu\/szolgaltatasaink\/#breadcrumb\",\"itemListElement\":[{\"@type\":\"ListItem\",\"position\":1,\"name\":\"Home\",\"item\":\"https:\/\/www.naxonet.eu\/hu\/\"},{\"@type\":\"ListItem\",\"position\":2,\"name\":\"Szolg\u00e1ltat\u00e1saink\"}]},{\"@type\":\"WebSite\",\"@id\":\"https:\/\/www.naxonet.eu\/hu\/#website\",\"url\":\"https:\/\/www.naxonet.eu\/hu\/\",\"name\":\"NaxoNet HU\",\"description\":\"IT. Solution.\",\"potentialAction\":[{\"@type\":\"SearchAction\",\"target\":{\"@type\":\"EntryPoint\",\"urlTemplate\":\"https:\/\/www.naxonet.eu\/hu\/?s={search_term_string}\"},\"query-input\":{\"@type\":\"PropertyValueSpecification\",\"valueRequired\":true,\"valueName\":\"search_term_string\"}}],\"inLanguage\":\"hu\"}]}<\/script>\n<!-- \/ Yoast SEO plugin. -->","yoast_head_json":{"title":"Szolg\u00e1ltat\u00e1saink - NaxoNet HU - IT. Solution.","description":"Szolg\u00e1ltat\u00e1saink sz\u00e9les sk\u00e1lon mozognak! T\u00f6bbek k\u00f6z\u00f6tt domain, VPS, rendszergazdai, h\u00e1l\u00f3zatbiztons\u00e1g-technikai \u00e9s hosting szolg\u00e1ltat\u00e1sok.","robots":{"index":"index","follow":"follow","max-snippet":"max-snippet:-1","max-image-preview":"max-image-preview:large","max-video-preview":"max-video-preview:-1"},"canonical":"https:\/\/www.naxonet.eu\/hu\/szolgaltatasaink\/","og_locale":"hu_HU","og_type":"article","og_title":"Szolg\u00e1ltat\u00e1saink - NaxoNet HU - IT. Solution.","og_description":"Szolg\u00e1ltat\u00e1saink sz\u00e9les sk\u00e1lon mozognak! T\u00f6bbek k\u00f6z\u00f6tt domain, VPS, rendszergazdai, h\u00e1l\u00f3zatbiztons\u00e1g-technikai \u00e9s hosting szolg\u00e1ltat\u00e1sok.","og_url":"https:\/\/www.naxonet.eu\/hu\/szolgaltatasaink\/","og_site_name":"NaxoNet HU","article_modified_time":"2025-06-29T06:53:07+00:00","twitter_card":"summary_large_image","twitter_misc":{"Becs\u00fclt olvas\u00e1si id\u0151":"2 perc"},"schema":{"@context":"https:\/\/schema.org","@graph":[{"@type":"WebPage","@id":"https:\/\/www.naxonet.eu\/hu\/szolgaltatasaink\/","url":"https:\/\/www.naxonet.eu\/hu\/szolgaltatasaink\/","name":"Szolg\u00e1ltat\u00e1saink - NaxoNet HU - IT. Solution.","isPartOf":{"@id":"https:\/\/www.naxonet.eu\/hu\/#website"},"datePublished":"2021-05-23T15:53:12+00:00","dateModified":"2025-06-29T06:53:07+00:00","description":"Szolg\u00e1ltat\u00e1saink sz\u00e9les sk\u00e1lon mozognak! T\u00f6bbek k\u00f6z\u00f6tt domain, VPS, rendszergazdai, h\u00e1l\u00f3zatbiztons\u00e1g-technikai \u00e9s hosting szolg\u00e1ltat\u00e1sok.","breadcrumb":{"@id":"https:\/\/www.naxonet.eu\/hu\/szolgaltatasaink\/#breadcrumb"},"inLanguage":"hu","potentialAction":[{"@type":"ReadAction","target":["https:\/\/www.naxonet.eu\/hu\/szolgaltatasaink\/"]}]},{"@type":"BreadcrumbList","@id":"https:\/\/www.naxonet.eu\/hu\/szolgaltatasaink\/#breadcrumb","itemListElement":[{"@type":"ListItem","position":1,"name":"Home","item":"https:\/\/www.naxonet.eu\/hu\/"},{"@type":"ListItem","position":2,"name":"Szolg\u00e1ltat\u00e1saink"}]},{"@type":"WebSite","@id":"https:\/\/www.naxonet.eu\/hu\/#website","url":"https:\/\/www.naxonet.eu\/hu\/","name":"NaxoNet HU","description":"IT. Solution.","potentialAction":[{"@type":"SearchAction","target":{"@type":"EntryPoint","urlTemplate":"https:\/\/www.naxonet.eu\/hu\/?s={search_term_string}"},"query-input":{"@type":"PropertyValueSpecification","valueRequired":true,"valueName":"search_term_string"}}],"inLanguage":"hu"}]}},"_links":{"self":[{"href":"https:\/\/www.naxonet.eu\/hu\/wp-json\/wp\/v2\/pages\/138"}],"collection":[{"href":"https:\/\/www.naxonet.eu\/hu\/wp-json\/wp\/v2\/pages"}],"about":[{"href":"https:\/\/www.naxonet.eu\/hu\/wp-json\/wp\/v2\/types\/page"}],"author":[{"embeddable":true,"href":"https:\/\/www.naxonet.eu\/hu\/wp-json\/wp\/v2\/users\/1"}],"replies":[{"embeddable":true,"href":"https:\/\/www.naxonet.eu\/hu\/wp-json\/wp\/v2\/comments?post=138"}],"version-history":[{"count":70,"href":"https:\/\/www.naxonet.eu\/hu\/wp-json\/wp\/v2\/pages\/138\/revisions"}],"predecessor-version":[{"id":1335,"href":"https:\/\/www.naxonet.eu\/hu\/wp-json\/wp\/v2\/pages\/138\/revisions\/1335"}],"wp:attachment":[{"href":"https:\/\/www.naxonet.eu\/hu\/wp-json\/wp\/v2\/media?parent=138"}],"curies":[{"name":"wp","href":"https:\/\/api.w.org\/{rel}","templated":true}]}}