{"id":164,"date":"2021-05-24T06:56:43","date_gmt":"2021-05-24T04:56:43","guid":{"rendered":"https:\/\/www.naxonet.eu\/?page_id=164"},"modified":"2025-06-29T08:53:48","modified_gmt":"2025-06-29T06:53:48","slug":"virtualis-szerver","status":"publish","type":"page","link":"https:\/\/www.naxonet.eu\/hu\/szolgaltatasaink\/virtualis-szerver\/","title":{"rendered":"Virtu\u00e1lis Szerver (VPS)"},"content":{"rendered":"\t\t<div data-elementor-type=\"wp-page\" data-elementor-id=\"164\" class=\"elementor elementor-164\" data-elementor-post-type=\"page\">\n\t\t\t\t\t\t<section class=\"elementor-section elementor-top-section elementor-element elementor-element-3ab81d2 elementor-section-boxed elementor-section-height-default elementor-section-height-default\" data-id=\"3ab81d2\" data-element_type=\"section\" data-settings=\"{&quot;ekit_has_onepagescroll_dot&quot;:&quot;yes&quot;}\">\n\t\t\t\t\t\t<div class=\"elementor-container elementor-column-gap-default\">\n\t\t\t\t\t<div class=\"elementor-column elementor-col-100 elementor-top-column elementor-element elementor-element-b3b068e\" data-id=\"b3b068e\" data-element_type=\"column\">\n\t\t\t<div class=\"elementor-widget-wrap elementor-element-populated\">\n\t\t\t\t\t\t<div class=\"elementor-element elementor-element-80f5730 elementor-widget elementor-widget-text-editor\" data-id=\"80f5730\" data-element_type=\"widget\" data-settings=\"{&quot;ekit_we_effect_on&quot;:&quot;none&quot;}\" data-widget_type=\"text-editor.default\">\n\t\t\t\t<div class=\"elementor-widget-container\">\n\t\t\t\t\t\t\t\t\t<p class=\"justify\">Saj\u00e1t rendszer ki\u00e9p\u00edt\u00e9s\u00e9hez, \u00fczemeltet\u00e9s\u00e9hez els\u0151sorban <a href=\"https:\/\/www.naxonet.eu\/hu\/szolgaltatasaink\/virtualis-szerver\/\">Virtu\u00e1lis Szerver (VPS)<\/a> szolg\u00e1ltat\u00e1sunkat aj\u00e1nljuk az al\u00e1bbiak miatt:<\/p><ul class=\"content-ul ul-disc\"><li>magas rendelkez\u00e9sre \u00e1ll\u00e1s<\/li><li>nem kell foglalkozni a fizikai g\u00e9p \u00e1llapot\u00e1val, karbantart\u00e1s\u00e1val<\/li><li>ig\u00e9ny szerint v\u00e1ltoztathat\u00f3 teljes\u00edtm\u00e9ny (k\u00f6nnyen \u00e9s k\u00f6lts\u00e9ghat\u00e9konyan lekezelhet\u0151 a r\u00f6vid ideig sz\u00fcks\u00e9ges teljes\u00edtm\u00e9nyugr\u00e1s)<\/li><\/ul>\t\t\t\t\t\t\t\t<\/div>\n\t\t\t\t<\/div>\n\t\t\t\t\t<\/div>\n\t\t<\/div>\n\t\t\t\t\t<\/div>\n\t\t<\/section>\n\t\t\t\t<section class=\"elementor-section elementor-top-section elementor-element elementor-element-5c5c618 elementor-section-boxed elementor-section-height-default elementor-section-height-default\" data-id=\"5c5c618\" data-element_type=\"section\" data-settings=\"{&quot;ekit_has_onepagescroll_dot&quot;:&quot;yes&quot;}\">\n\t\t\t\t\t\t<div class=\"elementor-container elementor-column-gap-default\">\n\t\t\t\t\t<div class=\"elementor-column elementor-col-100 elementor-top-column elementor-element elementor-element-5e6f508\" data-id=\"5e6f508\" data-element_type=\"column\">\n\t\t\t<div class=\"elementor-widget-wrap elementor-element-populated\">\n\t\t\t\t\t\t<div class=\"elementor-element elementor-element-4679865 elementor-widget elementor-widget-text-editor\" data-id=\"4679865\" data-element_type=\"widget\" data-settings=\"{&quot;ekit_we_effect_on&quot;:&quot;none&quot;}\" data-widget_type=\"text-editor.default\">\n\t\t\t\t<div class=\"elementor-widget-container\">\n\t\t\t\t\t\t\t\t\t\n<table id=\"tablepress-341\" class=\"tablepress tablepress-id-341 compact stripe cell-border\">\n<thead>\n<tr class=\"row-1\">\n\t<th class=\"column-1\">\u00d6sszetev\u0151<\/th><th class=\"column-2\">Havi&nbsp;d\u00edj<\/th><th class=\"column-3\">Megjegyz\u00e9s<\/th>\n<\/tr>\n<\/thead>\n<tbody class=\"row-striping row-hover\">\n<tr class=\"row-2\">\n\t<td class=\"column-1\">Operaci\u00f3s rendszer<\/td><td class=\"column-2\">0&nbsp;Ft<\/td><td class=\"column-3\">Ubuntu 20.04 LTS, 22.04 LTS<br \/>\nDebian 11, Debian 12<\/td>\n<\/tr>\n<tr class=\"row-3\">\n\t<td class=\"column-1\">vCPU &#8211; 2.2 GHz<\/td><td class=\"column-2\">1.000&nbsp;Ft<br \/>\n\/ 1 vCPU Core<\/td><td class=\"column-3\">Maximum 16 vCPU Core<\/td>\n<\/tr>\n<tr class=\"row-4\">\n\t<td class=\"column-1\">RAM<\/td><td class=\"column-2\">500&nbsp;Ft<br \/>\n\/ 1 GB RAM<\/td><td class=\"column-3\">Maximum 64 GB RAM<\/td>\n<\/tr>\n<tr class=\"row-5\">\n\t<td class=\"column-1\">HDD 500 GB-ig<\/td><td class=\"column-2\">1.000&nbsp;Ft<br \/>\n\/ 20 GB<\/td><td class=\"column-3\"><\/td>\n<\/tr>\n<tr class=\"row-6\">\n\t<td class=\"column-1\">HDD 500 GB felett<\/td><td class=\"column-2\">1.000&nbsp;Ft<br \/>\n\/ 40 GB<\/td><td class=\"column-3\">Maximum korl\u00e1t nincs, de sok TB f\u00f6l\u00f6tt egyeztet\u00e9s sz\u00fcks\u00e9ges<\/td>\n<\/tr>\n<tr class=\"row-7\">\n\t<td class=\"column-1\">Publikus FIX IP-c\u00edmek<\/td><td class=\"column-2\">1.000&nbsp;Ft<br \/>\n\/ Publikus IP<\/td><td class=\"column-3\">1 db IP-c\u00edm automatikusan j\u00e1r minden VPS-hez<br \/>\nMaximum 5db, de speci\u00e1lis ig\u00e9nyek eset\u00e9n lehet t\u00f6bb is<\/td>\n<\/tr>\n<\/tbody>\n<\/table>\n<!-- #tablepress-341 from cache -->\t\t\t\t\t\t\t\t<\/div>\n\t\t\t\t<\/div>\n\t\t\t\t\t<\/div>\n\t\t<\/div>\n\t\t\t\t\t<\/div>\n\t\t<\/section>\n\t\t\t\t<section class=\"elementor-section elementor-top-section elementor-element elementor-element-4944346 elementor-section-boxed elementor-section-height-default elementor-section-height-default\" data-id=\"4944346\" data-element_type=\"section\" data-settings=\"{&quot;ekit_has_onepagescroll_dot&quot;:&quot;yes&quot;}\">\n\t\t\t\t\t\t<div class=\"elementor-container elementor-column-gap-default\">\n\t\t\t\t\t<div class=\"elementor-column elementor-col-100 elementor-top-column elementor-element elementor-element-652f80f\" data-id=\"652f80f\" data-element_type=\"column\">\n\t\t\t<div class=\"elementor-widget-wrap elementor-element-populated\">\n\t\t\t\t\t\t<div class=\"elementor-element elementor-element-56fc245 elementor-widget elementor-widget-text-editor\" data-id=\"56fc245\" data-element_type=\"widget\" data-settings=\"{&quot;ekit_we_effect_on&quot;:&quot;none&quot;}\" data-widget_type=\"text-editor.default\">\n\t\t\t\t<div class=\"elementor-widget-container\">\n\t\t\t\t\t\t\t\t\t<p>Egyre fontosabb a rendszerek napra k\u00e9szen tart\u00e1sa \u00e9s biztons\u00e1gos \u00fczemeltet\u00e9se, ez\u00e9rt VPS szolg\u00e1ltat\u00e1s mell\u00e9 aj\u00e1nljuk <a href=\"https:\/\/www.naxonet.eu\/hu\/szolgaltatasaink\/rendszergazda\/\">Rendszergazda (Sysadmin)<\/a> szolg\u00e1ltat\u00e1sunkat.<\/p>\t\t\t\t\t\t\t\t<\/div>\n\t\t\t\t<\/div>\n\t\t\t\t\t<\/div>\n\t\t<\/div>\n\t\t\t\t\t<\/div>\n\t\t<\/section>\n\t\t\t\t<section class=\"elementor-section elementor-top-section elementor-element elementor-element-a87e22c elementor-section-boxed elementor-section-height-default elementor-section-height-default\" data-id=\"a87e22c\" data-element_type=\"section\" data-settings=\"{&quot;ekit_has_onepagescroll_dot&quot;:&quot;yes&quot;}\">\n\t\t\t\t\t\t<div class=\"elementor-container elementor-column-gap-default\">\n\t\t\t\t\t<div class=\"elementor-column elementor-col-100 elementor-top-column elementor-element elementor-element-3868afa\" data-id=\"3868afa\" data-element_type=\"column\">\n\t\t\t<div class=\"elementor-widget-wrap elementor-element-populated\">\n\t\t\t\t\t\t<div class=\"elementor-element elementor-element-316960a elementor-widget elementor-widget-spacer\" data-id=\"316960a\" data-element_type=\"widget\" data-settings=\"{&quot;ekit_we_effect_on&quot;:&quot;none&quot;}\" data-widget_type=\"spacer.default\">\n\t\t\t\t<div class=\"elementor-widget-container\">\n\t\t\t\t\t\t\t<div class=\"elementor-spacer\">\n\t\t\t<div class=\"elementor-spacer-inner\"><\/div>\n\t\t<\/div>\n\t\t\t\t\t\t<\/div>\n\t\t\t\t<\/div>\n\t\t\t\t\t<\/div>\n\t\t<\/div>\n\t\t\t\t\t<\/div>\n\t\t<\/section>\n\t\t\t\t<section class=\"elementor-section elementor-top-section elementor-element elementor-element-efaae3f elementor-section-boxed elementor-section-height-default elementor-section-height-default\" data-id=\"efaae3f\" data-element_type=\"section\" data-settings=\"{&quot;ekit_has_onepagescroll_dot&quot;:&quot;yes&quot;}\">\n\t\t\t\t\t\t<div class=\"elementor-container elementor-column-gap-default\">\n\t\t\t\t\t<div class=\"elementor-column elementor-col-100 elementor-top-column elementor-element elementor-element-f77bd30\" data-id=\"f77bd30\" data-element_type=\"column\">\n\t\t\t<div class=\"elementor-widget-wrap elementor-element-populated\">\n\t\t\t\t\t\t<div class=\"elementor-element elementor-element-1bf2b32 elementor-widget elementor-widget-text-editor\" data-id=\"1bf2b32\" data-element_type=\"widget\" data-settings=\"{&quot;ekit_we_effect_on&quot;:&quot;none&quot;}\" data-widget_type=\"text-editor.default\">\n\t\t\t\t<div class=\"elementor-widget-container\">\n\t\t\t\t\t\t\t\t\t<p><span style=\"color: #ff0000;\"><strong>A felt\u00fcntetett \u00e1rak minden esetben nett\u00f3 \u00e1rak, a 27%-os \u00e1f\u00e1t nem tartalmazz\u00e1k \u00e9s forintban \u00e9rtend\u0151k!<\/strong><\/span><\/p>\t\t\t\t\t\t\t\t<\/div>\n\t\t\t\t<\/div>\n\t\t\t\t\t<\/div>\n\t\t<\/div>\n\t\t\t\t\t<\/div>\n\t\t<\/section>\n\t\t\t\t<\/div>\n\t\t","protected":false},"excerpt":{"rendered":"<p>Saj\u00e1t rendszer ki\u00e9p\u00edt\u00e9s\u00e9hez, \u00fczemeltet\u00e9s\u00e9hez els\u0151sorban Virtu\u00e1lis Szerver (VPS) szolg\u00e1ltat\u00e1sunkat aj\u00e1nljuk az al\u00e1bbiak miatt: magas rendelkez\u00e9sre \u00e1ll\u00e1s nem kell foglalkozni a fizikai g\u00e9p \u00e1llapot\u00e1val, karbantart\u00e1s\u00e1val ig\u00e9ny szerint v\u00e1ltoztathat\u00f3 teljes\u00edtm\u00e9ny (k\u00f6nnyen \u00e9s k\u00f6lts\u00e9ghat\u00e9konyan lekezelhet\u0151 a r\u00f6vid ideig sz\u00fcks\u00e9ges teljes\u00edtm\u00e9nyugr\u00e1s) Egyre fontosabb a rendszerek napra k\u00e9szen tart\u00e1sa \u00e9s biztons\u00e1gos \u00fczemeltet\u00e9se, ez\u00e9rt VPS szolg\u00e1ltat\u00e1s mell\u00e9 aj\u00e1nljuk Rendszergazda (Sysadmin) szolg\u00e1ltat\u00e1sunkat. &#8230; <a title=\"Virtu\u00e1lis Szerver (VPS)\" class=\"read-more\" href=\"https:\/\/www.naxonet.eu\/hu\/szolgaltatasaink\/virtualis-szerver\/\" aria-label=\"Read more about Virtu\u00e1lis Szerver (VPS)\">Olvass tov\u00e1bb<\/a><\/p>\n","protected":false},"author":1,"featured_media":0,"parent":138,"menu_order":1340,"comment_status":"closed","ping_status":"closed","template":"","meta":{"footnotes":""},"class_list":["post-164","page","type-page","status-publish"],"yoast_head":"<!-- This site is optimized with the Yoast SEO plugin v24.6 - https:\/\/yoast.com\/wordpress\/plugins\/seo\/ -->\n<title>Virtu\u00e1lis Szerver (VPS) - Szolg\u00e1ltat\u00e1saink - NaxoNet HU - IT. Solution.<\/title>\n<meta name=\"description\" content=\"Saj\u00e1t rendszer ki\u00e9p\u00edt\u00e9s\u00e9hez, \u00fczemeltet\u00e9s\u00e9hez aj\u00e1nljuk VPS szolg\u00e1ltat\u00e1sunkat. Egyedi ig\u00e9nyeket is kiszolg\u00e1lunk.\" \/>\n<meta name=\"robots\" content=\"index, follow, max-snippet:-1, max-image-preview:large, max-video-preview:-1\" \/>\n<link rel=\"canonical\" href=\"https:\/\/www.naxonet.eu\/hu\/szolgaltatasaink\/virtualis-szerver\/\" \/>\n<meta property=\"og:locale\" content=\"hu_HU\" \/>\n<meta property=\"og:type\" content=\"article\" \/>\n<meta property=\"og:title\" content=\"Virtu\u00e1lis Szerver (VPS) - Szolg\u00e1ltat\u00e1saink - NaxoNet HU - IT. Solution.\" \/>\n<meta property=\"og:description\" content=\"Saj\u00e1t rendszer ki\u00e9p\u00edt\u00e9s\u00e9hez, \u00fczemeltet\u00e9s\u00e9hez aj\u00e1nljuk VPS szolg\u00e1ltat\u00e1sunkat. Egyedi ig\u00e9nyeket is kiszolg\u00e1lunk.\" \/>\n<meta property=\"og:url\" content=\"https:\/\/www.naxonet.eu\/hu\/szolgaltatasaink\/virtualis-szerver\/\" \/>\n<meta property=\"og:site_name\" content=\"NaxoNet HU\" \/>\n<meta property=\"article:modified_time\" content=\"2025-06-29T06:53:48+00:00\" \/>\n<meta name=\"twitter:card\" content=\"summary_large_image\" \/>\n<meta name=\"twitter:label1\" content=\"Becs\u00fclt olvas\u00e1si id\u0151\" \/>\n\t<meta name=\"twitter:data1\" content=\"1 perc\" \/>\n<script type=\"application\/ld+json\" class=\"yoast-schema-graph\">{\"@context\":\"https:\/\/schema.org\",\"@graph\":[{\"@type\":\"WebPage\",\"@id\":\"https:\/\/www.naxonet.eu\/hu\/szolgaltatasaink\/virtualis-szerver\/\",\"url\":\"https:\/\/www.naxonet.eu\/hu\/szolgaltatasaink\/virtualis-szerver\/\",\"name\":\"Virtu\u00e1lis Szerver (VPS) - Szolg\u00e1ltat\u00e1saink - NaxoNet HU - IT. Solution.\",\"isPartOf\":{\"@id\":\"https:\/\/www.naxonet.eu\/hu\/#website\"},\"datePublished\":\"2021-05-24T04:56:43+00:00\",\"dateModified\":\"2025-06-29T06:53:48+00:00\",\"description\":\"Saj\u00e1t rendszer ki\u00e9p\u00edt\u00e9s\u00e9hez, \u00fczemeltet\u00e9s\u00e9hez aj\u00e1nljuk VPS szolg\u00e1ltat\u00e1sunkat. Egyedi ig\u00e9nyeket is kiszolg\u00e1lunk.\",\"breadcrumb\":{\"@id\":\"https:\/\/www.naxonet.eu\/hu\/szolgaltatasaink\/virtualis-szerver\/#breadcrumb\"},\"inLanguage\":\"hu\",\"potentialAction\":[{\"@type\":\"ReadAction\",\"target\":[\"https:\/\/www.naxonet.eu\/hu\/szolgaltatasaink\/virtualis-szerver\/\"]}]},{\"@type\":\"BreadcrumbList\",\"@id\":\"https:\/\/www.naxonet.eu\/hu\/szolgaltatasaink\/virtualis-szerver\/#breadcrumb\",\"itemListElement\":[{\"@type\":\"ListItem\",\"position\":1,\"name\":\"Home\",\"item\":\"https:\/\/www.naxonet.eu\/hu\/\"},{\"@type\":\"ListItem\",\"position\":2,\"name\":\"Szolg\u00e1ltat\u00e1saink\",\"item\":\"https:\/\/www.naxonet.eu\/hu\/szolgaltatasaink\/\"},{\"@type\":\"ListItem\",\"position\":3,\"name\":\"Virtu\u00e1lis Szerver (VPS)\"}]},{\"@type\":\"WebSite\",\"@id\":\"https:\/\/www.naxonet.eu\/hu\/#website\",\"url\":\"https:\/\/www.naxonet.eu\/hu\/\",\"name\":\"NaxoNet HU\",\"description\":\"IT. Solution.\",\"potentialAction\":[{\"@type\":\"SearchAction\",\"target\":{\"@type\":\"EntryPoint\",\"urlTemplate\":\"https:\/\/www.naxonet.eu\/hu\/?s={search_term_string}\"},\"query-input\":{\"@type\":\"PropertyValueSpecification\",\"valueRequired\":true,\"valueName\":\"search_term_string\"}}],\"inLanguage\":\"hu\"}]}<\/script>\n<!-- \/ Yoast SEO plugin. -->","yoast_head_json":{"title":"Virtu\u00e1lis Szerver (VPS) - Szolg\u00e1ltat\u00e1saink - NaxoNet HU - IT. Solution.","description":"Saj\u00e1t rendszer ki\u00e9p\u00edt\u00e9s\u00e9hez, \u00fczemeltet\u00e9s\u00e9hez aj\u00e1nljuk VPS szolg\u00e1ltat\u00e1sunkat. Egyedi ig\u00e9nyeket is kiszolg\u00e1lunk.","robots":{"index":"index","follow":"follow","max-snippet":"max-snippet:-1","max-image-preview":"max-image-preview:large","max-video-preview":"max-video-preview:-1"},"canonical":"https:\/\/www.naxonet.eu\/hu\/szolgaltatasaink\/virtualis-szerver\/","og_locale":"hu_HU","og_type":"article","og_title":"Virtu\u00e1lis Szerver (VPS) - Szolg\u00e1ltat\u00e1saink - NaxoNet HU - IT. Solution.","og_description":"Saj\u00e1t rendszer ki\u00e9p\u00edt\u00e9s\u00e9hez, \u00fczemeltet\u00e9s\u00e9hez aj\u00e1nljuk VPS szolg\u00e1ltat\u00e1sunkat. Egyedi ig\u00e9nyeket is kiszolg\u00e1lunk.","og_url":"https:\/\/www.naxonet.eu\/hu\/szolgaltatasaink\/virtualis-szerver\/","og_site_name":"NaxoNet HU","article_modified_time":"2025-06-29T06:53:48+00:00","twitter_card":"summary_large_image","twitter_misc":{"Becs\u00fclt olvas\u00e1si id\u0151":"1 perc"},"schema":{"@context":"https:\/\/schema.org","@graph":[{"@type":"WebPage","@id":"https:\/\/www.naxonet.eu\/hu\/szolgaltatasaink\/virtualis-szerver\/","url":"https:\/\/www.naxonet.eu\/hu\/szolgaltatasaink\/virtualis-szerver\/","name":"Virtu\u00e1lis Szerver (VPS) - Szolg\u00e1ltat\u00e1saink - NaxoNet HU - IT. Solution.","isPartOf":{"@id":"https:\/\/www.naxonet.eu\/hu\/#website"},"datePublished":"2021-05-24T04:56:43+00:00","dateModified":"2025-06-29T06:53:48+00:00","description":"Saj\u00e1t rendszer ki\u00e9p\u00edt\u00e9s\u00e9hez, \u00fczemeltet\u00e9s\u00e9hez aj\u00e1nljuk VPS szolg\u00e1ltat\u00e1sunkat. Egyedi ig\u00e9nyeket is kiszolg\u00e1lunk.","breadcrumb":{"@id":"https:\/\/www.naxonet.eu\/hu\/szolgaltatasaink\/virtualis-szerver\/#breadcrumb"},"inLanguage":"hu","potentialAction":[{"@type":"ReadAction","target":["https:\/\/www.naxonet.eu\/hu\/szolgaltatasaink\/virtualis-szerver\/"]}]},{"@type":"BreadcrumbList","@id":"https:\/\/www.naxonet.eu\/hu\/szolgaltatasaink\/virtualis-szerver\/#breadcrumb","itemListElement":[{"@type":"ListItem","position":1,"name":"Home","item":"https:\/\/www.naxonet.eu\/hu\/"},{"@type":"ListItem","position":2,"name":"Szolg\u00e1ltat\u00e1saink","item":"https:\/\/www.naxonet.eu\/hu\/szolgaltatasaink\/"},{"@type":"ListItem","position":3,"name":"Virtu\u00e1lis Szerver (VPS)"}]},{"@type":"WebSite","@id":"https:\/\/www.naxonet.eu\/hu\/#website","url":"https:\/\/www.naxonet.eu\/hu\/","name":"NaxoNet HU","description":"IT. Solution.","potentialAction":[{"@type":"SearchAction","target":{"@type":"EntryPoint","urlTemplate":"https:\/\/www.naxonet.eu\/hu\/?s={search_term_string}"},"query-input":{"@type":"PropertyValueSpecification","valueRequired":true,"valueName":"search_term_string"}}],"inLanguage":"hu"}]}},"_links":{"self":[{"href":"https:\/\/www.naxonet.eu\/hu\/wp-json\/wp\/v2\/pages\/164"}],"collection":[{"href":"https:\/\/www.naxonet.eu\/hu\/wp-json\/wp\/v2\/pages"}],"about":[{"href":"https:\/\/www.naxonet.eu\/hu\/wp-json\/wp\/v2\/types\/page"}],"author":[{"embeddable":true,"href":"https:\/\/www.naxonet.eu\/hu\/wp-json\/wp\/v2\/users\/1"}],"replies":[{"embeddable":true,"href":"https:\/\/www.naxonet.eu\/hu\/wp-json\/wp\/v2\/comments?post=164"}],"version-history":[{"count":22,"href":"https:\/\/www.naxonet.eu\/hu\/wp-json\/wp\/v2\/pages\/164\/revisions"}],"predecessor-version":[{"id":1325,"href":"https:\/\/www.naxonet.eu\/hu\/wp-json\/wp\/v2\/pages\/164\/revisions\/1325"}],"up":[{"embeddable":true,"href":"https:\/\/www.naxonet.eu\/hu\/wp-json\/wp\/v2\/pages\/138"}],"wp:attachment":[{"href":"https:\/\/www.naxonet.eu\/hu\/wp-json\/wp\/v2\/media?parent=164"}],"curies":[{"name":"wp","href":"https:\/\/api.w.org\/{rel}","templated":true}]}}