{"id":177,"date":"2021-05-24T08:21:47","date_gmt":"2021-05-24T06:21:47","guid":{"rendered":"https:\/\/www.naxonet.eu\/?page_id=177"},"modified":"2025-06-29T08:54:11","modified_gmt":"2025-06-29T06:54:11","slug":"stormshield","status":"publish","type":"page","link":"https:\/\/www.naxonet.eu\/hu\/szolgaltatasaink\/stormshield\/","title":{"rendered":"Stormshield (SNS, SES, SDS)"},"content":{"rendered":"\t\t<div data-elementor-type=\"wp-page\" data-elementor-id=\"177\" class=\"elementor elementor-177\" data-elementor-post-type=\"page\">\n\t\t\t\t\t\t<section class=\"elementor-section elementor-top-section elementor-element elementor-element-60b1cc2 elementor-section-boxed elementor-section-height-default elementor-section-height-default\" data-id=\"60b1cc2\" data-element_type=\"section\" data-settings=\"{&quot;ekit_has_onepagescroll_dot&quot;:&quot;yes&quot;}\">\n\t\t\t\t\t\t<div class=\"elementor-container elementor-column-gap-default\">\n\t\t\t\t\t<div class=\"elementor-column elementor-col-100 elementor-top-column elementor-element elementor-element-0be8320\" data-id=\"0be8320\" data-element_type=\"column\">\n\t\t\t<div class=\"elementor-widget-wrap elementor-element-populated\">\n\t\t\t\t\t\t<div class=\"elementor-element elementor-element-716dd0e elementor-widget elementor-widget-text-editor\" data-id=\"716dd0e\" data-element_type=\"widget\" data-settings=\"{&quot;ekit_we_effect_on&quot;:&quot;none&quot;}\" data-widget_type=\"text-editor.default\">\n\t\t\t\t<div class=\"elementor-widget-container\">\n\t\t\t\t\t\t\t\t\t<img decoding=\"async\" class=\"alignleft wp-image-254 size-full lazyload\" style=\"margin-top: 10px;\" src=\"data:image\/gif;base64,R0lGODlhAQABAAAAACH5BAEKAAEALAAAAAABAAEAAAICTAEAOw==\" alt=\"Stormshield\" width=\"200\" height=\"88\" data-src=\"https:\/\/www.naxonet.eu\/hu\/wp-content\/uploads\/sites\/2\/images\/unused\/services_stormshield_big.png\">\n<div style=\"margin-top: 20px; margin-bottom: 20px;\">Szoftveres megold\u00e1sokon t\u00fal <strong><span class=\"strong\">GDPR kompatibilis<\/span><\/strong> biztons\u00e1gi megold\u00e1sokat is k\u00edn\u00e1lunk <strong><span class=\"strong\">Stormshield<\/span><\/strong> eszk\u00f6z\u00f6kkel, amelyek sz\u00e1mos szempontb\u00f3l egyed\u00fcl\u00e1ll\u00f3ak. Legjobb v\u00e1laszt\u00e1s h\u00e1l\u00f3zatok, v\u00e9gpontok \u00e9s adatok teljes k\u00f6r\u0171 v\u00e9delm\u00e9re. Mindegyik eszk\u00f6z eur\u00f3pai \u00e9s katonai min\u0151s\u00edt\u00e9ssel is rendelkezik (<span class=\"strong\"><strong>Eur\u00f3pai Uni\u00f3<\/strong>, <strong>NATO<\/strong> \u00e9s <strong>EAL 4+<\/strong><\/span>), hogy alkalmasak legyen a leg\u00e9rz\u00e9kenyebb adatok kezel\u00e9s\u00e9re is.<\/div>\n<div style=\"clear: both;\"><\/div>\n<h2 class=\"justify\"><span class=\"strong\">T\u0171zfal (Firewall, Network Security) eszk\u00f6z f\u0151bb tulajdons\u00e1gai:<\/span><\/h2>\n<ul>\n \t<li>Egyed\u00fcl\u00e1ll\u00f3 Application IPS technol\u00f3gia<\/li>\n \t<li>H\u00e1ts\u00f3kapukt\u00f3l mentes, val\u00f3di biztons\u00e1g a legnagyobb eur\u00f3pai gy\u00e1rt\u00f3t\u00f3l (Airbus Csoport)<\/li>\n \t<li>Nem k\u00f6telez\u0151 megvenni, b\u00e9rleti konstrukci\u00f3ban is el\u00e9rhet\u0151ek az eszk\u00f6z\u00f6k<\/li>\n<\/ul>\n<h2>V\u00e9gponti v\u00e9delem (Endpoint Security) f\u0151bb tulajdons\u00e1gai:<\/h2>\n<ul>\n \t<li>\u00daj gener\u00e1ci\u00f3s proakt\u00edv, 96%-os nulladik napi v\u00e9delemmel, ak\u00e1r Windows friss\u00edt\u00e9se n\u00e9lk\u00fcl is<\/li>\n \t<li>Teljes v\u00e9gpont lez\u00e1r\u00e1s \u00e9s kontroll<\/li>\n<\/ul>\n<h2>Adatbiztons\u00e1g (Data Security) f\u0151bb tulajdons\u00e1gai:<\/h2>\n<ul>\n \t<li>V\u00e9delem emberi kock\u00e1zatok (bels\u0151 vesz\u00e9lyek, lop\u00e1s, elveszt\u00e9s, hib\u00e1s konfigur\u00e1ci\u00f3, stb.) ellen<\/li>\n \t<li>V\u00e9delem kibert\u00e1mad\u00e1sok (illet\u00e9ktelen hozz\u00e1f\u00e9r\u00e9s, hekkel\u00e9s, lehallgat\u00e1s, szabot\u00e1zs, stb.) ellen<\/li>\n<\/ul>\t\t\t\t\t\t\t\t<\/div>\n\t\t\t\t<\/div>\n\t\t\t\t\t<\/div>\n\t\t<\/div>\n\t\t\t\t\t<\/div>\n\t\t<\/section>\n\t\t\t\t<section class=\"elementor-section elementor-top-section elementor-element elementor-element-2058386 elementor-section-boxed elementor-section-height-default elementor-section-height-default\" data-id=\"2058386\" data-element_type=\"section\" data-settings=\"{&quot;ekit_has_onepagescroll_dot&quot;:&quot;yes&quot;}\">\n\t\t\t\t\t\t<div class=\"elementor-container elementor-column-gap-default\">\n\t\t\t\t\t<div class=\"elementor-column elementor-col-100 elementor-top-column elementor-element elementor-element-c76f570\" data-id=\"c76f570\" data-element_type=\"column\">\n\t\t\t<div class=\"elementor-widget-wrap elementor-element-populated\">\n\t\t\t\t\t\t<div class=\"elementor-element elementor-element-0bfb403 elementor-hidden-desktop elementor-hidden-tablet elementor-hidden-mobile elementor-widget elementor-widget-text-editor\" data-id=\"0bfb403\" data-element_type=\"widget\" data-settings=\"{&quot;ekit_we_effect_on&quot;:&quot;none&quot;}\" data-widget_type=\"text-editor.default\">\n\t\t\t\t<div class=\"elementor-widget-container\">\n\t\t\t\t\t\t\t\t\t<p><strong><span style=\"color: #012c6d;\">B\u0151vebb inform\u00e1ci\u00f3\u00e9rt, k\u00e9rj\u00fck l\u00e1togassa meg dedik\u00e1lt Stormshield weboldalunkat a <a style=\"color: #bf9f00;\" href=\"https:\/\/www.stormshield.co.hu\" target=\"_blank\" rel=\"noopener\">https:\/\/www.stormshield.co.hu<\/a> c\u00edmen<\/span><\/strong><\/p>\t\t\t\t\t\t\t\t<\/div>\n\t\t\t\t<\/div>\n\t\t\t\t\t<\/div>\n\t\t<\/div>\n\t\t\t\t\t<\/div>\n\t\t<\/section>\n\t\t\t\t<\/div>\n\t\t","protected":false},"excerpt":{"rendered":"<p>Szoftveres megold\u00e1sokon t\u00fal GDPR kompatibilis biztons\u00e1gi megold\u00e1sokat is k\u00edn\u00e1lunk Stormshield eszk\u00f6z\u00f6kkel, amelyek sz\u00e1mos szempontb\u00f3l egyed\u00fcl\u00e1ll\u00f3ak. Legjobb v\u00e1laszt\u00e1s h\u00e1l\u00f3zatok, v\u00e9gpontok \u00e9s adatok teljes k\u00f6r\u0171 v\u00e9delm\u00e9re. Mindegyik eszk\u00f6z eur\u00f3pai \u00e9s katonai min\u0151s\u00edt\u00e9ssel is rendelkezik (Eur\u00f3pai Uni\u00f3, NATO \u00e9s EAL 4+), hogy alkalmasak legyen a leg\u00e9rz\u00e9kenyebb adatok kezel\u00e9s\u00e9re is. T\u0171zfal (Firewall, Network Security) eszk\u00f6z f\u0151bb tulajdons\u00e1gai: Egyed\u00fcl\u00e1ll\u00f3 Application &#8230; <a title=\"Stormshield (SNS, SES, SDS)\" class=\"read-more\" href=\"https:\/\/www.naxonet.eu\/hu\/szolgaltatasaink\/stormshield\/\" aria-label=\"Read more about Stormshield (SNS, SES, SDS)\">Olvass tov\u00e1bb<\/a><\/p>\n","protected":false},"author":1,"featured_media":0,"parent":138,"menu_order":1370,"comment_status":"closed","ping_status":"closed","template":"","meta":{"footnotes":""},"class_list":["post-177","page","type-page","status-publish"],"yoast_head":"<!-- This site is optimized with the Yoast SEO plugin v24.6 - https:\/\/yoast.com\/wordpress\/plugins\/seo\/ -->\n<title>Stormshield (SNS, SES, SDS) - Szolg\u00e1ltat\u00e1saink - NaxoNet HU - IT. Solution.<\/title>\n<meta name=\"description\" content=\"Stormshield az egyetlen olyan UTM t\u0171zfal, amely teljes\u00edti az Eur\u00f3pai Uni\u00f3 \u00e1ltal el\u0151\u00edrt bizalmas adatok kezel\u00e9s\u00e9re vonatkoz\u00f3 el\u0151\u00edr\u00e1sokat.\" \/>\n<meta name=\"robots\" content=\"index, follow, max-snippet:-1, max-image-preview:large, max-video-preview:-1\" \/>\n<link rel=\"canonical\" href=\"https:\/\/www.naxonet.eu\/hu\/szolgaltatasaink\/stormshield\/\" \/>\n<meta property=\"og:locale\" content=\"hu_HU\" \/>\n<meta property=\"og:type\" content=\"article\" \/>\n<meta property=\"og:title\" content=\"Stormshield (SNS, SES, SDS) - Szolg\u00e1ltat\u00e1saink - NaxoNet HU - IT. Solution.\" \/>\n<meta property=\"og:description\" content=\"Stormshield az egyetlen olyan UTM t\u0171zfal, amely teljes\u00edti az Eur\u00f3pai Uni\u00f3 \u00e1ltal el\u0151\u00edrt bizalmas adatok kezel\u00e9s\u00e9re vonatkoz\u00f3 el\u0151\u00edr\u00e1sokat.\" \/>\n<meta property=\"og:url\" content=\"https:\/\/www.naxonet.eu\/hu\/szolgaltatasaink\/stormshield\/\" \/>\n<meta property=\"og:site_name\" content=\"NaxoNet HU\" \/>\n<meta property=\"article:modified_time\" content=\"2025-06-29T06:54:11+00:00\" \/>\n<meta property=\"og:image\" content=\"https:\/\/www.naxonet.eu\/hu\/wp-content\/uploads\/sites\/2\/images\/unused\/services_stormshield_big.png\" \/>\n\t<meta property=\"og:image:width\" content=\"200\" \/>\n\t<meta property=\"og:image:height\" content=\"88\" \/>\n\t<meta property=\"og:image:type\" content=\"image\/png\" \/>\n<meta name=\"twitter:card\" content=\"summary_large_image\" \/>\n<meta name=\"twitter:label1\" content=\"Becs\u00fclt olvas\u00e1si id\u0151\" \/>\n\t<meta name=\"twitter:data1\" content=\"1 perc\" \/>\n<script type=\"application\/ld+json\" class=\"yoast-schema-graph\">{\"@context\":\"https:\/\/schema.org\",\"@graph\":[{\"@type\":\"WebPage\",\"@id\":\"https:\/\/www.naxonet.eu\/hu\/szolgaltatasaink\/stormshield\/\",\"url\":\"https:\/\/www.naxonet.eu\/hu\/szolgaltatasaink\/stormshield\/\",\"name\":\"Stormshield (SNS, SES, SDS) - Szolg\u00e1ltat\u00e1saink - NaxoNet HU - IT. Solution.\",\"isPartOf\":{\"@id\":\"https:\/\/www.naxonet.eu\/hu\/#website\"},\"primaryImageOfPage\":{\"@id\":\"https:\/\/www.naxonet.eu\/hu\/szolgaltatasaink\/stormshield\/#primaryimage\"},\"image\":{\"@id\":\"https:\/\/www.naxonet.eu\/hu\/szolgaltatasaink\/stormshield\/#primaryimage\"},\"thumbnailUrl\":\"https:\/\/www.naxonet.eu\/hu\/wp-content\/uploads\/sites\/2\/images\/unused\/services_stormshield_big.png\",\"datePublished\":\"2021-05-24T06:21:47+00:00\",\"dateModified\":\"2025-06-29T06:54:11+00:00\",\"description\":\"Stormshield az egyetlen olyan UTM t\u0171zfal, amely teljes\u00edti az Eur\u00f3pai Uni\u00f3 \u00e1ltal el\u0151\u00edrt bizalmas adatok kezel\u00e9s\u00e9re vonatkoz\u00f3 el\u0151\u00edr\u00e1sokat.\",\"breadcrumb\":{\"@id\":\"https:\/\/www.naxonet.eu\/hu\/szolgaltatasaink\/stormshield\/#breadcrumb\"},\"inLanguage\":\"hu\",\"potentialAction\":[{\"@type\":\"ReadAction\",\"target\":[\"https:\/\/www.naxonet.eu\/hu\/szolgaltatasaink\/stormshield\/\"]}]},{\"@type\":\"ImageObject\",\"inLanguage\":\"hu\",\"@id\":\"https:\/\/www.naxonet.eu\/hu\/szolgaltatasaink\/stormshield\/#primaryimage\",\"url\":\"https:\/\/www.naxonet.eu\/hu\/wp-content\/uploads\/sites\/2\/images\/unused\/services_stormshield_big.png\",\"contentUrl\":\"https:\/\/www.naxonet.eu\/hu\/wp-content\/uploads\/sites\/2\/images\/unused\/services_stormshield_big.png\",\"width\":200,\"height\":88,\"caption\":\"Stormshield\"},{\"@type\":\"BreadcrumbList\",\"@id\":\"https:\/\/www.naxonet.eu\/hu\/szolgaltatasaink\/stormshield\/#breadcrumb\",\"itemListElement\":[{\"@type\":\"ListItem\",\"position\":1,\"name\":\"Home\",\"item\":\"https:\/\/www.naxonet.eu\/hu\/\"},{\"@type\":\"ListItem\",\"position\":2,\"name\":\"Szolg\u00e1ltat\u00e1saink\",\"item\":\"https:\/\/www.naxonet.eu\/hu\/szolgaltatasaink\/\"},{\"@type\":\"ListItem\",\"position\":3,\"name\":\"Stormshield (SNS, SES, SDS)\"}]},{\"@type\":\"WebSite\",\"@id\":\"https:\/\/www.naxonet.eu\/hu\/#website\",\"url\":\"https:\/\/www.naxonet.eu\/hu\/\",\"name\":\"NaxoNet HU\",\"description\":\"IT. Solution.\",\"potentialAction\":[{\"@type\":\"SearchAction\",\"target\":{\"@type\":\"EntryPoint\",\"urlTemplate\":\"https:\/\/www.naxonet.eu\/hu\/?s={search_term_string}\"},\"query-input\":{\"@type\":\"PropertyValueSpecification\",\"valueRequired\":true,\"valueName\":\"search_term_string\"}}],\"inLanguage\":\"hu\"}]}<\/script>\n<!-- \/ Yoast SEO plugin. -->","yoast_head_json":{"title":"Stormshield (SNS, SES, SDS) - Szolg\u00e1ltat\u00e1saink - NaxoNet HU - IT. Solution.","description":"Stormshield az egyetlen olyan UTM t\u0171zfal, amely teljes\u00edti az Eur\u00f3pai Uni\u00f3 \u00e1ltal el\u0151\u00edrt bizalmas adatok kezel\u00e9s\u00e9re vonatkoz\u00f3 el\u0151\u00edr\u00e1sokat.","robots":{"index":"index","follow":"follow","max-snippet":"max-snippet:-1","max-image-preview":"max-image-preview:large","max-video-preview":"max-video-preview:-1"},"canonical":"https:\/\/www.naxonet.eu\/hu\/szolgaltatasaink\/stormshield\/","og_locale":"hu_HU","og_type":"article","og_title":"Stormshield (SNS, SES, SDS) - Szolg\u00e1ltat\u00e1saink - NaxoNet HU - IT. Solution.","og_description":"Stormshield az egyetlen olyan UTM t\u0171zfal, amely teljes\u00edti az Eur\u00f3pai Uni\u00f3 \u00e1ltal el\u0151\u00edrt bizalmas adatok kezel\u00e9s\u00e9re vonatkoz\u00f3 el\u0151\u00edr\u00e1sokat.","og_url":"https:\/\/www.naxonet.eu\/hu\/szolgaltatasaink\/stormshield\/","og_site_name":"NaxoNet HU","article_modified_time":"2025-06-29T06:54:11+00:00","og_image":[{"width":200,"height":88,"url":"https:\/\/www.naxonet.eu\/hu\/wp-content\/uploads\/sites\/2\/images\/unused\/services_stormshield_big.png","type":"image\/png"}],"twitter_card":"summary_large_image","twitter_misc":{"Becs\u00fclt olvas\u00e1si id\u0151":"1 perc"},"schema":{"@context":"https:\/\/schema.org","@graph":[{"@type":"WebPage","@id":"https:\/\/www.naxonet.eu\/hu\/szolgaltatasaink\/stormshield\/","url":"https:\/\/www.naxonet.eu\/hu\/szolgaltatasaink\/stormshield\/","name":"Stormshield (SNS, SES, SDS) - Szolg\u00e1ltat\u00e1saink - NaxoNet HU - IT. Solution.","isPartOf":{"@id":"https:\/\/www.naxonet.eu\/hu\/#website"},"primaryImageOfPage":{"@id":"https:\/\/www.naxonet.eu\/hu\/szolgaltatasaink\/stormshield\/#primaryimage"},"image":{"@id":"https:\/\/www.naxonet.eu\/hu\/szolgaltatasaink\/stormshield\/#primaryimage"},"thumbnailUrl":"https:\/\/www.naxonet.eu\/hu\/wp-content\/uploads\/sites\/2\/images\/unused\/services_stormshield_big.png","datePublished":"2021-05-24T06:21:47+00:00","dateModified":"2025-06-29T06:54:11+00:00","description":"Stormshield az egyetlen olyan UTM t\u0171zfal, amely teljes\u00edti az Eur\u00f3pai Uni\u00f3 \u00e1ltal el\u0151\u00edrt bizalmas adatok kezel\u00e9s\u00e9re vonatkoz\u00f3 el\u0151\u00edr\u00e1sokat.","breadcrumb":{"@id":"https:\/\/www.naxonet.eu\/hu\/szolgaltatasaink\/stormshield\/#breadcrumb"},"inLanguage":"hu","potentialAction":[{"@type":"ReadAction","target":["https:\/\/www.naxonet.eu\/hu\/szolgaltatasaink\/stormshield\/"]}]},{"@type":"ImageObject","inLanguage":"hu","@id":"https:\/\/www.naxonet.eu\/hu\/szolgaltatasaink\/stormshield\/#primaryimage","url":"https:\/\/www.naxonet.eu\/hu\/wp-content\/uploads\/sites\/2\/images\/unused\/services_stormshield_big.png","contentUrl":"https:\/\/www.naxonet.eu\/hu\/wp-content\/uploads\/sites\/2\/images\/unused\/services_stormshield_big.png","width":200,"height":88,"caption":"Stormshield"},{"@type":"BreadcrumbList","@id":"https:\/\/www.naxonet.eu\/hu\/szolgaltatasaink\/stormshield\/#breadcrumb","itemListElement":[{"@type":"ListItem","position":1,"name":"Home","item":"https:\/\/www.naxonet.eu\/hu\/"},{"@type":"ListItem","position":2,"name":"Szolg\u00e1ltat\u00e1saink","item":"https:\/\/www.naxonet.eu\/hu\/szolgaltatasaink\/"},{"@type":"ListItem","position":3,"name":"Stormshield (SNS, SES, SDS)"}]},{"@type":"WebSite","@id":"https:\/\/www.naxonet.eu\/hu\/#website","url":"https:\/\/www.naxonet.eu\/hu\/","name":"NaxoNet HU","description":"IT. Solution.","potentialAction":[{"@type":"SearchAction","target":{"@type":"EntryPoint","urlTemplate":"https:\/\/www.naxonet.eu\/hu\/?s={search_term_string}"},"query-input":{"@type":"PropertyValueSpecification","valueRequired":true,"valueName":"search_term_string"}}],"inLanguage":"hu"}]}},"_links":{"self":[{"href":"https:\/\/www.naxonet.eu\/hu\/wp-json\/wp\/v2\/pages\/177"}],"collection":[{"href":"https:\/\/www.naxonet.eu\/hu\/wp-json\/wp\/v2\/pages"}],"about":[{"href":"https:\/\/www.naxonet.eu\/hu\/wp-json\/wp\/v2\/types\/page"}],"author":[{"embeddable":true,"href":"https:\/\/www.naxonet.eu\/hu\/wp-json\/wp\/v2\/users\/1"}],"replies":[{"embeddable":true,"href":"https:\/\/www.naxonet.eu\/hu\/wp-json\/wp\/v2\/comments?post=177"}],"version-history":[{"count":56,"href":"https:\/\/www.naxonet.eu\/hu\/wp-json\/wp\/v2\/pages\/177\/revisions"}],"predecessor-version":[{"id":1544,"href":"https:\/\/www.naxonet.eu\/hu\/wp-json\/wp\/v2\/pages\/177\/revisions\/1544"}],"up":[{"embeddable":true,"href":"https:\/\/www.naxonet.eu\/hu\/wp-json\/wp\/v2\/pages\/138"}],"wp:attachment":[{"href":"https:\/\/www.naxonet.eu\/hu\/wp-json\/wp\/v2\/media?parent=177"}],"curies":[{"name":"wp","href":"https:\/\/api.w.org\/{rel}","templated":true}]}}