{"id":28,"date":"2021-11-07T22:07:11","date_gmt":"2021-11-07T21:07:11","guid":{"rendered":"https:\/\/stormshield.naxonet.eu\/hu\/?page_id=28"},"modified":"2025-06-29T08:50:52","modified_gmt":"2025-06-29T06:50:52","slug":"roviditesek-kifejezesek","status":"publish","type":"page","link":"https:\/\/www.naxonet.eu\/hu\/stormshield\/miert-stormshield\/roviditesek-kifejezesek\/","title":{"rendered":"R\u00f6vid\u00edt\u00e9sek, kifejez\u00e9sek"},"content":{"rendered":"\t\t<div data-elementor-type=\"wp-page\" data-elementor-id=\"28\" class=\"elementor elementor-28\" data-elementor-post-type=\"page\">\n\t\t\t\t\t\t<section class=\"elementor-section elementor-top-section elementor-element elementor-element-379540a elementor-section-boxed elementor-section-height-default elementor-section-height-default\" data-id=\"379540a\" data-element_type=\"section\" data-settings=\"{&quot;ekit_has_onepagescroll_dot&quot;:&quot;yes&quot;}\">\n\t\t\t\t\t\t<div class=\"elementor-container elementor-column-gap-default\">\n\t\t\t\t\t<div class=\"elementor-column elementor-col-100 elementor-top-column elementor-element elementor-element-e02d883\" data-id=\"e02d883\" data-element_type=\"column\">\n\t\t\t<div class=\"elementor-widget-wrap elementor-element-populated\">\n\t\t\t\t\t\t<div class=\"elementor-element elementor-element-fb89038 elementor-widget elementor-widget-heading\" data-id=\"fb89038\" data-element_type=\"widget\" data-settings=\"{&quot;ekit_we_effect_on&quot;:&quot;none&quot;}\" data-widget_type=\"heading.default\">\n\t\t\t\t<div class=\"elementor-widget-container\">\n\t\t\t\t\t<h1 class=\"elementor-heading-title elementor-size-default\">R\u00f6vid\u00edt\u00e9sek \u00e9s kifejez\u00e9sek gy\u0171jtem\u00e9nyek<br \/>Angolul \u00e9s Magyarul<\/h1>\t\t\t\t<\/div>\n\t\t\t\t<\/div>\n\t\t\t\t\t<\/div>\n\t\t<\/div>\n\t\t\t\t\t<\/div>\n\t\t<\/section>\n\t\t\t\t<section class=\"elementor-section elementor-top-section elementor-element elementor-element-33ab5fc elementor-section-boxed elementor-section-height-default elementor-section-height-default\" data-id=\"33ab5fc\" data-element_type=\"section\" data-settings=\"{&quot;ekit_has_onepagescroll_dot&quot;:&quot;yes&quot;}\">\n\t\t\t\t\t\t<div class=\"elementor-container elementor-column-gap-default\">\n\t\t\t\t\t<div class=\"elementor-column elementor-col-100 elementor-top-column elementor-element elementor-element-d7f2c4e\" data-id=\"d7f2c4e\" data-element_type=\"column\">\n\t\t\t<div class=\"elementor-widget-wrap elementor-element-populated\">\n\t\t\t\t\t\t<div class=\"elementor-element elementor-element-a83f71f elementor-widget elementor-widget-text-editor\" data-id=\"a83f71f\" data-element_type=\"widget\" data-settings=\"{&quot;ekit_we_effect_on&quot;:&quot;none&quot;}\" data-widget_type=\"text-editor.default\">\n\t\t\t\t<div class=\"elementor-widget-container\">\n\t\t\t\t\t\t\t\t\t<p>Az al\u00e1bbi t\u00e1bl\u00e1zatban \u00f6sszegy\u0171jt\u00f6tt\u00fck a t\u00e9m\u00e1ban haszn\u00e1lt r\u00f6vid\u00edt\u00e9sek, a hozz\u00e1juk tartoz\u00f3 eredeti angol jelent\u00e9s\u00fcket \u00e9s azok magyar ford\u00edt\u00e1sait, <em>b\u00e1r az esetek jelent\u0151s r\u00e9sz\u00e9ben nem haszn\u00e1ljuk ezen magyar kifejez\u00e9seket, mert sem a szakmai nyelv sem a k\u00f6znyelv nem vette \u00e1t \u0151ket<\/em>.<\/p>\t\t\t\t\t\t\t\t<\/div>\n\t\t\t\t<\/div>\n\t\t\t\t\t<\/div>\n\t\t<\/div>\n\t\t\t\t\t<\/div>\n\t\t<\/section>\n\t\t\t\t<section class=\"elementor-section elementor-top-section elementor-element elementor-element-933b8d3 elementor-section-boxed elementor-section-height-default elementor-section-height-default\" data-id=\"933b8d3\" data-element_type=\"section\" data-settings=\"{&quot;ekit_has_onepagescroll_dot&quot;:&quot;yes&quot;}\">\n\t\t\t\t\t\t<div class=\"elementor-container elementor-column-gap-default\">\n\t\t\t\t\t<div class=\"elementor-column elementor-col-100 elementor-top-column elementor-element elementor-element-e2acd7f\" data-id=\"e2acd7f\" data-element_type=\"column\">\n\t\t\t<div class=\"elementor-widget-wrap elementor-element-populated\">\n\t\t\t\t\t\t<div class=\"elementor-element elementor-element-55c6b26 elementor-widget elementor-widget-text-editor\" data-id=\"55c6b26\" data-element_type=\"widget\" data-settings=\"{&quot;ekit_we_effect_on&quot;:&quot;none&quot;}\" data-widget_type=\"text-editor.default\">\n\t\t\t\t<div class=\"elementor-widget-container\">\n\t\t\t\t\t\t\t\t\t<div>Attention: The internal data of table \u201c18\u201d is corrupted!<\/div>\t\t\t\t\t\t\t\t<\/div>\n\t\t\t\t<\/div>\n\t\t\t\t\t<\/div>\n\t\t<\/div>\n\t\t\t\t\t<\/div>\n\t\t<\/section>\n\t\t\t\t<\/div>\n\t\t","protected":false},"excerpt":{"rendered":"<p>R\u00f6vid\u00edt\u00e9sek \u00e9s kifejez\u00e9sek gy\u0171jtem\u00e9nyekAngolul \u00e9s Magyarul Az al\u00e1bbi t\u00e1bl\u00e1zatban \u00f6sszegy\u0171jt\u00f6tt\u00fck a t\u00e9m\u00e1ban haszn\u00e1lt r\u00f6vid\u00edt\u00e9sek, a hozz\u00e1juk tartoz\u00f3 eredeti angol jelent\u00e9s\u00fcket \u00e9s azok magyar ford\u00edt\u00e1sait, b\u00e1r az esetek jelent\u0151s r\u00e9sz\u00e9ben nem haszn\u00e1ljuk ezen magyar kifejez\u00e9seket, mert sem a szakmai nyelv sem a k\u00f6znyelv nem vette \u00e1t \u0151ket.<\/p>\n","protected":false},"author":2,"featured_media":0,"parent":20,"menu_order":2140,"comment_status":"closed","ping_status":"closed","template":"","meta":{"footnotes":""},"class_list":["post-28","page","type-page","status-publish"],"yoast_head":"<!-- This site is optimized with the Yoast SEO plugin v24.6 - https:\/\/yoast.com\/wordpress\/plugins\/seo\/ -->\n<title>R\u00f6vid\u00edt\u00e9sek, kifejez\u00e9sek - NaxoNet HU<\/title>\n<meta name=\"robots\" content=\"index, follow, max-snippet:-1, max-image-preview:large, max-video-preview:-1\" \/>\n<link rel=\"canonical\" href=\"https:\/\/www.naxonet.eu\/hu\/stormshield\/miert-stormshield\/roviditesek-kifejezesek\/\" \/>\n<meta property=\"og:locale\" content=\"hu_HU\" \/>\n<meta property=\"og:type\" content=\"article\" \/>\n<meta property=\"og:title\" content=\"R\u00f6vid\u00edt\u00e9sek, kifejez\u00e9sek - NaxoNet HU\" \/>\n<meta property=\"og:description\" content=\"R\u00f6vid\u00edt\u00e9sek \u00e9s kifejez\u00e9sek gy\u0171jtem\u00e9nyekAngolul \u00e9s Magyarul Az al\u00e1bbi t\u00e1bl\u00e1zatban \u00f6sszegy\u0171jt\u00f6tt\u00fck a t\u00e9m\u00e1ban haszn\u00e1lt r\u00f6vid\u00edt\u00e9sek, a hozz\u00e1juk tartoz\u00f3 eredeti angol jelent\u00e9s\u00fcket \u00e9s azok magyar ford\u00edt\u00e1sait, b\u00e1r az esetek jelent\u0151s r\u00e9sz\u00e9ben nem haszn\u00e1ljuk ezen magyar kifejez\u00e9seket, mert sem a szakmai nyelv sem a k\u00f6znyelv nem vette \u00e1t \u0151ket.\" \/>\n<meta property=\"og:url\" content=\"https:\/\/www.naxonet.eu\/hu\/stormshield\/miert-stormshield\/roviditesek-kifejezesek\/\" \/>\n<meta property=\"og:site_name\" content=\"NaxoNet HU\" \/>\n<meta property=\"article:modified_time\" content=\"2025-06-29T06:50:52+00:00\" \/>\n<meta name=\"twitter:card\" content=\"summary_large_image\" \/>\n<meta name=\"twitter:label1\" content=\"Becs\u00fclt olvas\u00e1si id\u0151\" \/>\n\t<meta name=\"twitter:data1\" content=\"1 perc\" \/>\n<script type=\"application\/ld+json\" class=\"yoast-schema-graph\">{\"@context\":\"https:\/\/schema.org\",\"@graph\":[{\"@type\":\"WebPage\",\"@id\":\"https:\/\/www.naxonet.eu\/hu\/stormshield\/miert-stormshield\/roviditesek-kifejezesek\/\",\"url\":\"https:\/\/www.naxonet.eu\/hu\/stormshield\/miert-stormshield\/roviditesek-kifejezesek\/\",\"name\":\"R\u00f6vid\u00edt\u00e9sek, kifejez\u00e9sek - NaxoNet HU\",\"isPartOf\":{\"@id\":\"https:\/\/www.naxonet.eu\/hu\/#website\"},\"datePublished\":\"2021-11-07T21:07:11+00:00\",\"dateModified\":\"2025-06-29T06:50:52+00:00\",\"breadcrumb\":{\"@id\":\"https:\/\/www.naxonet.eu\/hu\/stormshield\/miert-stormshield\/roviditesek-kifejezesek\/#breadcrumb\"},\"inLanguage\":\"hu\",\"potentialAction\":[{\"@type\":\"ReadAction\",\"target\":[\"https:\/\/www.naxonet.eu\/hu\/stormshield\/miert-stormshield\/roviditesek-kifejezesek\/\"]}]},{\"@type\":\"BreadcrumbList\",\"@id\":\"https:\/\/www.naxonet.eu\/hu\/stormshield\/miert-stormshield\/roviditesek-kifejezesek\/#breadcrumb\",\"itemListElement\":[{\"@type\":\"ListItem\",\"position\":1,\"name\":\"Home\",\"item\":\"https:\/\/www.naxonet.eu\/hu\/\"},{\"@type\":\"ListItem\",\"position\":2,\"name\":\"Stormshield\",\"item\":\"https:\/\/www.naxonet.eu\/hu\/stormshield\/\"},{\"@type\":\"ListItem\",\"position\":3,\"name\":\"Mi\u00e9rt Stormshield?\",\"item\":\"https:\/\/www.naxonet.eu\/hu\/stormshield\/miert-stormshield\/\"},{\"@type\":\"ListItem\",\"position\":4,\"name\":\"R\u00f6vid\u00edt\u00e9sek, kifejez\u00e9sek\"}]},{\"@type\":\"WebSite\",\"@id\":\"https:\/\/www.naxonet.eu\/hu\/#website\",\"url\":\"https:\/\/www.naxonet.eu\/hu\/\",\"name\":\"NaxoNet HU\",\"description\":\"IT. Solution.\",\"potentialAction\":[{\"@type\":\"SearchAction\",\"target\":{\"@type\":\"EntryPoint\",\"urlTemplate\":\"https:\/\/www.naxonet.eu\/hu\/?s={search_term_string}\"},\"query-input\":{\"@type\":\"PropertyValueSpecification\",\"valueRequired\":true,\"valueName\":\"search_term_string\"}}],\"inLanguage\":\"hu\"}]}<\/script>\n<!-- \/ Yoast SEO plugin. -->","yoast_head_json":{"title":"R\u00f6vid\u00edt\u00e9sek, kifejez\u00e9sek - NaxoNet HU","robots":{"index":"index","follow":"follow","max-snippet":"max-snippet:-1","max-image-preview":"max-image-preview:large","max-video-preview":"max-video-preview:-1"},"canonical":"https:\/\/www.naxonet.eu\/hu\/stormshield\/miert-stormshield\/roviditesek-kifejezesek\/","og_locale":"hu_HU","og_type":"article","og_title":"R\u00f6vid\u00edt\u00e9sek, kifejez\u00e9sek - NaxoNet HU","og_description":"R\u00f6vid\u00edt\u00e9sek \u00e9s kifejez\u00e9sek gy\u0171jtem\u00e9nyekAngolul \u00e9s Magyarul Az al\u00e1bbi t\u00e1bl\u00e1zatban \u00f6sszegy\u0171jt\u00f6tt\u00fck a t\u00e9m\u00e1ban haszn\u00e1lt r\u00f6vid\u00edt\u00e9sek, a hozz\u00e1juk tartoz\u00f3 eredeti angol jelent\u00e9s\u00fcket \u00e9s azok magyar ford\u00edt\u00e1sait, b\u00e1r az esetek jelent\u0151s r\u00e9sz\u00e9ben nem haszn\u00e1ljuk ezen magyar kifejez\u00e9seket, mert sem a szakmai nyelv sem a k\u00f6znyelv nem vette \u00e1t \u0151ket.","og_url":"https:\/\/www.naxonet.eu\/hu\/stormshield\/miert-stormshield\/roviditesek-kifejezesek\/","og_site_name":"NaxoNet HU","article_modified_time":"2025-06-29T06:50:52+00:00","twitter_card":"summary_large_image","twitter_misc":{"Becs\u00fclt olvas\u00e1si id\u0151":"1 perc"},"schema":{"@context":"https:\/\/schema.org","@graph":[{"@type":"WebPage","@id":"https:\/\/www.naxonet.eu\/hu\/stormshield\/miert-stormshield\/roviditesek-kifejezesek\/","url":"https:\/\/www.naxonet.eu\/hu\/stormshield\/miert-stormshield\/roviditesek-kifejezesek\/","name":"R\u00f6vid\u00edt\u00e9sek, kifejez\u00e9sek - NaxoNet HU","isPartOf":{"@id":"https:\/\/www.naxonet.eu\/hu\/#website"},"datePublished":"2021-11-07T21:07:11+00:00","dateModified":"2025-06-29T06:50:52+00:00","breadcrumb":{"@id":"https:\/\/www.naxonet.eu\/hu\/stormshield\/miert-stormshield\/roviditesek-kifejezesek\/#breadcrumb"},"inLanguage":"hu","potentialAction":[{"@type":"ReadAction","target":["https:\/\/www.naxonet.eu\/hu\/stormshield\/miert-stormshield\/roviditesek-kifejezesek\/"]}]},{"@type":"BreadcrumbList","@id":"https:\/\/www.naxonet.eu\/hu\/stormshield\/miert-stormshield\/roviditesek-kifejezesek\/#breadcrumb","itemListElement":[{"@type":"ListItem","position":1,"name":"Home","item":"https:\/\/www.naxonet.eu\/hu\/"},{"@type":"ListItem","position":2,"name":"Stormshield","item":"https:\/\/www.naxonet.eu\/hu\/stormshield\/"},{"@type":"ListItem","position":3,"name":"Mi\u00e9rt Stormshield?","item":"https:\/\/www.naxonet.eu\/hu\/stormshield\/miert-stormshield\/"},{"@type":"ListItem","position":4,"name":"R\u00f6vid\u00edt\u00e9sek, kifejez\u00e9sek"}]},{"@type":"WebSite","@id":"https:\/\/www.naxonet.eu\/hu\/#website","url":"https:\/\/www.naxonet.eu\/hu\/","name":"NaxoNet HU","description":"IT. Solution.","potentialAction":[{"@type":"SearchAction","target":{"@type":"EntryPoint","urlTemplate":"https:\/\/www.naxonet.eu\/hu\/?s={search_term_string}"},"query-input":{"@type":"PropertyValueSpecification","valueRequired":true,"valueName":"search_term_string"}}],"inLanguage":"hu"}]}},"_links":{"self":[{"href":"https:\/\/www.naxonet.eu\/hu\/wp-json\/wp\/v2\/pages\/28"}],"collection":[{"href":"https:\/\/www.naxonet.eu\/hu\/wp-json\/wp\/v2\/pages"}],"about":[{"href":"https:\/\/www.naxonet.eu\/hu\/wp-json\/wp\/v2\/types\/page"}],"author":[{"embeddable":true,"href":"https:\/\/www.naxonet.eu\/hu\/wp-json\/wp\/v2\/users\/2"}],"replies":[{"embeddable":true,"href":"https:\/\/www.naxonet.eu\/hu\/wp-json\/wp\/v2\/comments?post=28"}],"version-history":[{"count":1,"href":"https:\/\/www.naxonet.eu\/hu\/wp-json\/wp\/v2\/pages\/28\/revisions"}],"predecessor-version":[{"id":1733,"href":"https:\/\/www.naxonet.eu\/hu\/wp-json\/wp\/v2\/pages\/28\/revisions\/1733"}],"up":[{"embeddable":true,"href":"https:\/\/www.naxonet.eu\/hu\/wp-json\/wp\/v2\/pages\/20"}],"wp:attachment":[{"href":"https:\/\/www.naxonet.eu\/hu\/wp-json\/wp\/v2\/media?parent=28"}],"curies":[{"name":"wp","href":"https:\/\/api.w.org\/{rel}","templated":true}]}}