{"id":782,"date":"2021-07-15T06:32:13","date_gmt":"2021-07-15T05:32:13","guid":{"rendered":"https:\/\/www.naxonet.eu\/hu\/?page_id=782"},"modified":"2025-06-29T08:55:22","modified_gmt":"2025-06-29T06:55:22","slug":"adatvedelmi-tajekoztato","status":"publish","type":"page","link":"https:\/\/www.naxonet.eu\/hu\/adatvedelmi-tajekoztato\/","title":{"rendered":"Adatv\u00e9delmi t\u00e1j\u00e9koztat\u00f3"},"content":{"rendered":"<h2>Bevezet\u0151<\/h2>\n<p class=\"justify\">A NaxoNet Bt. (tov\u00e1bbiakban Szolg\u00e1ltat\u00f3) a felhaszn\u00e1l\u00f3k szem\u00e9lyes adatainak kezel\u00e9se sor\u00e1n a vonatkoz\u00f3 jogszab\u00e1lyoknak teljes k\u00f6r\u0171en eleget tesz, annak \u00e9rdek\u00e9ben, hogy a Szolg\u00e1ltat\u00f3 \u00e1ltal \u00fczemeltetett rendszert a felhaszn\u00e1l\u00f3k \u00e9s a l\u00e1togat\u00f3k biztons\u00e1gosan \u00e9s k\u00e9nyelmesen haszn\u00e1lhass\u00e1k.<\/p>\n<p class=\"justify\">A nyilatkozat kialak\u00edt\u00e1sa sor\u00e1n figyelembe vett\u00fck az erre vonatkoz\u00f3 hat\u00e1lyos jogszab\u00e1lyokat:<\/p>\n<ul class=\"content-ul ul-disc\">\n<li>Szem\u00e9lyes adatok v\u00e9delm\u00e9r\u0151l \u00e9s a k\u00f6z\u00e9rdek\u0171 adatok nyilv\u00e1noss\u00e1g\u00e1r\u00f3l sz\u00f3l\u00f3 1992. \u00e9vi LXIII. t\u00f6rv\u00e9ny,<\/li>\n<li>Egy\u00e9nek v\u00e9delm\u00e9r\u0151l a szem\u00e9lyes adatok g\u00e9pi feldolgoz\u00e1sa sor\u00e1n sz\u00f3l\u00f3 1998. \u00e9vi VI. t\u00f6rv\u00e9ny,<\/li>\n<li>H\u00edrk\u00f6zl\u00e9sr\u0151l sz\u00f3l\u00f3 2001. \u00e9vi XL. t\u00f6rv\u00e9ny VIII. fejezet\u00e9ben foglalt rendelkez\u00e9sek,<\/li>\n<li>H\u00edrk\u00f6zl\u00e9si szolg\u00e1ltat\u00f3 adatkezel\u00e9s\u00e9nek k\u00fcl\u00f6n\u00f6s felt\u00e9teleir\u0151l, a h\u00edrk\u00f6zl\u00e9si szolg\u00e1ltat\u00e1sok adatbiztons\u00e1g\u00e1r\u00f3l, valamint az azonos\u00edt\u00f3-kijelz\u00e9s \u00e9s h\u00edv\u00e1s\u00e1tir\u00e1ny\u00edt\u00e1s szab\u00e1lyair\u00f3l sz\u00f3l\u00f3 253.\/2001. (XII. 18.) korm\u00e1nyrendelet,<\/li>\n<li>Elektronikus kereskedelemr\u0151l sz\u00f3l\u00f3 2001. \u00e9vi CVIII. t\u00f6rv\u00e9ny.<\/li>\n<li>Inform\u00e1ci\u00f3s \u00f6nrendelkez\u00e9si jogr\u00f3l \u00e9s az Inform\u00e1ci\u00f3szabads\u00e1gr\u00f3l sz\u00f3l\u00f3 2011. \u00e9vi CXII. t\u00f6rv\u00e9ny<\/li>\n<li>Eur\u00f3pai Parlament \u00e9s a Tan\u00e1cs (EU) 2016\/679 rendelete (General Data Protection Regulation, GDPR)<\/li>\n<\/ul>\n<h2>Szem\u00e9lyes adatok<\/h2>\n<p class=\"justify\">Az Adatkezel\u0151 gondoskodik az adatok biztons\u00e1g\u00e1r\u00f3l, valamint megteszi azokat a technikai \u00e9s szervez\u00e9si int\u00e9zked\u00e9seket, kialak\u00edtja azokat az elj\u00e1r\u00e1si szab\u00e1lyokat, amelyek a vonatkoz\u00f3 jogszab\u00e1lyi rendelkez\u00e9sek \u00e9rv\u00e9nyre juttat\u00e1s\u00e1hoz sz\u00fcks\u00e9gesek.<\/p>\n<p class=\"justify\">Az adatokat v\u00e9di k\u00fcl\u00f6n\u00f6sen a jogosulatlan hozz\u00e1f\u00e9r\u00e9s, megv\u00e1ltoztat\u00e1s, nyilv\u00e1noss\u00e1gra hoz\u00e1s, vagy t\u00f6rl\u00e9s, illetve s\u00e9r\u00fcl\u00e9s valamint megsemmis\u00fcl\u00e9s ellen.<\/p>\n<p class=\"justify\">C\u00e9g\u00fcnk szolg\u00e1ltat\u00e1sainak ig\u00e9nybev\u00e9tele ig\u00e9nyl\u00e9st vagy regisztr\u00e1ci\u00f3t tesz sz\u00fcks\u00e9gess\u00e9, mely szem\u00e9lyes adatok megad\u00e1s\u00e1val j\u00e1rhat. Ezen adatok k\u00f6zl\u00e9se \u00f6nk\u00e9ntes \u00e9s kiz\u00e1r\u00f3lag a Felhaszn\u00e1l\u00f3 akarat\u00e1b\u00f3l t\u00f6rt\u00e9nik. Az ig\u00e9nyl\u00e9s vagy regisztr\u00e1ci\u00f3 sor\u00e1n megadott adatok val\u00f3dis\u00e1g\u00e1\u00e9rt a Felhaszn\u00e1l\u00f3 v\u00e1llal fels\u0151s\u00e9get. A ig\u00e9nyl\u0151 vagy regisztr\u00e1ci\u00f3s lap kit\u00f6lt\u00e9s\u00e9vel a Felhaszn\u00e1l\u00f3 az \u00e1ltala k\u00f6z\u00f6lt adatoknak az Adatkezel\u0151 \u00e1ltal t\u00f6rt\u00e9n\u0151 kezel\u00e9s\u00e9hez hozz\u00e1j\u00e1rul. Az adatkezel\u00e9s c\u00e9lja a Felhaszn\u00e1l\u00f3k azonos\u00edthat\u00f3s\u00e1g\u00e1nak megval\u00f3s\u00edt\u00e1sa, \u00e9s a szolg\u00e1ltat\u00e1s szem\u00e9lyre szab\u00e1si lehet\u0151s\u00e9g\u00e9nek biztos\u00edt\u00e1sa.<\/p>\n<h2>S\u00fctik (cookies)<\/h2>\n<p class=\"justify\">Az \u00e1ltal\u00e1nos elterjedt internetes gyakorlatnak megfelel\u0151en T\u00e1rsas\u00e1gunk is haszn\u00e1l s\u00fctiket (cookie) a weboldal\u00e1n. A cookie egy kis f\u00e1jl, amely egy sor karaktert tartalmaz \u00e9s amely akkor ker\u00fcl a l\u00e1togat\u00f3 sz\u00e1m\u00edt\u00f3g\u00e9p\u00e9re, amikor az egy webhelyet keres fel. Amikor ism\u00e9t felkeresi az adott webhelyet, a cookie-nak k\u00f6sz\u00f6nhet\u0151en a webhely k\u00e9pes felismerni a l\u00e1togat\u00f3 b\u00f6ng\u00e9sz\u0151j\u00e9t. A cookie-k t\u00e1rolhatnak felhaszn\u00e1l\u00f3i be\u00e1ll\u00edt\u00e1sokat (p\u00e9ld\u00e1ul: v\u00e1lasztott nyelv) \u00e9s egy\u00e9b inform\u00e1ci\u00f3kat is. T\u00f6bbek k\u00f6z\u00f6tt inform\u00e1ci\u00f3t gy\u0171jtenek a l\u00e1togat\u00f3r\u00f3l \u00e9s eszk\u00f6z\u00e9r\u0151l, megjegyzik a l\u00e1togat\u00f3 egy\u00e9ni be\u00e1ll\u00edt\u00e1sait, felhaszn\u00e1l\u00e1sra ker\u00fclhetnek p\u00e9ld\u00e1ul az online bev\u00e1s\u00e1rl\u00f3kosarak haszn\u00e1latakor. A s\u00fctik \u00e1ltal\u00e1noss\u00e1gban megk\u00f6nny\u00edtik a weboldal haszn\u00e1lat\u00e1t, el\u0151seg\u00edtik, hogy a weboldal a felhaszn\u00e1l\u00f3k sz\u00e1m\u00e1ra igazi webes \u00e9lm\u00e9nyt ny\u00fajtson \u00e9s hat\u00e9kony inform\u00e1ci\u00f3forr\u00e1st jelentsen, tov\u00e1bb\u00e1 biztos\u00edtj\u00e1k a weboldal \u00fczemeltet\u0151je r\u00e9sz\u00e9re az oldal m\u0171k\u00f6d\u00e9s\u00e9nek ellen\u0151rz\u00e9s\u00e9t, vissza\u00e9l\u00e9sek megakad\u00e1lyoz\u00e1s\u00e1t \u00e9s a weboldalon ny\u00fajtott szolg\u00e1ltat\u00e1sok zavartalan \u00e9s megfelel\u0151 sz\u00ednvonal\u00fa biztos\u00edt\u00e1s\u00e1t.<\/p>\n<p class=\"justify\">T\u00e1rsas\u00e1gunk honlapja a weboldal haszn\u00e1lata sor\u00e1n a l\u00e1togat\u00f3r\u00f3l, illetve az \u00e1ltala b\u00f6ng\u00e9sz\u00e9sre haszn\u00e1lt eszk\u00f6zr\u0151l az al\u00e1bbi adatokat r\u00f6gz\u00edti \u00e9s kezeli:<\/p>\n<ul class=\"content-ul ul-disc\">\n<li>az l\u00e1togat\u00f3 \u00e1ltal haszn\u00e1lt IP c\u00edm,<\/li>\n<li>a b\u00f6ng\u00e9sz\u0151 t\u00edpusa \u00e9s a b\u00f6ng\u00e9sz\u00e9sre haszn\u00e1lt eszk\u00f6z oper\u00e1ci\u00f3s rendszer\u00e9nek jellemz\u0151i (be\u00e1ll\u00edtott nyelv),<\/li>\n<li>l\u00e1togat\u00e1s id\u0151pontja,<\/li>\n<li>a megl\u00e1togatott (al)oldal, funkci\u00f3 vagy szolg\u00e1ltat\u00e1s.<\/li>\n<\/ul>\n<p>&nbsp;<\/p>\n<p class=\"justify\" style=\"margin-top: -20px;\">A s\u00fctik haszn\u00e1lat\u00e1nak elfogad\u00e1sa, enged\u00e9lyez\u00e9se nem k\u00f6telez\u0151. Vissza\u00e1ll\u00edthatja b\u00f6ng\u00e9sz\u0151je be\u00e1ll\u00edt\u00e1sait, hogy az utas\u00edtsa el az \u00f6sszes cookie-t, vagy hogy jelezze, ha a rendszer \u00e9ppen egy cookie-t k\u00fcld. A legt\u00f6bb b\u00f6ng\u00e9sz\u0151 ugyan alap\u00e9rtelmezettk\u00e9nt automatikusan elfogadja a s\u00fctiket, de ezek \u00e1ltal\u00e1ban megv\u00e1ltoztathat\u00f3ak annak \u00e9rdek\u00e9ben, hogy megakad\u00e1lyozhat\u00f3 legyen az automatikus elfogad\u00e1s \u00e9s minden alkalommal felaj\u00e1nlja a v\u00e1laszt\u00e1s lehet\u0151s\u00e9g\u00e9t. <a class=\"color1\" href=\"https:\/\/www.naxonet.eu\/hu\/adatvedelmi-tajekoztato\/suti-tajekoztato\/\">B\u0151vebben itt.<\/a><\/p>\n<h2>Automatikusan keletkez\u0151 adatok (napl\u00f3\u00e1llom\u00e1nyok)<\/h2>\n<p class=\"justify\">A szolg\u00e1ltat\u00e1sok sor\u00e1n keletkez\u0151 napl\u00f3\u00e1llom\u00e1nyok elemz\u00e9se fontos inform\u00e1ci\u00f3kat ny\u00fajt a szolg\u00e1ltat\u00f3 sz\u00e1m\u00e1ra. A kiszolg\u00e1l\u00f3 szerver b\u00e1rmilyen f\u00e1jlfelt\u00f6lt\u00e9s vagy megtekint\u00e9s eset\u00e9n r\u00f6gz\u00edti a k\u00e9r\u00e9s d\u00e1tum\u00e1t, a l\u00e1togat\u00f3 IP c\u00edm\u00e9t, k\u00e9r\u00e9s t\u00edpus\u00e1t, id\u0151pontj\u00e1t, szerverr\u0151l lek\u00e9rt URL-t, (hiba vagy hi\u00e1nyz\u00f3 f\u00e1jl eset\u00e9n az el nem \u00e9rt URL-t),haszn\u00e1lt b\u00f6ng\u00e9sz\u0151 t\u00edpus\u00e1t. Az ilyen inform\u00e1ci\u00f3k szem\u00e9lyes azonos\u00edt\u00e1sra nem alkalmasak. Ezeket az adatokat az oldalstatisztik\u00e1k k\u00e9sz\u00edt\u00e9s\u00e9hez, a szolg\u00e1ltat\u00e1sok adminisztr\u00e1l\u00e1s\u00e1hoz, a l\u00e1togat\u00f3k szok\u00e1sainak elemz\u00e9s\u00e9hez haszn\u00e1ljuk fel, melyek szolg\u00e1ltat\u00e1saink sz\u00ednvonal\u00e1nak emel\u00e9s\u00e9t seg\u00edtik el\u0151.<\/p>\n<p class=\"justify\">Az \u00edgy keletkez\u0151 adathalmaz szem\u00e9lyes azonos\u00edt\u00e1sra alkalmas, m\u00e1s forr\u00e1sb\u00f3l sz\u00e1rmaz\u00f3 inform\u00e1ci\u00f3kkal nem kapcsoljuk \u00f6ssze.<\/p>\n<p class=\"justify\">Az adatkezel\u00e9s c\u00e9lja a rendszer biztons\u00e1gos \u00e9s folyamatos m\u0171k\u00f6d\u00e9s\u00e9nek biztos\u00edt\u00e1sa. Az Adatkezel\u0151 \u00e1ltal kezelt adatokhoz kiz\u00e1r\u00f3lag az Adatkezel\u0151 f\u00e9rhet hozz\u00e1. A fent le\u00edrt adatok (\u00e9s napl\u00f3\u00e1llom\u00e1nyok) keletkeztet\u00e9s\u00e9hez \u00e9s kezel\u00e9s\u00e9hez a Felhaszn\u00e1l\u00f3 a szolg\u00e1ltat\u00e1s ig\u00e9nybev\u00e9tel\u00e9vel hozz\u00e1j\u00e1rul.<\/p>\n<h2>Adatok felhaszn\u00e1l\u00e1sa<\/h2>\n<p class=\"justify\">Az Adatkezel\u0151 a rendelkez\u00e9s\u00e9re \u00e1ll\u00f3 fenti adatokat &#8211; am\u00edg azok szem\u00e9lyes adat jellege megmarad &#8211; harmadik szem\u00e9ly r\u00e9sz\u00e9re nem adja ki.<\/p>\n<p class=\"justify\"><strong>Ez al\u00f3l kiv\u00e9telt k\u00e9peznek a k\u00f6vetkez\u0151 esetek<\/strong><\/p>\n<ul class=\"content-ul ul-disc\">\n<li>ha Szolg\u00e1ltat\u00f3 jogi, illetve gazdas\u00e1gi k\u00e9pviselet\u00e9t ell\u00e1t\u00f3 c\u00e9gek vagy szem\u00e9lyek k\u00e9rik,<\/li>\n<li>ha azokat jogszab\u00e1lyban erre feljogos\u00edtott \u00e1llami szerv hivatalos elj\u00e1r\u00e1sa sor\u00e1n k\u00e9ri,<\/li>\n<li>ha harmadik szem\u00e9ly vagy az Adatkezel\u0151 jogai vagy t\u00f6rv\u00e9nyes \u00e9rdekei v\u00e9delm\u00e9ben polg\u00e1ri peres vagy mag\u00e1nv\u00e1das b\u00fcntet\u0151elj\u00e1r\u00e1st k\u00edv\u00e1n a Felhaszn\u00e1l\u00f3 ellen ind\u00edtani,<\/li>\n<li>ha az Adatkezel\u0151 a Felhaszn\u00e1l\u00f3val szemben b\u00fcntet\u0151elj\u00e1r\u00e1st k\u00edv\u00e1n kezdem\u00e9nyezni sz\u00e1m\u00edt\u00f3g\u00e9pes csal\u00e1s miatt.<\/li>\n<\/ul>\n<p class=\"justify\">C\u00e9g\u00fcnk az adatok biztons\u00e1g\u00e1\u00e9rt \u00e9s weboldal el\u00e9rhet\u0151s\u00e9g\u00e9nek biztos\u00edt\u00e1s\u00e1\u00e9rt a t\u0151le elv\u00e1rhat\u00f3 m\u00f3don mindent megtesz. C\u00e9g\u00fcnk nem v\u00e1llal semmilyen felel\u0151ss\u00e9get\/k\u00f6telezetts\u00e9get az internet jelleg\u00e9b\u0151l ad\u00f3d\u00f3 technikai hib\u00e1k\u00e9rt, el\u00edr\u00e1sok\u00e9rt. A weboldalunkon tal\u00e1lhat\u00f3 \u00e1rak, inform\u00e1ci\u00f3k t\u00e1j\u00e9koztat\u00f3 jelleg\u0171ek \u00e9s nem tekinthet\u0151ek hivatalos aj\u00e1nlatnak. Amennyiben tov\u00e1bbi k\u00e9rd\u00e9se, panasza van az adatkezel\u00e9s\u00fcnket illet\u0151en, k\u00e9rem <a class=\"content-link strong\" href=\"https:\/\/www.naxonet.eu\/hu\/kapcsolat\/\">l\u00e9pjen vel\u00fcnk kapcsolatba<\/a> az el\u00e9rhet\u0151s\u00e9geinken kereszt\u00fcl.<\/p>\n","protected":false},"excerpt":{"rendered":"<p>Bevezet\u0151 A NaxoNet Bt. (tov\u00e1bbiakban Szolg\u00e1ltat\u00f3) a felhaszn\u00e1l\u00f3k szem\u00e9lyes adatainak kezel\u00e9se sor\u00e1n a vonatkoz\u00f3 jogszab\u00e1lyoknak teljes k\u00f6r\u0171en eleget tesz, annak \u00e9rdek\u00e9ben, hogy a Szolg\u00e1ltat\u00f3 \u00e1ltal \u00fczemeltetett rendszert a felhaszn\u00e1l\u00f3k \u00e9s a l\u00e1togat\u00f3k biztons\u00e1gosan \u00e9s k\u00e9nyelmesen haszn\u00e1lhass\u00e1k. A nyilatkozat kialak\u00edt\u00e1sa sor\u00e1n figyelembe vett\u00fck az erre vonatkoz\u00f3 hat\u00e1lyos jogszab\u00e1lyokat: Szem\u00e9lyes adatok v\u00e9delm\u00e9r\u0151l \u00e9s a k\u00f6z\u00e9rdek\u0171 adatok nyilv\u00e1noss\u00e1g\u00e1r\u00f3l &#8230; <a title=\"Adatv\u00e9delmi t\u00e1j\u00e9koztat\u00f3\" class=\"read-more\" href=\"https:\/\/www.naxonet.eu\/hu\/adatvedelmi-tajekoztato\/\" aria-label=\"Read more about Adatv\u00e9delmi t\u00e1j\u00e9koztat\u00f3\">Olvass tov\u00e1bb<\/a><\/p>\n","protected":false},"author":1,"featured_media":0,"parent":0,"menu_order":1920,"comment_status":"closed","ping_status":"closed","template":"","meta":{"footnotes":""},"class_list":["post-782","page","type-page","status-publish"],"yoast_head":"<!-- This site is optimized with the Yoast SEO plugin v24.6 - https:\/\/yoast.com\/wordpress\/plugins\/seo\/ -->\n<title>Adatv\u00e9delmi t\u00e1j\u00e9koztat\u00f3 - NaxoNet HU<\/title>\n<meta name=\"robots\" content=\"index, follow, max-snippet:-1, max-image-preview:large, max-video-preview:-1\" \/>\n<link rel=\"canonical\" href=\"https:\/\/www.naxonet.eu\/hu\/adatvedelmi-tajekoztato\/\" \/>\n<meta property=\"og:locale\" content=\"hu_HU\" \/>\n<meta property=\"og:type\" content=\"article\" \/>\n<meta property=\"og:title\" content=\"Adatv\u00e9delmi t\u00e1j\u00e9koztat\u00f3 - NaxoNet HU\" \/>\n<meta property=\"og:description\" content=\"Bevezet\u0151 A NaxoNet Bt. (tov\u00e1bbiakban Szolg\u00e1ltat\u00f3) a felhaszn\u00e1l\u00f3k szem\u00e9lyes adatainak kezel\u00e9se sor\u00e1n a vonatkoz\u00f3 jogszab\u00e1lyoknak teljes k\u00f6r\u0171en eleget tesz, annak \u00e9rdek\u00e9ben, hogy a Szolg\u00e1ltat\u00f3 \u00e1ltal \u00fczemeltetett rendszert a felhaszn\u00e1l\u00f3k \u00e9s a l\u00e1togat\u00f3k biztons\u00e1gosan \u00e9s k\u00e9nyelmesen haszn\u00e1lhass\u00e1k. A nyilatkozat kialak\u00edt\u00e1sa sor\u00e1n figyelembe vett\u00fck az erre vonatkoz\u00f3 hat\u00e1lyos jogszab\u00e1lyokat: Szem\u00e9lyes adatok v\u00e9delm\u00e9r\u0151l \u00e9s a k\u00f6z\u00e9rdek\u0171 adatok nyilv\u00e1noss\u00e1g\u00e1r\u00f3l ... Olvass tov\u00e1bb\" \/>\n<meta property=\"og:url\" content=\"https:\/\/www.naxonet.eu\/hu\/adatvedelmi-tajekoztato\/\" \/>\n<meta property=\"og:site_name\" content=\"NaxoNet HU\" \/>\n<meta property=\"article:modified_time\" content=\"2025-06-29T06:55:22+00:00\" \/>\n<meta name=\"twitter:card\" content=\"summary_large_image\" \/>\n<meta name=\"twitter:label1\" content=\"Becs\u00fclt olvas\u00e1si id\u0151\" \/>\n\t<meta name=\"twitter:data1\" content=\"4 perc\" \/>\n<script type=\"application\/ld+json\" class=\"yoast-schema-graph\">{\"@context\":\"https:\/\/schema.org\",\"@graph\":[{\"@type\":\"WebPage\",\"@id\":\"https:\/\/www.naxonet.eu\/hu\/adatvedelmi-tajekoztato\/\",\"url\":\"https:\/\/www.naxonet.eu\/hu\/adatvedelmi-tajekoztato\/\",\"name\":\"Adatv\u00e9delmi t\u00e1j\u00e9koztat\u00f3 - NaxoNet HU\",\"isPartOf\":{\"@id\":\"https:\/\/www.naxonet.eu\/hu\/#website\"},\"datePublished\":\"2021-07-15T05:32:13+00:00\",\"dateModified\":\"2025-06-29T06:55:22+00:00\",\"breadcrumb\":{\"@id\":\"https:\/\/www.naxonet.eu\/hu\/adatvedelmi-tajekoztato\/#breadcrumb\"},\"inLanguage\":\"hu\",\"potentialAction\":[{\"@type\":\"ReadAction\",\"target\":[\"https:\/\/www.naxonet.eu\/hu\/adatvedelmi-tajekoztato\/\"]}]},{\"@type\":\"BreadcrumbList\",\"@id\":\"https:\/\/www.naxonet.eu\/hu\/adatvedelmi-tajekoztato\/#breadcrumb\",\"itemListElement\":[{\"@type\":\"ListItem\",\"position\":1,\"name\":\"Home\",\"item\":\"https:\/\/www.naxonet.eu\/hu\/\"},{\"@type\":\"ListItem\",\"position\":2,\"name\":\"Adatv\u00e9delmi t\u00e1j\u00e9koztat\u00f3\"}]},{\"@type\":\"WebSite\",\"@id\":\"https:\/\/www.naxonet.eu\/hu\/#website\",\"url\":\"https:\/\/www.naxonet.eu\/hu\/\",\"name\":\"NaxoNet HU\",\"description\":\"IT. Solution.\",\"potentialAction\":[{\"@type\":\"SearchAction\",\"target\":{\"@type\":\"EntryPoint\",\"urlTemplate\":\"https:\/\/www.naxonet.eu\/hu\/?s={search_term_string}\"},\"query-input\":{\"@type\":\"PropertyValueSpecification\",\"valueRequired\":true,\"valueName\":\"search_term_string\"}}],\"inLanguage\":\"hu\"}]}<\/script>\n<!-- \/ Yoast SEO plugin. -->","yoast_head_json":{"title":"Adatv\u00e9delmi t\u00e1j\u00e9koztat\u00f3 - NaxoNet HU","robots":{"index":"index","follow":"follow","max-snippet":"max-snippet:-1","max-image-preview":"max-image-preview:large","max-video-preview":"max-video-preview:-1"},"canonical":"https:\/\/www.naxonet.eu\/hu\/adatvedelmi-tajekoztato\/","og_locale":"hu_HU","og_type":"article","og_title":"Adatv\u00e9delmi t\u00e1j\u00e9koztat\u00f3 - NaxoNet HU","og_description":"Bevezet\u0151 A NaxoNet Bt. (tov\u00e1bbiakban Szolg\u00e1ltat\u00f3) a felhaszn\u00e1l\u00f3k szem\u00e9lyes adatainak kezel\u00e9se sor\u00e1n a vonatkoz\u00f3 jogszab\u00e1lyoknak teljes k\u00f6r\u0171en eleget tesz, annak \u00e9rdek\u00e9ben, hogy a Szolg\u00e1ltat\u00f3 \u00e1ltal \u00fczemeltetett rendszert a felhaszn\u00e1l\u00f3k \u00e9s a l\u00e1togat\u00f3k biztons\u00e1gosan \u00e9s k\u00e9nyelmesen haszn\u00e1lhass\u00e1k. A nyilatkozat kialak\u00edt\u00e1sa sor\u00e1n figyelembe vett\u00fck az erre vonatkoz\u00f3 hat\u00e1lyos jogszab\u00e1lyokat: Szem\u00e9lyes adatok v\u00e9delm\u00e9r\u0151l \u00e9s a k\u00f6z\u00e9rdek\u0171 adatok nyilv\u00e1noss\u00e1g\u00e1r\u00f3l ... Olvass tov\u00e1bb","og_url":"https:\/\/www.naxonet.eu\/hu\/adatvedelmi-tajekoztato\/","og_site_name":"NaxoNet HU","article_modified_time":"2025-06-29T06:55:22+00:00","twitter_card":"summary_large_image","twitter_misc":{"Becs\u00fclt olvas\u00e1si id\u0151":"4 perc"},"schema":{"@context":"https:\/\/schema.org","@graph":[{"@type":"WebPage","@id":"https:\/\/www.naxonet.eu\/hu\/adatvedelmi-tajekoztato\/","url":"https:\/\/www.naxonet.eu\/hu\/adatvedelmi-tajekoztato\/","name":"Adatv\u00e9delmi t\u00e1j\u00e9koztat\u00f3 - NaxoNet HU","isPartOf":{"@id":"https:\/\/www.naxonet.eu\/hu\/#website"},"datePublished":"2021-07-15T05:32:13+00:00","dateModified":"2025-06-29T06:55:22+00:00","breadcrumb":{"@id":"https:\/\/www.naxonet.eu\/hu\/adatvedelmi-tajekoztato\/#breadcrumb"},"inLanguage":"hu","potentialAction":[{"@type":"ReadAction","target":["https:\/\/www.naxonet.eu\/hu\/adatvedelmi-tajekoztato\/"]}]},{"@type":"BreadcrumbList","@id":"https:\/\/www.naxonet.eu\/hu\/adatvedelmi-tajekoztato\/#breadcrumb","itemListElement":[{"@type":"ListItem","position":1,"name":"Home","item":"https:\/\/www.naxonet.eu\/hu\/"},{"@type":"ListItem","position":2,"name":"Adatv\u00e9delmi t\u00e1j\u00e9koztat\u00f3"}]},{"@type":"WebSite","@id":"https:\/\/www.naxonet.eu\/hu\/#website","url":"https:\/\/www.naxonet.eu\/hu\/","name":"NaxoNet HU","description":"IT. Solution.","potentialAction":[{"@type":"SearchAction","target":{"@type":"EntryPoint","urlTemplate":"https:\/\/www.naxonet.eu\/hu\/?s={search_term_string}"},"query-input":{"@type":"PropertyValueSpecification","valueRequired":true,"valueName":"search_term_string"}}],"inLanguage":"hu"}]}},"_links":{"self":[{"href":"https:\/\/www.naxonet.eu\/hu\/wp-json\/wp\/v2\/pages\/782"}],"collection":[{"href":"https:\/\/www.naxonet.eu\/hu\/wp-json\/wp\/v2\/pages"}],"about":[{"href":"https:\/\/www.naxonet.eu\/hu\/wp-json\/wp\/v2\/types\/page"}],"author":[{"embeddable":true,"href":"https:\/\/www.naxonet.eu\/hu\/wp-json\/wp\/v2\/users\/1"}],"replies":[{"embeddable":true,"href":"https:\/\/www.naxonet.eu\/hu\/wp-json\/wp\/v2\/comments?post=782"}],"version-history":[{"count":3,"href":"https:\/\/www.naxonet.eu\/hu\/wp-json\/wp\/v2\/pages\/782\/revisions"}],"predecessor-version":[{"id":1007,"href":"https:\/\/www.naxonet.eu\/hu\/wp-json\/wp\/v2\/pages\/782\/revisions\/1007"}],"wp:attachment":[{"href":"https:\/\/www.naxonet.eu\/hu\/wp-json\/wp\/v2\/media?parent=782"}],"curies":[{"name":"wp","href":"https:\/\/api.w.org\/{rel}","templated":true}]}}